{"id":7492,"date":"2020-11-02T17:45:35","date_gmt":"2020-11-02T17:45:35","guid":{"rendered":"https:\/\/oldims.nexodreams.com\/admissions-process\/"},"modified":"2024-11-05T21:48:32","modified_gmt":"2024-11-05T21:48:32","slug":"admissions-process","status":"publish","type":"page","link":"https:\/\/oldims.nexodreams.com\/es\/admissions-process\/","title":{"rendered":"Proceso de Admisi\u00f3n"},"content":{"rendered":"<style>.kb-row-layout-id7492_42ffc7-7f > .kt-row-column-wrap{align-content:start;}:where(.kb-row-layout-id7492_42ffc7-7f > .kt-row-column-wrap) > .wp-block-kadence-column{justify-content:start;}.kb-row-layout-id7492_42ffc7-7f > .kt-row-column-wrap{column-gap:var(--global-kb-gap-md, 2rem);row-gap:var(--global-kb-gap-md, 2rem);padding-top:var(--global-kb-spacing-xl, 4rem);padding-bottom:var(--global-kb-spacing-sm, 1.5rem);padding-left:var(--global-kb-spacing-xxl, 5rem);grid-template-columns:minmax(0, 1fr);}.kb-row-layout-id7492_42ffc7-7f > .kt-row-layout-overlay{opacity:0.30;}@media all and (max-width: 1024px){.kb-row-layout-id7492_42ffc7-7f > .kt-row-column-wrap{grid-template-columns:minmax(0, 1fr);}}@media all and (max-width: 767px){.kb-row-layout-id7492_42ffc7-7f > .kt-row-column-wrap{padding-left:var(--global-kb-spacing-xxs, 0.5rem);grid-template-columns:minmax(0, 1fr);}}<\/style><div class=\"kb-row-layout-wrap kb-row-layout-id7492_42ffc7-7f alignnone wp-block-kadence-rowlayout\"><div class=\"kt-row-column-wrap kt-has-1-columns kt-row-layout-equal kt-tab-layout-inherit kt-mobile-layout-row kt-row-valign-top\">\n<style>.kadence-column7492_90bb02-79 > .kt-inside-inner-col,.kadence-column7492_90bb02-79 > .kt-inside-inner-col:before{border-top-left-radius:0px;border-top-right-radius:0px;border-bottom-right-radius:0px;border-bottom-left-radius:0px;}.kadence-column7492_90bb02-79 > .kt-inside-inner-col{column-gap:var(--global-kb-gap-sm, 1rem);}.kadence-column7492_90bb02-79 > .kt-inside-inner-col{flex-direction:column;}.kadence-column7492_90bb02-79 > .kt-inside-inner-col > .aligncenter{width:100%;}.kadence-column7492_90bb02-79 > .kt-inside-inner-col:before{opacity:0.3;}.kadence-column7492_90bb02-79{position:relative;}@media all and (max-width: 1024px){.kadence-column7492_90bb02-79 > .kt-inside-inner-col{flex-direction:column;justify-content:center;}}@media all and (max-width: 767px){.kadence-column7492_90bb02-79 > .kt-inside-inner-col{flex-direction:column;justify-content:center;}}<\/style>\n<div class=\"wp-block-kadence-column kadence-column7492_90bb02-79\"><div class=\"kt-inside-inner-col\"><style>.wp-block-kadence-advancedheading.kt-adv-heading7492_dda0c3-27, .wp-block-kadence-advancedheading.kt-adv-heading7492_dda0c3-27[data-kb-block=\"kb-adv-heading7492_dda0c3-27\"]{text-align:center;font-style:normal;}.wp-block-kadence-advancedheading.kt-adv-heading7492_dda0c3-27 mark.kt-highlight, .wp-block-kadence-advancedheading.kt-adv-heading7492_dda0c3-27[data-kb-block=\"kb-adv-heading7492_dda0c3-27\"] mark.kt-highlight{font-style:normal;color:#f76a0c;-webkit-box-decoration-break:clone;box-decoration-break:clone;padding-top:0px;padding-right:0px;padding-bottom:0px;padding-left:0px;}@media all and (max-width: 767px){.wp-block-kadence-advancedheading.kt-adv-heading7492_dda0c3-27, .wp-block-kadence-advancedheading.kt-adv-heading7492_dda0c3-27[data-kb-block=\"kb-adv-heading7492_dda0c3-27\"]{font-size:var(--global-kb-font-size-xl, 3rem);}}<\/style>\n<h1 class=\"kt-adv-heading7492_dda0c3-27 wp-block-kadence-advancedheading\" data-kb-block=\"kb-adv-heading7492_dda0c3-27\">Proceso de Admisi\u00f3n<\/h1>\n<\/div><\/div>\n\n<\/div><\/div>\n\n<style>.kb-row-layout-id7492_dca448-89 > .kt-row-column-wrap{align-content:start;}:where(.kb-row-layout-id7492_dca448-89 > .kt-row-column-wrap) > .wp-block-kadence-column{justify-content:start;}.kb-row-layout-id7492_dca448-89 > .kt-row-column-wrap{column-gap:var(--global-kb-gap-md, 2rem);row-gap:var(--global-kb-gap-md, 2rem);padding-bottom:var(--global-kb-spacing-sm, 1.5rem);grid-template-columns:minmax(0, 1fr);}.kb-row-layout-id7492_dca448-89 > .kt-row-layout-overlay{opacity:0.30;}@media all and (max-width: 1024px){.kb-row-layout-id7492_dca448-89 > .kt-row-column-wrap{grid-template-columns:minmax(0, 1fr);}}@media all and (max-width: 767px){.kb-row-layout-id7492_dca448-89 > .kt-row-column-wrap{padding-top:var(--global-kb-spacing-xxs, 0.5rem);grid-template-columns:minmax(0, 1fr);}}<\/style><div class=\"kb-row-layout-wrap kb-row-layout-id7492_dca448-89 alignfull wp-block-kadence-rowlayout\"><div class=\"kt-row-column-wrap kt-has-1-columns kt-row-layout-equal kt-tab-layout-inherit kt-mobile-layout-row kt-row-valign-top\">\n<style>.kadence-column7492_940c21-6c > .kt-inside-inner-col,.kadence-column7492_940c21-6c > .kt-inside-inner-col:before{border-top-left-radius:0px;border-top-right-radius:0px;border-bottom-right-radius:0px;border-bottom-left-radius:0px;}.kadence-column7492_940c21-6c > .kt-inside-inner-col{column-gap:var(--global-kb-gap-sm, 1rem);}.kadence-column7492_940c21-6c > .kt-inside-inner-col{flex-direction:column;}.kadence-column7492_940c21-6c > .kt-inside-inner-col > .aligncenter{width:100%;}.kadence-column7492_940c21-6c > .kt-inside-inner-col:before{opacity:0.3;}.kadence-column7492_940c21-6c{position:relative;}@media all and (max-width: 1024px){.kadence-column7492_940c21-6c > .kt-inside-inner-col{flex-direction:column;justify-content:center;}}@media all and (max-width: 767px){.kadence-column7492_940c21-6c > .kt-inside-inner-col{flex-direction:column;justify-content:center;}}<\/style>\n<div class=\"wp-block-kadence-column kadence-column7492_940c21-6c\"><div class=\"kt-inside-inner-col\"><style>.kb-image7492_d4e322-d9:not(.kb-image-is-ratio-size) .kb-img, .kb-image7492_d4e322-d9.kb-image-is-ratio-size{padding-right:var(--global-kb-spacing-xl, 4rem);padding-left:var(--global-kb-spacing-xl, 4rem);}.kb-image7492_d4e322-d9 .kb-image-has-overlay:after{opacity:0.3;}<\/style>\n<div class=\"wp-block-kadence-image kb-image7492_d4e322-d9\"><figure class=\"aligncenter kb-image-is-ratio-size\"><div class=\"kb-is-ratio-image kb-image-ratio-land169\"><img decoding=\"async\" src=\"https:\/\/oldims.nexodreams.com\/wp-content\/uploads\/2020\/11\/Screenshot-2020-11-25-at-11.31.48-1024x683.jpg\" alt=\"International Montessori School Sotogrande\" class=\"kb-img\"\/><\/div><\/figure><\/div>\n<\/div><\/div>\n\n<\/div><\/div>\n\n<style>.kb-row-layout-id7492_0ee65c-a6 > .kt-row-column-wrap{align-content:start;}:where(.kb-row-layout-id7492_0ee65c-a6 > .kt-row-column-wrap) > .wp-block-kadence-column{justify-content:start;}.kb-row-layout-id7492_0ee65c-a6 > .kt-row-column-wrap{column-gap:var(--global-kb-gap-md, 2rem);row-gap:var(--global-kb-gap-md, 2rem);padding-top:var(--global-kb-spacing-md, 2rem);padding-right:var(--global-kb-spacing-sm, 1.5rem);padding-bottom:var(--global-kb-spacing-lg, 3rem);padding-left:var(--global-kb-spacing-xxl, 5rem);grid-template-columns:minmax(0, 1fr);}.kb-row-layout-id7492_0ee65c-a6 > .kt-row-layout-overlay{opacity:0.30;}@media all and (max-width: 1024px){.kb-row-layout-id7492_0ee65c-a6 > .kt-row-column-wrap{grid-template-columns:minmax(0, 1fr);}}@media all and (max-width: 767px){.kb-row-layout-id7492_0ee65c-a6 > .kt-row-column-wrap{padding-right:var(--global-kb-spacing-xs, 1rem);padding-left:var(--global-kb-spacing-xs, 1rem);grid-template-columns:minmax(0, 1fr);}}<\/style><div class=\"kb-row-layout-wrap kb-row-layout-id7492_0ee65c-a6 alignnone wp-block-kadence-rowlayout\"><div class=\"kt-row-column-wrap kt-has-1-columns kt-row-layout-equal kt-tab-layout-inherit kt-mobile-layout-row kt-row-valign-top\">\n<style>.kadence-column7492_9c963f-cf > .kt-inside-inner-col,.kadence-column7492_9c963f-cf > .kt-inside-inner-col:before{border-top-left-radius:0px;border-top-right-radius:0px;border-bottom-right-radius:0px;border-bottom-left-radius:0px;}.kadence-column7492_9c963f-cf > .kt-inside-inner-col{column-gap:var(--global-kb-gap-sm, 1rem);}.kadence-column7492_9c963f-cf > .kt-inside-inner-col{flex-direction:column;}.kadence-column7492_9c963f-cf > .kt-inside-inner-col > .aligncenter{width:100%;}.kadence-column7492_9c963f-cf > .kt-inside-inner-col:before{opacity:0.3;}.kadence-column7492_9c963f-cf{position:relative;}@media all and (max-width: 1024px){.kadence-column7492_9c963f-cf > .kt-inside-inner-col{flex-direction:column;justify-content:center;}}@media all and (max-width: 767px){.kadence-column7492_9c963f-cf > .kt-inside-inner-col{flex-direction:column;justify-content:center;}}<\/style>\n<div class=\"wp-block-kadence-column kadence-column7492_9c963f-cf\"><div class=\"kt-inside-inner-col\"><style>.wp-block-kadence-advancedheading.kt-adv-heading7492_ca8cb5-fb, .wp-block-kadence-advancedheading.kt-adv-heading7492_ca8cb5-fb[data-kb-block=\"kb-adv-heading7492_ca8cb5-fb\"]{font-style:normal;}.wp-block-kadence-advancedheading.kt-adv-heading7492_ca8cb5-fb mark.kt-highlight, .wp-block-kadence-advancedheading.kt-adv-heading7492_ca8cb5-fb[data-kb-block=\"kb-adv-heading7492_ca8cb5-fb\"] mark.kt-highlight{font-style:normal;color:#f76a0c;-webkit-box-decoration-break:clone;box-decoration-break:clone;padding-top:0px;padding-right:0px;padding-bottom:0px;padding-left:0px;}<\/style>\n<p class=\"kt-adv-heading7492_ca8cb5-fb wp-block-kadence-advancedheading\" data-kb-block=\"kb-adv-heading7492_ca8cb5-fb\">Ahora que ha visitado nuestro sitio web, esperamos que le guste lo que ha visto y que desee explorar m\u00e1s nuestra escuela.<\/p>\n\n\n<style>.wp-block-kadence-advancedheading.kt-adv-heading7492_778a99-00, .wp-block-kadence-advancedheading.kt-adv-heading7492_778a99-00[data-kb-block=\"kb-adv-heading7492_778a99-00\"]{font-style:normal;}.wp-block-kadence-advancedheading.kt-adv-heading7492_778a99-00 mark.kt-highlight, .wp-block-kadence-advancedheading.kt-adv-heading7492_778a99-00[data-kb-block=\"kb-adv-heading7492_778a99-00\"] mark.kt-highlight{font-style:normal;color:#f76a0c;-webkit-box-decoration-break:clone;box-decoration-break:clone;padding-top:0px;padding-right:0px;padding-bottom:0px;padding-left:0px;}<\/style>\n<p class=\"kt-adv-heading7492_778a99-00 wp-block-kadence-advancedheading\" data-kb-block=\"kb-adv-heading7492_778a99-00\">Estamos abiertos a solicitudes de todas las nacionalidades y capacidades. Una vez que se haya familiarizado con la educaci\u00f3n Montessori biling\u00fce que ofrecemos, leyendo nuestro sitio web, por favor siga los pasos a continuaci\u00f3n:<\/p>\n\n\n\n<ol class=\"wp-block-list\">\n<li>Complete el formulario de consulta en l\u00ednea.<\/li>\n\n\n\n<li>Organice una visita con nuestro coordinador educativo. Esta visita durar\u00e1 aproximadamente una hora y no solo se le mostrar\u00e1n las instalaciones y la escuela en acci\u00f3n, sino tambi\u00e9n los beneficios de una educaci\u00f3n Montessori biling\u00fce.<\/li>\n\n\n\n<li>A los ni\u00f1os que soliciten la etapa de Primaria (de 6 a 9 a\u00f1os) se les pedir\u00e1 que vengan a conocer al maestro y pasen un corto tiempo en el aula.<\/li>\n\n\n\n<li>Se le enviar\u00e1 una oferta de plaza y, al aceptarla, deber\u00e1 pagar la Tarifa de Inscripci\u00f3n y proporcionar la siguiente documentaci\u00f3n: una copia del NIE\/Pasaporte del padre y una copia del NIE del estudiante.<\/li>\n<\/ol>\n<\/div><\/div>\n\n<\/div><\/div>\n\n<style>.kb-row-layout-id8232_0cabc3-c4 > .kt-row-column-wrap{align-content:start;}:where(.kb-row-layout-id8232_0cabc3-c4 > .kt-row-column-wrap) > .wp-block-kadence-column{justify-content:start;}.kb-row-layout-id8232_0cabc3-c4 > .kt-row-column-wrap{column-gap:var(--global-kb-gap-md, 2rem);row-gap:var(--global-kb-gap-md, 2rem);padding-top:var(--global-kb-spacing-xl, 4rem);padding-bottom:var(--global-kb-spacing-lg, 3rem);grid-template-columns:minmax(0, 1fr);}.kb-row-layout-id8232_0cabc3-c4 > .kt-row-layout-overlay{opacity:0.30;}@media all and (max-width: 1024px){.kb-row-layout-id8232_0cabc3-c4 > .kt-row-column-wrap{grid-template-columns:minmax(0, 1fr);}}@media all and (max-width: 767px){.kb-row-layout-id8232_0cabc3-c4 > .kt-row-column-wrap{grid-template-columns:minmax(0, 1fr);}}<\/style><div class=\"kb-row-layout-wrap kb-row-layout-id8232_0cabc3-c4 alignfull has-theme-palette1-background-color kt-row-has-bg wp-block-kadence-rowlayout\"><div class=\"kt-row-column-wrap kt-has-1-columns kt-row-layout-equal kt-tab-layout-inherit kt-mobile-layout-row kt-row-valign-top\">\n<style>.kadence-column8232_9404bb-2a > .kt-inside-inner-col,.kadence-column8232_9404bb-2a > .kt-inside-inner-col:before{border-top-left-radius:0px;border-top-right-radius:0px;border-bottom-right-radius:0px;border-bottom-left-radius:0px;}.kadence-column8232_9404bb-2a > .kt-inside-inner-col{column-gap:var(--global-kb-gap-sm, 1rem);}.kadence-column8232_9404bb-2a > .kt-inside-inner-col{flex-direction:column;}.kadence-column8232_9404bb-2a > .kt-inside-inner-col > .aligncenter{width:100%;}.kadence-column8232_9404bb-2a > .kt-inside-inner-col:before{opacity:0.3;}.kadence-column8232_9404bb-2a{position:relative;}@media all and (max-width: 1024px){.kadence-column8232_9404bb-2a > .kt-inside-inner-col{flex-direction:column;justify-content:center;}}@media all and (max-width: 767px){.kadence-column8232_9404bb-2a > .kt-inside-inner-col{flex-direction:column;justify-content:center;}}<\/style>\n<div class=\"wp-block-kadence-column kadence-column8232_9404bb-2a\"><div class=\"kt-inside-inner-col\"><style>.wp-block-kadence-advancedheading.kt-adv-heading8232_663e57-06, .wp-block-kadence-advancedheading.kt-adv-heading8232_663e57-06[data-kb-block=\"kb-adv-heading8232_663e57-06\"]{text-align:center;font-style:normal;}.wp-block-kadence-advancedheading.kt-adv-heading8232_663e57-06 mark.kt-highlight, .wp-block-kadence-advancedheading.kt-adv-heading8232_663e57-06[data-kb-block=\"kb-adv-heading8232_663e57-06\"] mark.kt-highlight{font-style:normal;color:#f76a0c;-webkit-box-decoration-break:clone;box-decoration-break:clone;padding-top:0px;padding-right:0px;padding-bottom:0px;padding-left:0px;}<\/style>\n<h2 class=\"kt-adv-heading8232_663e57-06 wp-block-kadence-advancedheading has-theme-palette-2-color has-text-color\" data-kb-block=\"kb-adv-heading8232_663e57-06\">VEN A VISITARNOS<\/h2>\n\n\n<style>.wp-block-kadence-advancedbtn.kb-btns8232_fedf40-7d{gap:var(--global-kb-gap-xs, 0.5rem );justify-content:center;align-items:center;}.kt-btns8232_fedf40-7d .kt-button{font-weight:normal;font-style:normal;}.kt-btns8232_fedf40-7d .kt-btn-wrap-0{margin-right:5px;}.wp-block-kadence-advancedbtn.kt-btns8232_fedf40-7d .kt-btn-wrap-0 .kt-button{color:#555555;border-color:#555555;}.wp-block-kadence-advancedbtn.kt-btns8232_fedf40-7d .kt-btn-wrap-0 .kt-button:hover, .wp-block-kadence-advancedbtn.kt-btns8232_fedf40-7d .kt-btn-wrap-0 .kt-button:focus{color:#ffffff;border-color:#444444;}.wp-block-kadence-advancedbtn.kt-btns8232_fedf40-7d .kt-btn-wrap-0 .kt-button::before{display:none;}.wp-block-kadence-advancedbtn.kt-btns8232_fedf40-7d .kt-btn-wrap-0 .kt-button:hover, .wp-block-kadence-advancedbtn.kt-btns8232_fedf40-7d .kt-btn-wrap-0 .kt-button:focus{background:#444444;}<\/style>\n<div class=\"wp-block-kadence-advancedbtn kb-buttons-wrap kb-btns8232_fedf40-7d\"><style>ul.menu .wp-block-kadence-advancedbtn .kb-btn8232_34be4e-47.kb-button{width:initial;}.wp-block-kadence-advancedbtn .kb-btn8232_34be4e-47.kb-button{color:var(--global-palette9, #ffffff);background:var(--global-palette2, #2B6CB0);}.wp-block-kadence-advancedbtn .kb-btn8232_34be4e-47.kb-button:hover, .wp-block-kadence-advancedbtn .kb-btn8232_34be4e-47.kb-button:focus{color:var(--global-palette9, #ffffff);background:var(--global-palette2, #2B6CB0);border-top-color:var(--global-palette9, #ffffff);border-top-style:solid;border-right-color:var(--global-palette9, #ffffff);border-right-style:solid;border-bottom-color:var(--global-palette9, #ffffff);border-bottom-style:solid;border-left-color:var(--global-palette9, #ffffff);border-left-style:solid;}@media all and (max-width: 1024px){.wp-block-kadence-advancedbtn .kb-btn8232_34be4e-47.kb-button:hover, .wp-block-kadence-advancedbtn .kb-btn8232_34be4e-47.kb-button:focus{border-top-color:var(--global-palette9, #ffffff);border-top-style:solid;border-right-color:var(--global-palette9, #ffffff);border-right-style:solid;border-bottom-color:var(--global-palette9, #ffffff);border-bottom-style:solid;border-left-color:var(--global-palette9, #ffffff);border-left-style:solid;}}@media all and (max-width: 767px){.wp-block-kadence-advancedbtn .kb-btn8232_34be4e-47.kb-button:hover, .wp-block-kadence-advancedbtn .kb-btn8232_34be4e-47.kb-button:focus{border-top-color:var(--global-palette9, #ffffff);border-top-style:solid;border-right-color:var(--global-palette9, #ffffff);border-right-style:solid;border-bottom-color:var(--global-palette9, #ffffff);border-bottom-style:solid;border-left-color:var(--global-palette9, #ffffff);border-left-style:solid;}}<\/style><a class=\"kb-button kt-button button kb-btn8232_34be4e-47 kt-btn-size-standard kt-btn-width-type-auto kb-btn-global-fill kt-btn-has-text-true kt-btn-has-svg-false  wp-block-kadence-singlebtn\" href=\"https:\/\/oldims.nexodreams.com\/es\/contactar-ims\/\"><span class=\"kt-btn-inner-text\">RESERVA TU CITA<\/span><\/a><\/div>\n<\/div><\/div>\n\n<\/div><\/div>","protected":false},"excerpt":{"rendered":"<p>Proceso de Admisi\u00f3n Ahora que ha visitado nuestro sitio web, esperamos que le guste lo que ha visto y que desee explorar m\u00e1s nuestra escuela. Estamos abiertos a solicitudes de todas las nacionalidades y capacidades. Una vez que se haya familiarizado con la educaci\u00f3n Montessori biling\u00fce que ofrecemos, leyendo nuestro sitio web, por favor siga&#8230;<\/p>\n","protected":false},"author":3,"featured_media":0,"parent":0,"menu_order":6,"comment_status":"closed","ping_status":"closed","template":"","meta":{"_acf_changed":false,"_seopress_robots_primary_cat":"","_seopress_titles_title":"","_seopress_titles_desc":"","_seopress_robots_index":"","_kad_blocks_custom_css":"","_kad_blocks_head_custom_js":"","_kad_blocks_body_custom_js":"","_kad_blocks_footer_custom_js":"","_kad_post_transparent":"","_kad_post_title":"","_kad_post_layout":"","_kad_post_sidebar_id":"","_kad_post_content_style":"","_kad_post_vertical_padding":"","_kad_post_feature":"","_kad_post_feature_position":"","_kad_post_header":false,"_kad_post_footer":false,"footnotes":""},"class_list":["post-7492","page","type-page","status-publish","hentry"],"acf":[],"taxonomy_info":[],"featured_image_src_large":false,"author_info":{"display_name":"IMS Sotogrande Montessori","author_link":"https:\/\/oldims.nexodreams.com\/es\/author\/ims-sotograndes\/"},"comment_info":0,"_links":{"self":[{"href":"https:\/\/oldims.nexodreams.com\/es\/wp-json\/wp\/v2\/pages\/7492","targetHints":{"allow":["GET"]}}],"collection":[{"href":"https:\/\/oldims.nexodreams.com\/es\/wp-json\/wp\/v2\/pages"}],"about":[{"href":"https:\/\/oldims.nexodreams.com\/es\/wp-json\/wp\/v2\/types\/page"}],"author":[{"embeddable":true,"href":"https:\/\/oldims.nexodreams.com\/es\/wp-json\/wp\/v2\/users\/3"}],"replies":[{"embeddable":true,"href":"https:\/\/oldims.nexodreams.com\/es\/wp-json\/wp\/v2\/comments?post=7492"}],"version-history":[{"count":10,"href":"https:\/\/oldims.nexodreams.com\/es\/wp-json\/wp\/v2\/pages\/7492\/revisions"}],"predecessor-version":[{"id":8780,"href":"https:\/\/oldims.nexodreams.com\/es\/wp-json\/wp\/v2\/pages\/7492\/revisions\/8780"}],"wp:attachment":[{"href":"https:\/\/oldims.nexodreams.com\/es\/wp-json\/wp\/v2\/media?parent=7492"}],"curies":[{"name":"wp","href":"https:\/\/api.w.org\/{rel}","templated":true}]}}