{"id":7496,"date":"2021-01-14T10:22:57","date_gmt":"2021-01-14T10:22:57","guid":{"rendered":"https:\/\/oldims.nexodreams.com\/advisory-board\/"},"modified":"2024-04-29T10:25:36","modified_gmt":"2024-04-29T10:25:36","slug":"advisory-board","status":"publish","type":"page","link":"https:\/\/oldims.nexodreams.com\/es\/advisory-board\/","title":{"rendered":"Consejo Asesor"},"content":{"rendered":"<style>.kb-row-layout-id7496_97682c-8e > .kt-row-column-wrap{align-content:start;}:where(.kb-row-layout-id7496_97682c-8e > .kt-row-column-wrap) > .wp-block-kadence-column{justify-content:start;}.kb-row-layout-id7496_97682c-8e > .kt-row-column-wrap{column-gap:var(--global-kb-gap-md, 2rem);row-gap:var(--global-kb-gap-md, 2rem);max-width:890px;margin-left:auto;margin-right:auto;padding-top:var(--global-kb-spacing-xxl, 5rem);padding-bottom:var(--global-kb-spacing-xxl, 5rem);grid-template-columns:minmax(0, 1fr);}.kb-row-layout-id7496_97682c-8e > .kt-row-layout-overlay{opacity:0.30;}@media all and (max-width: 1024px){.kb-row-layout-id7496_97682c-8e > .kt-row-column-wrap{grid-template-columns:minmax(0, 1fr);}}@media all and (max-width: 767px){.kb-row-layout-id7496_97682c-8e > .kt-row-column-wrap{padding-right:var(--global-kb-spacing-xs, 1rem);padding-left:var(--global-kb-spacing-xs, 1rem);grid-template-columns:minmax(0, 1fr);}}<\/style><div class=\"kb-row-layout-wrap kb-row-layout-id7496_97682c-8e alignnone wp-block-kadence-rowlayout\"><div class=\"kt-row-column-wrap kt-has-1-columns kt-row-layout-equal kt-tab-layout-inherit kt-mobile-layout-row kt-row-valign-top\">\n<style>.kadence-column7496_0689b4-09 > .kt-inside-inner-col,.kadence-column7496_0689b4-09 > .kt-inside-inner-col:before{border-top-left-radius:0px;border-top-right-radius:0px;border-bottom-right-radius:0px;border-bottom-left-radius:0px;}.kadence-column7496_0689b4-09 > .kt-inside-inner-col{column-gap:var(--global-kb-gap-sm, 1rem);}.kadence-column7496_0689b4-09 > .kt-inside-inner-col{flex-direction:column;}.kadence-column7496_0689b4-09 > .kt-inside-inner-col > .aligncenter{width:100%;}.kadence-column7496_0689b4-09 > .kt-inside-inner-col:before{opacity:0.3;}.kadence-column7496_0689b4-09{position:relative;}@media all and (max-width: 1024px){.kadence-column7496_0689b4-09 > .kt-inside-inner-col{flex-direction:column;justify-content:center;}}@media all and (max-width: 767px){.kadence-column7496_0689b4-09 > .kt-inside-inner-col{flex-direction:column;justify-content:center;}}<\/style>\n<div class=\"wp-block-kadence-column kadence-column7496_0689b4-09\"><div class=\"kt-inside-inner-col\"><style>.wp-block-kadence-advancedheading.kt-adv-heading7496_6f536f-ec, .wp-block-kadence-advancedheading.kt-adv-heading7496_6f536f-ec[data-kb-block=\"kb-adv-heading7496_6f536f-ec\"]{font-style:normal;}.wp-block-kadence-advancedheading.kt-adv-heading7496_6f536f-ec mark.kt-highlight, .wp-block-kadence-advancedheading.kt-adv-heading7496_6f536f-ec[data-kb-block=\"kb-adv-heading7496_6f536f-ec\"] mark.kt-highlight{font-style:normal;color:#f76a0c;-webkit-box-decoration-break:clone;box-decoration-break:clone;padding-top:0px;padding-right:0px;padding-bottom:0px;padding-left:0px;}@media all and (max-width: 767px){.wp-block-kadence-advancedheading.kt-adv-heading7496_6f536f-ec, .wp-block-kadence-advancedheading.kt-adv-heading7496_6f536f-ec[data-kb-block=\"kb-adv-heading7496_6f536f-ec\"]{font-size:var(--global-kb-font-size-xl, 3rem);}}<\/style>\n<h1 class=\"kt-adv-heading7496_6f536f-ec wp-block-kadence-advancedheading\" data-kb-block=\"kb-adv-heading7496_6f536f-ec\">Consejo Asesor<\/h1>\n\n\n\n<p>IMS ha nombrado un \u00f3rgano de gobierno denominado \u00abConsejo Asesor\u00bb, que apoyar\u00e1 al Director en el desarrollo de la escuela. El Consejo incluye a miembros distinguidos de la comunidad escolar que proporcionar\u00e1n asesoramiento general a Olimpia Tard\u00e1 y su escuela en asuntos relacionados con cuestiones legales, acreditaci\u00f3n, pol\u00edticas y procesos.<\/p>\n\n\n<style>.wp-block-kadence-advancedheading.kt-adv-heading7496_a947fc-74, .wp-block-kadence-advancedheading.kt-adv-heading7496_a947fc-74[data-kb-block=\"kb-adv-heading7496_a947fc-74\"]{font-style:normal;}.wp-block-kadence-advancedheading.kt-adv-heading7496_a947fc-74 mark.kt-highlight, .wp-block-kadence-advancedheading.kt-adv-heading7496_a947fc-74[data-kb-block=\"kb-adv-heading7496_a947fc-74\"] mark.kt-highlight{font-style:normal;color:#f76a0c;-webkit-box-decoration-break:clone;box-decoration-break:clone;padding-top:0px;padding-right:0px;padding-bottom:0px;padding-left:0px;}<\/style>\n<p class=\"kt-adv-heading7496_a947fc-74 wp-block-kadence-advancedheading has-theme-palette-2-color has-text-color\" data-kb-block=\"kb-adv-heading7496_a947fc-74\"><b>Olimpia Tard\u00e1<\/b><\/p>\n\n\n\n<p>Propietaria y Directora de IMS<\/p>\n\n\n<style>.wp-block-kadence-advancedheading.kt-adv-heading7496_0a91ab-bc, .wp-block-kadence-advancedheading.kt-adv-heading7496_0a91ab-bc[data-kb-block=\"kb-adv-heading7496_0a91ab-bc\"]{font-style:normal;}.wp-block-kadence-advancedheading.kt-adv-heading7496_0a91ab-bc mark.kt-highlight, .wp-block-kadence-advancedheading.kt-adv-heading7496_0a91ab-bc[data-kb-block=\"kb-adv-heading7496_0a91ab-bc\"] mark.kt-highlight{font-style:normal;color:#f76a0c;-webkit-box-decoration-break:clone;box-decoration-break:clone;padding-top:0px;padding-right:0px;padding-bottom:0px;padding-left:0px;}<\/style>\n<p class=\"kt-adv-heading7496_0a91ab-bc wp-block-kadence-advancedheading has-theme-palette-2-color has-text-color\" data-kb-block=\"kb-adv-heading7496_0a91ab-bc\"><strong>Catherine Copeland<\/strong><\/p>\n\n\n\n<p>Directora de Global EDGEucation, experta en educaci\u00f3n primaria internacional y asesora especial en Biling\u00fcismo y Educaci\u00f3n para IMS<\/p>\n\n\n<style>.wp-block-kadence-advancedheading.kt-adv-heading7496_8efa8c-6e, .wp-block-kadence-advancedheading.kt-adv-heading7496_8efa8c-6e[data-kb-block=\"kb-adv-heading7496_8efa8c-6e\"]{font-style:normal;}.wp-block-kadence-advancedheading.kt-adv-heading7496_8efa8c-6e mark.kt-highlight, .wp-block-kadence-advancedheading.kt-adv-heading7496_8efa8c-6e[data-kb-block=\"kb-adv-heading7496_8efa8c-6e\"] mark.kt-highlight{font-style:normal;color:#f76a0c;-webkit-box-decoration-break:clone;box-decoration-break:clone;padding-top:0px;padding-right:0px;padding-bottom:0px;padding-left:0px;}<\/style>\n<p class=\"kt-adv-heading7496_8efa8c-6e wp-block-kadence-advancedheading has-theme-palette-2-color has-text-color\" data-kb-block=\"kb-adv-heading7496_8efa8c-6e\"><b>Antonio Canales Dom\u00ednguez<\/b><\/p>\n\n\n\n<p>Director y Socio Gerente en ONE Law Firm, y asesor legal de la escuela<\/p>\n\n\n<style>.wp-block-kadence-advancedheading.kt-adv-heading7496_1c0894-22, .wp-block-kadence-advancedheading.kt-adv-heading7496_1c0894-22[data-kb-block=\"kb-adv-heading7496_1c0894-22\"]{font-style:normal;}.wp-block-kadence-advancedheading.kt-adv-heading7496_1c0894-22 mark.kt-highlight, .wp-block-kadence-advancedheading.kt-adv-heading7496_1c0894-22[data-kb-block=\"kb-adv-heading7496_1c0894-22\"] mark.kt-highlight{font-style:normal;color:#f76a0c;-webkit-box-decoration-break:clone;box-decoration-break:clone;padding-top:0px;padding-right:0px;padding-bottom:0px;padding-left:0px;}<\/style>\n<p class=\"kt-adv-heading7496_1c0894-22 wp-block-kadence-advancedheading has-theme-palette-2-color has-text-color\" data-kb-block=\"kb-adv-heading7496_1c0894-22\"><b>Carolina Collado<\/b> <b>Gutierrez<\/b><\/p>\n\n\n\n<p>Coach Personal, Educativo y Familiar, miembro de la Comunidad Escolar<\/p>\n\n\n<style>.wp-block-kadence-advancedheading.kt-adv-heading7496_e658e0-08, .wp-block-kadence-advancedheading.kt-adv-heading7496_e658e0-08[data-kb-block=\"kb-adv-heading7496_e658e0-08\"]{font-style:normal;}.wp-block-kadence-advancedheading.kt-adv-heading7496_e658e0-08 mark.kt-highlight, .wp-block-kadence-advancedheading.kt-adv-heading7496_e658e0-08[data-kb-block=\"kb-adv-heading7496_e658e0-08\"] mark.kt-highlight{font-style:normal;color:#f76a0c;-webkit-box-decoration-break:clone;box-decoration-break:clone;padding-top:0px;padding-right:0px;padding-bottom:0px;padding-left:0px;}<\/style>\n<p class=\"kt-adv-heading7496_e658e0-08 wp-block-kadence-advancedheading has-theme-palette-2-color has-text-color\" data-kb-block=\"kb-adv-heading7496_e658e0-08\"><b>Antonio Ruiz<\/b> <\/p>\n\n\n\n<p>Asesor en Neurociencia y Marketing, ayudando a IMS con su estrategia de marketing<\/p>\n\n\n<style>.wp-block-kadence-advancedheading.kt-adv-heading7496_6a3489-36, .wp-block-kadence-advancedheading.kt-adv-heading7496_6a3489-36[data-kb-block=\"kb-adv-heading7496_6a3489-36\"]{font-style:normal;}.wp-block-kadence-advancedheading.kt-adv-heading7496_6a3489-36 mark.kt-highlight, .wp-block-kadence-advancedheading.kt-adv-heading7496_6a3489-36[data-kb-block=\"kb-adv-heading7496_6a3489-36\"] mark.kt-highlight{font-style:normal;color:#f76a0c;-webkit-box-decoration-break:clone;box-decoration-break:clone;padding-top:0px;padding-right:0px;padding-bottom:0px;padding-left:0px;}<\/style>\n<p class=\"kt-adv-heading7496_6a3489-36 wp-block-kadence-advancedheading has-theme-palette-2-color has-text-color\" data-kb-block=\"kb-adv-heading7496_6a3489-36\"><b>Carmen Ortega<\/b><\/p>\n\n\n\n<p>Madre fundador en IMS<\/p>\n\n\n<style>.wp-block-kadence-advancedheading.kt-adv-heading7496_ecd069-8c, .wp-block-kadence-advancedheading.kt-adv-heading7496_ecd069-8c[data-kb-block=\"kb-adv-heading7496_ecd069-8c\"]{font-style:normal;}.wp-block-kadence-advancedheading.kt-adv-heading7496_ecd069-8c mark.kt-highlight, .wp-block-kadence-advancedheading.kt-adv-heading7496_ecd069-8c[data-kb-block=\"kb-adv-heading7496_ecd069-8c\"] mark.kt-highlight{font-style:normal;color:#f76a0c;-webkit-box-decoration-break:clone;box-decoration-break:clone;padding-top:0px;padding-right:0px;padding-bottom:0px;padding-left:0px;}<\/style>\n<p class=\"kt-adv-heading7496_ecd069-8c wp-block-kadence-advancedheading has-theme-palette-2-color has-text-color\" data-kb-block=\"kb-adv-heading7496_ecd069-8c\"><b>Emilian Pogaci<\/b> <\/p>\n\n\n\n<p>Padre fundador en IMS<\/p>\n<\/div><\/div>\n\n<\/div><\/div>\n\n<style>.kb-row-layout-id8232_0cabc3-c4 > .kt-row-column-wrap{align-content:start;}:where(.kb-row-layout-id8232_0cabc3-c4 > .kt-row-column-wrap) > .wp-block-kadence-column{justify-content:start;}.kb-row-layout-id8232_0cabc3-c4 > .kt-row-column-wrap{column-gap:var(--global-kb-gap-md, 2rem);row-gap:var(--global-kb-gap-md, 2rem);padding-top:var(--global-kb-spacing-xl, 4rem);padding-bottom:var(--global-kb-spacing-lg, 3rem);grid-template-columns:minmax(0, 1fr);}.kb-row-layout-id8232_0cabc3-c4 > .kt-row-layout-overlay{opacity:0.30;}@media all and (max-width: 1024px){.kb-row-layout-id8232_0cabc3-c4 > .kt-row-column-wrap{grid-template-columns:minmax(0, 1fr);}}@media all and (max-width: 767px){.kb-row-layout-id8232_0cabc3-c4 > .kt-row-column-wrap{grid-template-columns:minmax(0, 1fr);}}<\/style><div class=\"kb-row-layout-wrap kb-row-layout-id8232_0cabc3-c4 alignfull has-theme-palette1-background-color kt-row-has-bg wp-block-kadence-rowlayout\"><div class=\"kt-row-column-wrap kt-has-1-columns kt-row-layout-equal kt-tab-layout-inherit kt-mobile-layout-row kt-row-valign-top\">\n<style>.kadence-column8232_9404bb-2a > .kt-inside-inner-col,.kadence-column8232_9404bb-2a > .kt-inside-inner-col:before{border-top-left-radius:0px;border-top-right-radius:0px;border-bottom-right-radius:0px;border-bottom-left-radius:0px;}.kadence-column8232_9404bb-2a > .kt-inside-inner-col{column-gap:var(--global-kb-gap-sm, 1rem);}.kadence-column8232_9404bb-2a > .kt-inside-inner-col{flex-direction:column;}.kadence-column8232_9404bb-2a > .kt-inside-inner-col > .aligncenter{width:100%;}.kadence-column8232_9404bb-2a > .kt-inside-inner-col:before{opacity:0.3;}.kadence-column8232_9404bb-2a{position:relative;}@media all and (max-width: 1024px){.kadence-column8232_9404bb-2a > .kt-inside-inner-col{flex-direction:column;justify-content:center;}}@media all and (max-width: 767px){.kadence-column8232_9404bb-2a > .kt-inside-inner-col{flex-direction:column;justify-content:center;}}<\/style>\n<div class=\"wp-block-kadence-column kadence-column8232_9404bb-2a\"><div class=\"kt-inside-inner-col\"><style>.wp-block-kadence-advancedheading.kt-adv-heading8232_663e57-06, .wp-block-kadence-advancedheading.kt-adv-heading8232_663e57-06[data-kb-block=\"kb-adv-heading8232_663e57-06\"]{text-align:center;font-style:normal;}.wp-block-kadence-advancedheading.kt-adv-heading8232_663e57-06 mark.kt-highlight, .wp-block-kadence-advancedheading.kt-adv-heading8232_663e57-06[data-kb-block=\"kb-adv-heading8232_663e57-06\"] mark.kt-highlight{font-style:normal;color:#f76a0c;-webkit-box-decoration-break:clone;box-decoration-break:clone;padding-top:0px;padding-right:0px;padding-bottom:0px;padding-left:0px;}<\/style>\n<h2 class=\"kt-adv-heading8232_663e57-06 wp-block-kadence-advancedheading has-theme-palette-2-color has-text-color\" data-kb-block=\"kb-adv-heading8232_663e57-06\">VEN A VISITARNOS<\/h2>\n\n\n<style>.wp-block-kadence-advancedbtn.kb-btns8232_fedf40-7d{gap:var(--global-kb-gap-xs, 0.5rem );justify-content:center;align-items:center;}.kt-btns8232_fedf40-7d .kt-button{font-weight:normal;font-style:normal;}.kt-btns8232_fedf40-7d .kt-btn-wrap-0{margin-right:5px;}.wp-block-kadence-advancedbtn.kt-btns8232_fedf40-7d .kt-btn-wrap-0 .kt-button{color:#555555;border-color:#555555;}.wp-block-kadence-advancedbtn.kt-btns8232_fedf40-7d .kt-btn-wrap-0 .kt-button:hover, .wp-block-kadence-advancedbtn.kt-btns8232_fedf40-7d .kt-btn-wrap-0 .kt-button:focus{color:#ffffff;border-color:#444444;}.wp-block-kadence-advancedbtn.kt-btns8232_fedf40-7d .kt-btn-wrap-0 .kt-button::before{display:none;}.wp-block-kadence-advancedbtn.kt-btns8232_fedf40-7d .kt-btn-wrap-0 .kt-button:hover, .wp-block-kadence-advancedbtn.kt-btns8232_fedf40-7d .kt-btn-wrap-0 .kt-button:focus{background:#444444;}<\/style>\n<div class=\"wp-block-kadence-advancedbtn kb-buttons-wrap kb-btns8232_fedf40-7d\"><style>ul.menu .wp-block-kadence-advancedbtn .kb-btn8232_34be4e-47.kb-button{width:initial;}.wp-block-kadence-advancedbtn .kb-btn8232_34be4e-47.kb-button{color:var(--global-palette9, #ffffff);background:var(--global-palette2, #2B6CB0);}.wp-block-kadence-advancedbtn .kb-btn8232_34be4e-47.kb-button:hover, .wp-block-kadence-advancedbtn .kb-btn8232_34be4e-47.kb-button:focus{color:var(--global-palette9, #ffffff);background:var(--global-palette2, #2B6CB0);border-top-color:var(--global-palette9, #ffffff);border-top-style:solid;border-right-color:var(--global-palette9, #ffffff);border-right-style:solid;border-bottom-color:var(--global-palette9, #ffffff);border-bottom-style:solid;border-left-color:var(--global-palette9, #ffffff);border-left-style:solid;}@media all and (max-width: 1024px){.wp-block-kadence-advancedbtn .kb-btn8232_34be4e-47.kb-button:hover, .wp-block-kadence-advancedbtn .kb-btn8232_34be4e-47.kb-button:focus{border-top-color:var(--global-palette9, #ffffff);border-top-style:solid;border-right-color:var(--global-palette9, #ffffff);border-right-style:solid;border-bottom-color:var(--global-palette9, #ffffff);border-bottom-style:solid;border-left-color:var(--global-palette9, #ffffff);border-left-style:solid;}}@media all and (max-width: 767px){.wp-block-kadence-advancedbtn .kb-btn8232_34be4e-47.kb-button:hover, .wp-block-kadence-advancedbtn .kb-btn8232_34be4e-47.kb-button:focus{border-top-color:var(--global-palette9, #ffffff);border-top-style:solid;border-right-color:var(--global-palette9, #ffffff);border-right-style:solid;border-bottom-color:var(--global-palette9, #ffffff);border-bottom-style:solid;border-left-color:var(--global-palette9, #ffffff);border-left-style:solid;}}<\/style><a class=\"kb-button kt-button button kb-btn8232_34be4e-47 kt-btn-size-standard kt-btn-width-type-auto kb-btn-global-fill kt-btn-has-text-true kt-btn-has-svg-false  wp-block-kadence-singlebtn\" href=\"https:\/\/oldims.nexodreams.com\/es\/contactar-ims\/\"><span class=\"kt-btn-inner-text\">RESERVA TU CITA<\/span><\/a><\/div>\n<\/div><\/div>\n\n<\/div><\/div>","protected":false},"excerpt":{"rendered":"<p>Consejo Asesor IMS ha nombrado un \u00f3rgano de gobierno denominado \u00abConsejo Asesor\u00bb, que apoyar\u00e1 al Director en el desarrollo de la escuela. El Consejo incluye a miembros distinguidos de la comunidad escolar que proporcionar\u00e1n asesoramiento general a Olimpia Tard\u00e1 y su escuela en asuntos relacionados con cuestiones legales, acreditaci\u00f3n, pol\u00edticas y procesos. Olimpia Tard\u00e1 Propietaria&#8230;<\/p>\n","protected":false},"author":3,"featured_media":0,"parent":0,"menu_order":7,"comment_status":"closed","ping_status":"closed","template":"","meta":{"_acf_changed":false,"_seopress_robots_primary_cat":"","_seopress_titles_title":"","_seopress_titles_desc":"","_seopress_robots_index":"","_kad_blocks_custom_css":"","_kad_blocks_head_custom_js":"","_kad_blocks_body_custom_js":"","_kad_blocks_footer_custom_js":"","_kad_post_transparent":"default","_kad_post_title":"","_kad_post_layout":"","_kad_post_sidebar_id":"","_kad_post_content_style":"","_kad_post_vertical_padding":"","_kad_post_feature":"","_kad_post_feature_position":"","_kad_post_header":false,"_kad_post_footer":false,"footnotes":""},"class_list":["post-7496","page","type-page","status-publish","hentry"],"acf":[],"taxonomy_info":[],"featured_image_src_large":false,"author_info":{"display_name":"IMS Sotogrande Montessori","author_link":"https:\/\/oldims.nexodreams.com\/es\/author\/ims-sotograndes\/"},"comment_info":0,"_links":{"self":[{"href":"https:\/\/oldims.nexodreams.com\/es\/wp-json\/wp\/v2\/pages\/7496","targetHints":{"allow":["GET"]}}],"collection":[{"href":"https:\/\/oldims.nexodreams.com\/es\/wp-json\/wp\/v2\/pages"}],"about":[{"href":"https:\/\/oldims.nexodreams.com\/es\/wp-json\/wp\/v2\/types\/page"}],"author":[{"embeddable":true,"href":"https:\/\/oldims.nexodreams.com\/es\/wp-json\/wp\/v2\/users\/3"}],"replies":[{"embeddable":true,"href":"https:\/\/oldims.nexodreams.com\/es\/wp-json\/wp\/v2\/comments?post=7496"}],"version-history":[{"count":8,"href":"https:\/\/oldims.nexodreams.com\/es\/wp-json\/wp\/v2\/pages\/7496\/revisions"}],"predecessor-version":[{"id":8574,"href":"https:\/\/oldims.nexodreams.com\/es\/wp-json\/wp\/v2\/pages\/7496\/revisions\/8574"}],"wp:attachment":[{"href":"https:\/\/oldims.nexodreams.com\/es\/wp-json\/wp\/v2\/media?parent=7496"}],"curies":[{"name":"wp","href":"https:\/\/api.w.org\/{rel}","templated":true}]}}