{"id":7506,"date":"2020-11-17T09:21:49","date_gmt":"2020-11-17T09:21:49","guid":{"rendered":"https:\/\/oldims.nexodreams.com\/breakfast-club\/"},"modified":"2024-04-24T21:38:46","modified_gmt":"2024-04-24T21:38:46","slug":"breakfast-club","status":"publish","type":"page","link":"https:\/\/oldims.nexodreams.com\/es\/breakfast-club\/","title":{"rendered":"Club de Desayuno"},"content":{"rendered":"<style>.kb-row-layout-id7506_4b9562-96 > .kt-row-column-wrap{align-content:start;}:where(.kb-row-layout-id7506_4b9562-96 > .kt-row-column-wrap) > .wp-block-kadence-column{justify-content:start;}.kb-row-layout-id7506_4b9562-96 > .kt-row-column-wrap{column-gap:var(--global-kb-gap-md, 2rem);row-gap:var(--global-kb-gap-md, 2rem);max-width:944px;margin-left:auto;margin-right:auto;padding-top:var(--global-kb-spacing-xxl, 5rem);padding-bottom:var(--global-kb-spacing-xl, 4rem);grid-template-columns:minmax(0, 1fr);}.kb-row-layout-id7506_4b9562-96 > .kt-row-layout-overlay{opacity:0.30;}@media all and (max-width: 1024px){.kb-row-layout-id7506_4b9562-96 > .kt-row-column-wrap{grid-template-columns:minmax(0, 1fr);}}@media all and (max-width: 767px){.kb-row-layout-id7506_4b9562-96 > .kt-row-column-wrap{grid-template-columns:minmax(0, 1fr);}}<\/style><div class=\"kb-row-layout-wrap kb-row-layout-id7506_4b9562-96 alignnone wp-block-kadence-rowlayout\"><div class=\"kt-row-column-wrap kt-has-1-columns kt-row-layout-equal kt-tab-layout-inherit kt-mobile-layout-row kt-row-valign-top\">\n<style>.kadence-column7506_7df5bb-d9 > .kt-inside-inner-col,.kadence-column7506_7df5bb-d9 > .kt-inside-inner-col:before{border-top-left-radius:0px;border-top-right-radius:0px;border-bottom-right-radius:0px;border-bottom-left-radius:0px;}.kadence-column7506_7df5bb-d9 > .kt-inside-inner-col{column-gap:var(--global-kb-gap-sm, 1rem);}.kadence-column7506_7df5bb-d9 > .kt-inside-inner-col{flex-direction:column;}.kadence-column7506_7df5bb-d9 > .kt-inside-inner-col > .aligncenter{width:100%;}.kadence-column7506_7df5bb-d9 > .kt-inside-inner-col:before{opacity:0.3;}.kadence-column7506_7df5bb-d9{position:relative;}@media all and (max-width: 1024px){.kadence-column7506_7df5bb-d9 > .kt-inside-inner-col{flex-direction:column;justify-content:center;}}@media all and (max-width: 767px){.kadence-column7506_7df5bb-d9 > .kt-inside-inner-col{flex-direction:column;justify-content:center;}}<\/style>\n<div class=\"wp-block-kadence-column kadence-column7506_7df5bb-d9\"><div class=\"kt-inside-inner-col\"><style>.wp-block-kadence-advancedheading.kt-adv-heading7506_a9dd25-6c, .wp-block-kadence-advancedheading.kt-adv-heading7506_a9dd25-6c[data-kb-block=\"kb-adv-heading7506_a9dd25-6c\"]{text-align:center;font-style:normal;}.wp-block-kadence-advancedheading.kt-adv-heading7506_a9dd25-6c mark.kt-highlight, .wp-block-kadence-advancedheading.kt-adv-heading7506_a9dd25-6c[data-kb-block=\"kb-adv-heading7506_a9dd25-6c\"] mark.kt-highlight{font-style:normal;color:#f76a0c;-webkit-box-decoration-break:clone;box-decoration-break:clone;padding-top:0px;padding-right:0px;padding-bottom:0px;padding-left:0px;}@media all and (max-width: 767px){.wp-block-kadence-advancedheading.kt-adv-heading7506_a9dd25-6c, .wp-block-kadence-advancedheading.kt-adv-heading7506_a9dd25-6c[data-kb-block=\"kb-adv-heading7506_a9dd25-6c\"]{font-size:var(--global-kb-font-size-xl, 3rem);}}<\/style>\n<h1 class=\"kt-adv-heading7506_a9dd25-6c wp-block-kadence-advancedheading\" data-kb-block=\"kb-adv-heading7506_a9dd25-6c\">Club de Desayuno<\/h1>\n\n\n\n<figure class=\"wp-block-image\"><img decoding=\"async\" src=\"https:\/\/oldims.nexodreams.com\/wp-content\/uploads\/2021\/03\/Breakfast-Club.jpg\" alt=\"\"\/><\/figure>\n\n\n<style>.wp-block-kadence-advancedheading.kt-adv-heading7506_68d037-85, .wp-block-kadence-advancedheading.kt-adv-heading7506_68d037-85[data-kb-block=\"kb-adv-heading7506_68d037-85\"]{text-align:center;font-style:normal;}.wp-block-kadence-advancedheading.kt-adv-heading7506_68d037-85 mark.kt-highlight, .wp-block-kadence-advancedheading.kt-adv-heading7506_68d037-85[data-kb-block=\"kb-adv-heading7506_68d037-85\"] mark.kt-highlight{font-style:normal;color:#f76a0c;-webkit-box-decoration-break:clone;box-decoration-break:clone;padding-top:0px;padding-right:0px;padding-bottom:0px;padding-left:0px;}<\/style>\n<p class=\"kt-adv-heading7506_68d037-85 wp-block-kadence-advancedheading\" data-kb-block=\"kb-adv-heading7506_68d037-85\">Los padres pueden contratar este servicio adicional: los ni\u00f1os que llegan temprano en la ma\u00f1ana, antes del inicio de clases, reciben el desayuno: una selecci\u00f3n de opciones saludables para comenzar bien su d\u00eda.<\/p>\n<\/div><\/div>\n\n<\/div><\/div>\n\n<style>.kb-row-layout-id8214_cbdb06-2f > .kt-row-column-wrap{align-content:start;}:where(.kb-row-layout-id8214_cbdb06-2f > .kt-row-column-wrap) > .wp-block-kadence-column{justify-content:start;}.kb-row-layout-id8214_cbdb06-2f > .kt-row-column-wrap{column-gap:var(--global-kb-gap-md, 2rem);row-gap:var(--global-kb-gap-md, 2rem);padding-top:var(--global-kb-spacing-xl, 4rem);padding-bottom:var(--global-kb-spacing-lg, 3rem);grid-template-columns:minmax(0, 1fr);}.kb-row-layout-id8214_cbdb06-2f > .kt-row-layout-overlay{opacity:0.30;}@media all and (max-width: 1024px){.kb-row-layout-id8214_cbdb06-2f > .kt-row-column-wrap{grid-template-columns:minmax(0, 1fr);}}@media all and (max-width: 767px){.kb-row-layout-id8214_cbdb06-2f > .kt-row-column-wrap{grid-template-columns:minmax(0, 1fr);}}<\/style><div class=\"kb-row-layout-wrap kb-row-layout-id8214_cbdb06-2f alignfull has-theme-palette1-background-color kt-row-has-bg wp-block-kadence-rowlayout\"><div class=\"kt-row-column-wrap kt-has-1-columns kt-row-layout-equal kt-tab-layout-inherit kt-mobile-layout-row kt-row-valign-top\">\n<style>.kadence-column8214_4a950f-e6 > .kt-inside-inner-col,.kadence-column8214_4a950f-e6 > .kt-inside-inner-col:before{border-top-left-radius:0px;border-top-right-radius:0px;border-bottom-right-radius:0px;border-bottom-left-radius:0px;}.kadence-column8214_4a950f-e6 > .kt-inside-inner-col{column-gap:var(--global-kb-gap-sm, 1rem);}.kadence-column8214_4a950f-e6 > .kt-inside-inner-col{flex-direction:column;}.kadence-column8214_4a950f-e6 > .kt-inside-inner-col > .aligncenter{width:100%;}.kadence-column8214_4a950f-e6 > .kt-inside-inner-col:before{opacity:0.3;}.kadence-column8214_4a950f-e6{position:relative;}@media all and (max-width: 1024px){.kadence-column8214_4a950f-e6 > .kt-inside-inner-col{flex-direction:column;justify-content:center;}}@media all and (max-width: 767px){.kadence-column8214_4a950f-e6 > .kt-inside-inner-col{flex-direction:column;justify-content:center;}}<\/style>\n<div class=\"wp-block-kadence-column kadence-column8214_4a950f-e6\"><div class=\"kt-inside-inner-col\"><style>.wp-block-kadence-advancedheading.kt-adv-heading8214_a3a68f-44, .wp-block-kadence-advancedheading.kt-adv-heading8214_a3a68f-44[data-kb-block=\"kb-adv-heading8214_a3a68f-44\"]{text-align:center;font-style:normal;}.wp-block-kadence-advancedheading.kt-adv-heading8214_a3a68f-44 mark.kt-highlight, .wp-block-kadence-advancedheading.kt-adv-heading8214_a3a68f-44[data-kb-block=\"kb-adv-heading8214_a3a68f-44\"] mark.kt-highlight{font-style:normal;color:#f76a0c;-webkit-box-decoration-break:clone;box-decoration-break:clone;padding-top:0px;padding-right:0px;padding-bottom:0px;padding-left:0px;}<\/style>\n<h2 class=\"kt-adv-heading8214_a3a68f-44 wp-block-kadence-advancedheading has-theme-palette-2-color has-text-color\" data-kb-block=\"kb-adv-heading8214_a3a68f-44\">VEN A VISITARNOS<\/h2>\n\n\n<style>.wp-block-kadence-advancedbtn.kb-btns8214_568712-6b{gap:var(--global-kb-gap-xs, 0.5rem );justify-content:center;align-items:center;}.kt-btns8214_568712-6b .kt-button{font-weight:normal;font-style:normal;}.kt-btns8214_568712-6b .kt-btn-wrap-0{margin-right:5px;}.wp-block-kadence-advancedbtn.kt-btns8214_568712-6b .kt-btn-wrap-0 .kt-button{color:#555555;border-color:#555555;}.wp-block-kadence-advancedbtn.kt-btns8214_568712-6b .kt-btn-wrap-0 .kt-button:hover, .wp-block-kadence-advancedbtn.kt-btns8214_568712-6b .kt-btn-wrap-0 .kt-button:focus{color:#ffffff;border-color:#444444;}.wp-block-kadence-advancedbtn.kt-btns8214_568712-6b .kt-btn-wrap-0 .kt-button::before{display:none;}.wp-block-kadence-advancedbtn.kt-btns8214_568712-6b .kt-btn-wrap-0 .kt-button:hover, .wp-block-kadence-advancedbtn.kt-btns8214_568712-6b .kt-btn-wrap-0 .kt-button:focus{background:#444444;}<\/style>\n<div class=\"wp-block-kadence-advancedbtn kb-buttons-wrap kb-btns8214_568712-6b\"><style>ul.menu .wp-block-kadence-advancedbtn .kb-btn8214_d6567d-59.kb-button{width:initial;}.wp-block-kadence-advancedbtn .kb-btn8214_d6567d-59.kb-button{color:var(--global-palette9, #ffffff);background:var(--global-palette2, #2B6CB0);}.wp-block-kadence-advancedbtn .kb-btn8214_d6567d-59.kb-button:hover, .wp-block-kadence-advancedbtn .kb-btn8214_d6567d-59.kb-button:focus{color:var(--global-palette9, #ffffff);background:var(--global-palette2, #2B6CB0);border-top-color:var(--global-palette9, #ffffff);border-top-style:solid;border-right-color:var(--global-palette9, #ffffff);border-right-style:solid;border-bottom-color:var(--global-palette9, #ffffff);border-bottom-style:solid;border-left-color:var(--global-palette9, #ffffff);border-left-style:solid;}@media all and (max-width: 1024px){.wp-block-kadence-advancedbtn .kb-btn8214_d6567d-59.kb-button:hover, .wp-block-kadence-advancedbtn .kb-btn8214_d6567d-59.kb-button:focus{border-top-color:var(--global-palette9, #ffffff);border-top-style:solid;border-right-color:var(--global-palette9, #ffffff);border-right-style:solid;border-bottom-color:var(--global-palette9, #ffffff);border-bottom-style:solid;border-left-color:var(--global-palette9, #ffffff);border-left-style:solid;}}@media all and (max-width: 767px){.wp-block-kadence-advancedbtn .kb-btn8214_d6567d-59.kb-button:hover, .wp-block-kadence-advancedbtn .kb-btn8214_d6567d-59.kb-button:focus{border-top-color:var(--global-palette9, #ffffff);border-top-style:solid;border-right-color:var(--global-palette9, #ffffff);border-right-style:solid;border-bottom-color:var(--global-palette9, #ffffff);border-bottom-style:solid;border-left-color:var(--global-palette9, #ffffff);border-left-style:solid;}}<\/style><a class=\"kb-button kt-button button kb-btn8214_d6567d-59 kt-btn-size-standard kt-btn-width-type-auto kb-btn-global-fill kt-btn-has-text-true kt-btn-has-svg-false  wp-block-kadence-singlebtn\" href=\"https:\/\/oldims.nexodreams.com\/es\/contactar-ims\/\"><span class=\"kt-btn-inner-text\">RESERVA TU CITA<\/span><\/a><\/div>\n<\/div><\/div>\n\n<\/div><\/div>","protected":false},"excerpt":{"rendered":"<p>Club de Desayuno Los padres pueden contratar este servicio adicional: los ni\u00f1os que llegan temprano en la ma\u00f1ana, antes del inicio de clases, reciben el desayuno: una selecci\u00f3n de opciones saludables para comenzar bien su d\u00eda.<\/p>\n","protected":false},"author":3,"featured_media":0,"parent":0,"menu_order":24,"comment_status":"closed","ping_status":"closed","template":"","meta":{"_acf_changed":false,"_seopress_robots_primary_cat":"","_seopress_titles_title":"","_seopress_titles_desc":"","_seopress_robots_index":"","_kad_blocks_custom_css":"","_kad_blocks_head_custom_js":"","_kad_blocks_body_custom_js":"","_kad_blocks_footer_custom_js":"","_kad_post_transparent":"","_kad_post_title":"","_kad_post_layout":"","_kad_post_sidebar_id":"","_kad_post_content_style":"","_kad_post_vertical_padding":"","_kad_post_feature":"","_kad_post_feature_position":"","_kad_post_header":false,"_kad_post_footer":false,"footnotes":""},"class_list":["post-7506","page","type-page","status-publish","hentry"],"acf":[],"taxonomy_info":[],"featured_image_src_large":false,"author_info":{"display_name":"IMS Sotogrande Montessori","author_link":"https:\/\/oldims.nexodreams.com\/es\/author\/ims-sotograndes\/"},"comment_info":0,"_links":{"self":[{"href":"https:\/\/oldims.nexodreams.com\/es\/wp-json\/wp\/v2\/pages\/7506","targetHints":{"allow":["GET"]}}],"collection":[{"href":"https:\/\/oldims.nexodreams.com\/es\/wp-json\/wp\/v2\/pages"}],"about":[{"href":"https:\/\/oldims.nexodreams.com\/es\/wp-json\/wp\/v2\/types\/page"}],"author":[{"embeddable":true,"href":"https:\/\/oldims.nexodreams.com\/es\/wp-json\/wp\/v2\/users\/3"}],"replies":[{"embeddable":true,"href":"https:\/\/oldims.nexodreams.com\/es\/wp-json\/wp\/v2\/comments?post=7506"}],"version-history":[{"count":4,"href":"https:\/\/oldims.nexodreams.com\/es\/wp-json\/wp\/v2\/pages\/7506\/revisions"}],"predecessor-version":[{"id":8407,"href":"https:\/\/oldims.nexodreams.com\/es\/wp-json\/wp\/v2\/pages\/7506\/revisions\/8407"}],"wp:attachment":[{"href":"https:\/\/oldims.nexodreams.com\/es\/wp-json\/wp\/v2\/media?parent=7506"}],"curies":[{"name":"wp","href":"https:\/\/api.w.org\/{rel}","templated":true}]}}