{"id":7516,"date":"2020-11-02T18:03:07","date_gmt":"2020-11-02T18:03:07","guid":{"rendered":"https:\/\/oldims.nexodreams.com\/dual-language-programme\/"},"modified":"2025-04-25T10:47:17","modified_gmt":"2025-04-25T10:47:17","slug":"dual-language-programme","status":"publish","type":"page","link":"https:\/\/oldims.nexodreams.com\/es\/dual-language-programme\/","title":{"rendered":"Ense\u00f1anza en Dos Idiomas"},"content":{"rendered":"<style>.kb-row-layout-id7516_4c6bf7-7d > .kt-row-column-wrap{align-content:start;}:where(.kb-row-layout-id7516_4c6bf7-7d > .kt-row-column-wrap) > .wp-block-kadence-column{justify-content:start;}.kb-row-layout-id7516_4c6bf7-7d > .kt-row-column-wrap{column-gap:var(--global-kb-gap-md, 2rem);row-gap:var(--global-kb-gap-md, 2rem);padding-top:var(--global-kb-spacing-xl, 4rem);padding-right:var(--global-kb-spacing-md, 2rem);padding-bottom:var(--global-kb-spacing-sm, 1.5rem);padding-left:var(--global-kb-spacing-4xl, 8rem);grid-template-columns:minmax(0, 1fr);}.kb-row-layout-id7516_4c6bf7-7d > .kt-row-layout-overlay{opacity:0.30;}@media all and (max-width: 1024px){.kb-row-layout-id7516_4c6bf7-7d > .kt-row-column-wrap{grid-template-columns:minmax(0, 1fr);}}@media all and (max-width: 767px){.kb-row-layout-id7516_4c6bf7-7d > .kt-row-column-wrap{padding-right:var(--global-kb-spacing-xxs, 0.5rem);padding-left:var(--global-kb-spacing-xxs, 0.5rem);grid-template-columns:minmax(0, 1fr);}}<\/style><div class=\"kb-row-layout-wrap kb-row-layout-id7516_4c6bf7-7d alignnone wp-block-kadence-rowlayout\"><div class=\"kt-row-column-wrap kt-has-1-columns kt-row-layout-equal kt-tab-layout-inherit kt-mobile-layout-row kt-row-valign-top\">\n<style>.kadence-column7516_131492-1f > .kt-inside-inner-col,.kadence-column7516_131492-1f > .kt-inside-inner-col:before{border-top-left-radius:0px;border-top-right-radius:0px;border-bottom-right-radius:0px;border-bottom-left-radius:0px;}.kadence-column7516_131492-1f > .kt-inside-inner-col{column-gap:var(--global-kb-gap-sm, 1rem);}.kadence-column7516_131492-1f > .kt-inside-inner-col{flex-direction:column;}.kadence-column7516_131492-1f > .kt-inside-inner-col > .aligncenter{width:100%;}.kadence-column7516_131492-1f > .kt-inside-inner-col:before{opacity:0.3;}.kadence-column7516_131492-1f{position:relative;}@media all and (max-width: 1024px){.kadence-column7516_131492-1f > .kt-inside-inner-col{flex-direction:column;justify-content:center;}}@media all and (max-width: 767px){.kadence-column7516_131492-1f > .kt-inside-inner-col{flex-direction:column;justify-content:center;}}<\/style>\n<div class=\"wp-block-kadence-column kadence-column7516_131492-1f\"><div class=\"kt-inside-inner-col\"><style>.wp-block-kadence-advancedheading.kt-adv-heading7516_339452-70, .wp-block-kadence-advancedheading.kt-adv-heading7516_339452-70[data-kb-block=\"kb-adv-heading7516_339452-70\"]{text-align:center;font-style:normal;}.wp-block-kadence-advancedheading.kt-adv-heading7516_339452-70 mark.kt-highlight, .wp-block-kadence-advancedheading.kt-adv-heading7516_339452-70[data-kb-block=\"kb-adv-heading7516_339452-70\"] mark.kt-highlight{font-style:normal;color:#f76a0c;-webkit-box-decoration-break:clone;box-decoration-break:clone;padding-top:0px;padding-right:0px;padding-bottom:0px;padding-left:0px;}@media all and (max-width: 767px){.wp-block-kadence-advancedheading.kt-adv-heading7516_339452-70, .wp-block-kadence-advancedheading.kt-adv-heading7516_339452-70[data-kb-block=\"kb-adv-heading7516_339452-70\"]{font-size:var(--global-kb-font-size-xl, 3rem);text-align:center!important;}}<\/style>\n<h1 class=\"kt-adv-heading7516_339452-70 wp-block-kadence-advancedheading\" data-kb-block=\"kb-adv-heading7516_339452-70\">Ense\u00f1anza en Dos Idiomas<\/h1>\n<\/div><\/div>\n\n<\/div><\/div>\n\n<style>.kb-row-layout-id7516_244ef3-3b > .kt-row-column-wrap{align-content:start;}:where(.kb-row-layout-id7516_244ef3-3b > .kt-row-column-wrap) > .wp-block-kadence-column{justify-content:start;}.kb-row-layout-id7516_244ef3-3b > .kt-row-column-wrap{column-gap:var(--global-kb-gap-md, 2rem);row-gap:var(--global-kb-gap-md, 2rem);padding-top:var(--global-kb-spacing-sm, 1.5rem);padding-bottom:var(--global-kb-spacing-sm, 1.5rem);grid-template-columns:minmax(0, 1fr);}.kb-row-layout-id7516_244ef3-3b > .kt-row-layout-overlay{opacity:0.30;}@media all and (max-width: 1024px){.kb-row-layout-id7516_244ef3-3b > .kt-row-column-wrap{grid-template-columns:minmax(0, 1fr);}}@media all and (max-width: 767px){.kb-row-layout-id7516_244ef3-3b > .kt-row-column-wrap{grid-template-columns:minmax(0, 1fr);}}<\/style><div class=\"kb-row-layout-wrap kb-row-layout-id7516_244ef3-3b alignfull wp-block-kadence-rowlayout\"><div class=\"kt-row-column-wrap kt-has-1-columns kt-row-layout-equal kt-tab-layout-inherit kt-mobile-layout-row kt-row-valign-top\">\n<style>.kadence-column7516_a3ae65-18 > .kt-inside-inner-col,.kadence-column7516_a3ae65-18 > .kt-inside-inner-col:before{border-top-left-radius:0px;border-top-right-radius:0px;border-bottom-right-radius:0px;border-bottom-left-radius:0px;}.kadence-column7516_a3ae65-18 > .kt-inside-inner-col{column-gap:var(--global-kb-gap-sm, 1rem);}.kadence-column7516_a3ae65-18 > .kt-inside-inner-col{flex-direction:column;}.kadence-column7516_a3ae65-18 > .kt-inside-inner-col > .aligncenter{width:100%;}.kadence-column7516_a3ae65-18 > .kt-inside-inner-col:before{opacity:0.3;}.kadence-column7516_a3ae65-18{position:relative;}@media all and (max-width: 1024px){.kadence-column7516_a3ae65-18 > .kt-inside-inner-col{flex-direction:column;justify-content:center;}}@media all and (max-width: 767px){.kadence-column7516_a3ae65-18 > .kt-inside-inner-col{flex-direction:column;justify-content:center;}}<\/style>\n<div class=\"wp-block-kadence-column kadence-column7516_a3ae65-18\"><div class=\"kt-inside-inner-col\"><style>.kb-image7516_f9cfbd-1b .kb-image-has-overlay:after{opacity:0.3;}<\/style>\n<figure class=\"wp-block-kadence-image kb-image7516_f9cfbd-1b alignfull kb-image-is-ratio-size\"><div class=\"kb-is-ratio-image kb-image-ratio-land169\"><img decoding=\"async\" src=\"https:\/\/oldims.nexodreams.com\/wp-content\/uploads\/2021\/03\/DUAL-LANGUAGE-PROGRAMME.jpg\" alt=\"International Montessori School Sotogrande\" class=\"kb-img\"\/><\/div><\/figure>\n<\/div><\/div>\n\n<\/div><\/div>\n\n<style>.kb-row-layout-id7516_29ec9a-17 > .kt-row-column-wrap{align-content:start;}:where(.kb-row-layout-id7516_29ec9a-17 > .kt-row-column-wrap) > .wp-block-kadence-column{justify-content:start;}.kb-row-layout-id7516_29ec9a-17 > .kt-row-column-wrap{column-gap:var(--global-kb-gap-md, 2rem);row-gap:var(--global-kb-gap-md, 2rem);padding-top:var(--global-kb-spacing-sm, 1.5rem);padding-right:var(--global-kb-spacing-md, 2rem);padding-bottom:var(--global-kb-spacing-3xl, 6.5rem);padding-left:var(--global-kb-spacing-xxl, 5rem);grid-template-columns:minmax(0, 1fr);}.kb-row-layout-id7516_29ec9a-17 > .kt-row-layout-overlay{opacity:0.30;}@media all and (max-width: 1024px){.kb-row-layout-id7516_29ec9a-17 > .kt-row-column-wrap{grid-template-columns:minmax(0, 1fr);}}@media all and (max-width: 767px){.kb-row-layout-id7516_29ec9a-17 > .kt-row-column-wrap{padding-right:var(--global-kb-spacing-xs, 1rem);padding-left:var(--global-kb-spacing-xs, 1rem);grid-template-columns:minmax(0, 1fr);}}<\/style><div class=\"kb-row-layout-wrap kb-row-layout-id7516_29ec9a-17 alignnone wp-block-kadence-rowlayout\"><div class=\"kt-row-column-wrap kt-has-1-columns kt-row-layout-equal kt-tab-layout-inherit kt-mobile-layout-row kt-row-valign-top\">\n<style>.kadence-column7516_d8a799-6b > .kt-inside-inner-col,.kadence-column7516_d8a799-6b > .kt-inside-inner-col:before{border-top-left-radius:0px;border-top-right-radius:0px;border-bottom-right-radius:0px;border-bottom-left-radius:0px;}.kadence-column7516_d8a799-6b > .kt-inside-inner-col{column-gap:var(--global-kb-gap-sm, 1rem);}.kadence-column7516_d8a799-6b > .kt-inside-inner-col{flex-direction:column;}.kadence-column7516_d8a799-6b > .kt-inside-inner-col > .aligncenter{width:100%;}.kadence-column7516_d8a799-6b > .kt-inside-inner-col:before{opacity:0.3;}.kadence-column7516_d8a799-6b{position:relative;}@media all and (max-width: 1024px){.kadence-column7516_d8a799-6b > .kt-inside-inner-col{flex-direction:column;justify-content:center;}}@media all and (max-width: 767px){.kadence-column7516_d8a799-6b > .kt-inside-inner-col{flex-direction:column;justify-content:center;}}<\/style>\n<div class=\"wp-block-kadence-column kadence-column7516_d8a799-6b\"><div class=\"kt-inside-inner-col\">\n<p>Nuestra escuela es \u00fanica en nuestra \u00e1rea, ya que ofrecemos un programa de inmersi\u00f3n en dos idiomas, espa\u00f1ol e ingl\u00e9s. \u00bfQu\u00e9 significa esto para el ni\u00f1o? A trav\u00e9s del aprendizaje basado en proyectos y con profesores que hablan espa\u00f1ol e ingl\u00e9s en el aula, desarrollar\u00e1n la capacidad de leer, escribir y hablar en ambos idiomas. Investigaciones en neurociencia han demostrado que estudiar un segundo idioma, aparte de las ventajas obvias de <strong>hablar dos idiomas, aumenta la densidad cerebral y las habilidades cognitivas<\/strong>. Estos beneficios cognitivos conducen a una mejora en la memoria de trabajo y un aumento en la atenci\u00f3n, as\u00ed como un impulso en las habilidades para resolver problemas en los estudiantes. Al desarrollar el biling\u00fcismo y la bialfabetizaci\u00f3n en un ambiente multicultural, estar\u00e1s proporcionando a tu hijo muchos beneficios y opciones educativas en sus futuras metas educativas.<\/p>\n\n\n<style>.wp-block-kadence-advancedheading.kt-adv-heading7516_b1e72c-de, .wp-block-kadence-advancedheading.kt-adv-heading7516_b1e72c-de[data-kb-block=\"kb-adv-heading7516_b1e72c-de\"]{padding-top:var(--global-kb-spacing-xl, 4rem);text-align:center;font-style:normal;}.wp-block-kadence-advancedheading.kt-adv-heading7516_b1e72c-de mark.kt-highlight, .wp-block-kadence-advancedheading.kt-adv-heading7516_b1e72c-de[data-kb-block=\"kb-adv-heading7516_b1e72c-de\"] mark.kt-highlight{font-style:normal;color:#f76a0c;-webkit-box-decoration-break:clone;box-decoration-break:clone;padding-top:0px;padding-right:0px;padding-bottom:0px;padding-left:0px;}<\/style>\n<h3 class=\"kt-adv-heading7516_b1e72c-de wp-block-kadence-advancedheading\" data-kb-block=\"kb-adv-heading7516_b1e72c-de\">Karina Chapa | TEDxMcAllen<\/h3>\n\n\n<style>.wp-block-kadence-advancedheading.kt-adv-heading7516_8aca4f-93, .wp-block-kadence-advancedheading.kt-adv-heading7516_8aca4f-93[data-kb-block=\"kb-adv-heading7516_8aca4f-93\"]{text-align:center;font-style:normal;}.wp-block-kadence-advancedheading.kt-adv-heading7516_8aca4f-93 mark.kt-highlight, .wp-block-kadence-advancedheading.kt-adv-heading7516_8aca4f-93[data-kb-block=\"kb-adv-heading7516_8aca4f-93\"] mark.kt-highlight{font-style:normal;color:#f76a0c;-webkit-box-decoration-break:clone;box-decoration-break:clone;padding-top:0px;padding-right:0px;padding-bottom:0px;padding-left:0px;}<\/style>\n<h2 class=\"kt-adv-heading7516_8aca4f-93 wp-block-kadence-advancedheading\" data-kb-block=\"kb-adv-heading7516_8aca4f-93\">El poder revolucionario del biling\u00fcismo<\/h2>\n\n\n\n<figure class=\"wp-block-embed aligncenter is-type-video is-provider-youtube wp-block-embed-youtube wp-embed-aspect-16-9 wp-has-aspect-ratio\"><div class=\"wp-block-embed__wrapper\">\n<iframe loading=\"lazy\" title=\"The revolutionary power of bilingualism | Karina Chapa | TEDxMcAllen\" width=\"720\" height=\"405\" src=\"https:\/\/www.youtube.com\/embed\/BMHEygNw6r0?feature=oembed\" frameborder=\"0\" allow=\"accelerometer; autoplay; clipboard-write; encrypted-media; gyroscope; picture-in-picture; web-share\" referrerpolicy=\"strict-origin-when-cross-origin\" allowfullscreen><\/iframe>\n<\/div><\/figure>\n<\/div><\/div>\n\n<\/div><\/div>\n\n<style>.kb-row-layout-id8214_cbdb06-2f > .kt-row-column-wrap{align-content:start;}:where(.kb-row-layout-id8214_cbdb06-2f > .kt-row-column-wrap) > .wp-block-kadence-column{justify-content:start;}.kb-row-layout-id8214_cbdb06-2f > .kt-row-column-wrap{column-gap:var(--global-kb-gap-md, 2rem);row-gap:var(--global-kb-gap-md, 2rem);padding-top:var(--global-kb-spacing-xl, 4rem);padding-bottom:var(--global-kb-spacing-lg, 3rem);grid-template-columns:minmax(0, 1fr);}.kb-row-layout-id8214_cbdb06-2f > .kt-row-layout-overlay{opacity:0.30;}@media all and (max-width: 1024px){.kb-row-layout-id8214_cbdb06-2f > .kt-row-column-wrap{grid-template-columns:minmax(0, 1fr);}}@media all and (max-width: 767px){.kb-row-layout-id8214_cbdb06-2f > .kt-row-column-wrap{grid-template-columns:minmax(0, 1fr);}}<\/style><div class=\"kb-row-layout-wrap kb-row-layout-id8214_cbdb06-2f alignfull has-theme-palette1-background-color kt-row-has-bg wp-block-kadence-rowlayout\"><div class=\"kt-row-column-wrap kt-has-1-columns kt-row-layout-equal kt-tab-layout-inherit kt-mobile-layout-row kt-row-valign-top\">\n<style>.kadence-column8214_4a950f-e6 > .kt-inside-inner-col,.kadence-column8214_4a950f-e6 > .kt-inside-inner-col:before{border-top-left-radius:0px;border-top-right-radius:0px;border-bottom-right-radius:0px;border-bottom-left-radius:0px;}.kadence-column8214_4a950f-e6 > .kt-inside-inner-col{column-gap:var(--global-kb-gap-sm, 1rem);}.kadence-column8214_4a950f-e6 > .kt-inside-inner-col{flex-direction:column;}.kadence-column8214_4a950f-e6 > .kt-inside-inner-col > .aligncenter{width:100%;}.kadence-column8214_4a950f-e6 > .kt-inside-inner-col:before{opacity:0.3;}.kadence-column8214_4a950f-e6{position:relative;}@media all and (max-width: 1024px){.kadence-column8214_4a950f-e6 > .kt-inside-inner-col{flex-direction:column;justify-content:center;}}@media all and (max-width: 767px){.kadence-column8214_4a950f-e6 > .kt-inside-inner-col{flex-direction:column;justify-content:center;}}<\/style>\n<div class=\"wp-block-kadence-column kadence-column8214_4a950f-e6\"><div class=\"kt-inside-inner-col\"><style>.wp-block-kadence-advancedheading.kt-adv-heading8214_a3a68f-44, .wp-block-kadence-advancedheading.kt-adv-heading8214_a3a68f-44[data-kb-block=\"kb-adv-heading8214_a3a68f-44\"]{text-align:center;font-style:normal;}.wp-block-kadence-advancedheading.kt-adv-heading8214_a3a68f-44 mark.kt-highlight, .wp-block-kadence-advancedheading.kt-adv-heading8214_a3a68f-44[data-kb-block=\"kb-adv-heading8214_a3a68f-44\"] mark.kt-highlight{font-style:normal;color:#f76a0c;-webkit-box-decoration-break:clone;box-decoration-break:clone;padding-top:0px;padding-right:0px;padding-bottom:0px;padding-left:0px;}<\/style>\n<h2 class=\"kt-adv-heading8214_a3a68f-44 wp-block-kadence-advancedheading has-theme-palette-2-color has-text-color\" data-kb-block=\"kb-adv-heading8214_a3a68f-44\">VEN A VISITARNOS<\/h2>\n\n\n<style>.wp-block-kadence-advancedbtn.kb-btns8214_568712-6b{gap:var(--global-kb-gap-xs, 0.5rem );justify-content:center;align-items:center;}.kt-btns8214_568712-6b .kt-button{font-weight:normal;font-style:normal;}.kt-btns8214_568712-6b .kt-btn-wrap-0{margin-right:5px;}.wp-block-kadence-advancedbtn.kt-btns8214_568712-6b .kt-btn-wrap-0 .kt-button{color:#555555;border-color:#555555;}.wp-block-kadence-advancedbtn.kt-btns8214_568712-6b .kt-btn-wrap-0 .kt-button:hover, .wp-block-kadence-advancedbtn.kt-btns8214_568712-6b .kt-btn-wrap-0 .kt-button:focus{color:#ffffff;border-color:#444444;}.wp-block-kadence-advancedbtn.kt-btns8214_568712-6b .kt-btn-wrap-0 .kt-button::before{display:none;}.wp-block-kadence-advancedbtn.kt-btns8214_568712-6b .kt-btn-wrap-0 .kt-button:hover, .wp-block-kadence-advancedbtn.kt-btns8214_568712-6b .kt-btn-wrap-0 .kt-button:focus{background:#444444;}<\/style>\n<div class=\"wp-block-kadence-advancedbtn kb-buttons-wrap kb-btns8214_568712-6b\"><style>ul.menu .wp-block-kadence-advancedbtn .kb-btn8214_d6567d-59.kb-button{width:initial;}.wp-block-kadence-advancedbtn .kb-btn8214_d6567d-59.kb-button{color:var(--global-palette9, #ffffff);background:var(--global-palette2, #2B6CB0);}.wp-block-kadence-advancedbtn .kb-btn8214_d6567d-59.kb-button:hover, .wp-block-kadence-advancedbtn .kb-btn8214_d6567d-59.kb-button:focus{color:var(--global-palette9, #ffffff);background:var(--global-palette2, #2B6CB0);border-top-color:var(--global-palette9, #ffffff);border-top-style:solid;border-right-color:var(--global-palette9, #ffffff);border-right-style:solid;border-bottom-color:var(--global-palette9, #ffffff);border-bottom-style:solid;border-left-color:var(--global-palette9, #ffffff);border-left-style:solid;}@media all and (max-width: 1024px){.wp-block-kadence-advancedbtn .kb-btn8214_d6567d-59.kb-button:hover, .wp-block-kadence-advancedbtn .kb-btn8214_d6567d-59.kb-button:focus{border-top-color:var(--global-palette9, #ffffff);border-top-style:solid;border-right-color:var(--global-palette9, #ffffff);border-right-style:solid;border-bottom-color:var(--global-palette9, #ffffff);border-bottom-style:solid;border-left-color:var(--global-palette9, #ffffff);border-left-style:solid;}}@media all and (max-width: 767px){.wp-block-kadence-advancedbtn .kb-btn8214_d6567d-59.kb-button:hover, .wp-block-kadence-advancedbtn .kb-btn8214_d6567d-59.kb-button:focus{border-top-color:var(--global-palette9, #ffffff);border-top-style:solid;border-right-color:var(--global-palette9, #ffffff);border-right-style:solid;border-bottom-color:var(--global-palette9, #ffffff);border-bottom-style:solid;border-left-color:var(--global-palette9, #ffffff);border-left-style:solid;}}<\/style><a class=\"kb-button kt-button button kb-btn8214_d6567d-59 kt-btn-size-standard kt-btn-width-type-auto kb-btn-global-fill kt-btn-has-text-true kt-btn-has-svg-false  wp-block-kadence-singlebtn\" href=\"https:\/\/oldims.nexodreams.com\/es\/contactar-ims\/\"><span class=\"kt-btn-inner-text\">RESERVA TU CITA<\/span><\/a><\/div>\n<\/div><\/div>\n\n<\/div><\/div>","protected":false},"excerpt":{"rendered":"<p>Ense\u00f1anza en Dos Idiomas Nuestra escuela es \u00fanica en nuestra \u00e1rea, ya que ofrecemos un programa de inmersi\u00f3n en dos idiomas, espa\u00f1ol e ingl\u00e9s. \u00bfQu\u00e9 significa esto para el ni\u00f1o? A trav\u00e9s del aprendizaje basado en proyectos y con profesores que hablan espa\u00f1ol e ingl\u00e9s en el aula, desarrollar\u00e1n la capacidad de leer, escribir y&#8230;<\/p>\n","protected":false},"author":3,"featured_media":0,"parent":0,"menu_order":32,"comment_status":"closed","ping_status":"closed","template":"","meta":{"_acf_changed":false,"_seopress_robots_primary_cat":"","_seopress_titles_title":"Dual Language | International Montessori School ","_seopress_titles_desc":"Our school is unique in our area, we offer a dual language Spanish and English immersion programme with Spanish and English speaking teachers in the classroom.","_seopress_robots_index":"","_kad_blocks_custom_css":"","_kad_blocks_head_custom_js":"","_kad_blocks_body_custom_js":"","_kad_blocks_footer_custom_js":"","_kad_post_transparent":"","_kad_post_title":"","_kad_post_layout":"","_kad_post_sidebar_id":"","_kad_post_content_style":"","_kad_post_vertical_padding":"","_kad_post_feature":"","_kad_post_feature_position":"","_kad_post_header":false,"_kad_post_footer":false,"footnotes":""},"class_list":["post-7516","page","type-page","status-publish","hentry"],"acf":[],"taxonomy_info":[],"featured_image_src_large":false,"author_info":{"display_name":"IMS Sotogrande Montessori","author_link":"https:\/\/oldims.nexodreams.com\/es\/author\/ims-sotograndes\/"},"comment_info":0,"_links":{"self":[{"href":"https:\/\/oldims.nexodreams.com\/es\/wp-json\/wp\/v2\/pages\/7516","targetHints":{"allow":["GET"]}}],"collection":[{"href":"https:\/\/oldims.nexodreams.com\/es\/wp-json\/wp\/v2\/pages"}],"about":[{"href":"https:\/\/oldims.nexodreams.com\/es\/wp-json\/wp\/v2\/types\/page"}],"author":[{"embeddable":true,"href":"https:\/\/oldims.nexodreams.com\/es\/wp-json\/wp\/v2\/users\/3"}],"replies":[{"embeddable":true,"href":"https:\/\/oldims.nexodreams.com\/es\/wp-json\/wp\/v2\/comments?post=7516"}],"version-history":[{"count":11,"href":"https:\/\/oldims.nexodreams.com\/es\/wp-json\/wp\/v2\/pages\/7516\/revisions"}],"predecessor-version":[{"id":9267,"href":"https:\/\/oldims.nexodreams.com\/es\/wp-json\/wp\/v2\/pages\/7516\/revisions\/9267"}],"wp:attachment":[{"href":"https:\/\/oldims.nexodreams.com\/es\/wp-json\/wp\/v2\/media?parent=7516"}],"curies":[{"name":"wp","href":"https:\/\/api.w.org\/{rel}","templated":true}]}}