{"id":7528,"date":"2020-11-17T09:25:25","date_gmt":"2020-11-17T09:25:25","guid":{"rendered":"https:\/\/oldims.nexodreams.com\/external-activities\/"},"modified":"2024-04-24T21:43:52","modified_gmt":"2024-04-24T21:43:52","slug":"el-centro-de-aprendizaje","status":"publish","type":"page","link":"https:\/\/oldims.nexodreams.com\/es\/el-centro-de-aprendizaje\/","title":{"rendered":"El Centro de Aprendizaje"},"content":{"rendered":"<style>.kb-row-layout-id7528_f6db33-d2 > .kt-row-column-wrap{align-content:start;}:where(.kb-row-layout-id7528_f6db33-d2 > .kt-row-column-wrap) > .wp-block-kadence-column{justify-content:start;}.kb-row-layout-id7528_f6db33-d2 > .kt-row-column-wrap{column-gap:var(--global-kb-gap-md, 2rem);row-gap:var(--global-kb-gap-md, 2rem);max-width:870px;margin-left:auto;margin-right:auto;padding-top:var(--global-kb-spacing-xl, 4rem);padding-right:var(--global-kb-spacing-xs, 1rem);padding-bottom:var(--global-kb-spacing-3xl, 6.5rem);padding-left:var(--global-kb-spacing-xs, 1rem);grid-template-columns:minmax(0, 1fr);}.kb-row-layout-id7528_f6db33-d2 > .kt-row-layout-overlay{opacity:0.30;}@media all and (max-width: 1024px){.kb-row-layout-id7528_f6db33-d2 > .kt-row-column-wrap{grid-template-columns:minmax(0, 1fr);}}@media all and (max-width: 767px){.kb-row-layout-id7528_f6db33-d2 > .kt-row-column-wrap{grid-template-columns:minmax(0, 1fr);}}<\/style><div class=\"kb-row-layout-wrap kb-row-layout-id7528_f6db33-d2 alignnone wp-block-kadence-rowlayout\"><div class=\"kt-row-column-wrap kt-has-1-columns kt-row-layout-equal kt-tab-layout-inherit kt-mobile-layout-row kt-row-valign-top\">\n<style>.kadence-column7528_25a692-5f > .kt-inside-inner-col,.kadence-column7528_25a692-5f > .kt-inside-inner-col:before{border-top-left-radius:0px;border-top-right-radius:0px;border-bottom-right-radius:0px;border-bottom-left-radius:0px;}.kadence-column7528_25a692-5f > .kt-inside-inner-col{column-gap:var(--global-kb-gap-sm, 1rem);}.kadence-column7528_25a692-5f > .kt-inside-inner-col{flex-direction:column;}.kadence-column7528_25a692-5f > .kt-inside-inner-col > .aligncenter{width:100%;}.kadence-column7528_25a692-5f > .kt-inside-inner-col:before{opacity:0.3;}.kadence-column7528_25a692-5f{position:relative;}@media all and (max-width: 1024px){.kadence-column7528_25a692-5f > .kt-inside-inner-col{flex-direction:column;justify-content:center;}}@media all and (max-width: 767px){.kadence-column7528_25a692-5f > .kt-inside-inner-col{flex-direction:column;justify-content:center;}}<\/style>\n<div class=\"wp-block-kadence-column kadence-column7528_25a692-5f\"><div class=\"kt-inside-inner-col\"><style>.wp-block-kadence-advancedheading.kt-adv-heading7528_301971-ac, .wp-block-kadence-advancedheading.kt-adv-heading7528_301971-ac[data-kb-block=\"kb-adv-heading7528_301971-ac\"]{font-style:normal;}.wp-block-kadence-advancedheading.kt-adv-heading7528_301971-ac mark.kt-highlight, .wp-block-kadence-advancedheading.kt-adv-heading7528_301971-ac[data-kb-block=\"kb-adv-heading7528_301971-ac\"] mark.kt-highlight{font-style:normal;color:#f76a0c;-webkit-box-decoration-break:clone;box-decoration-break:clone;padding-top:0px;padding-right:0px;padding-bottom:0px;padding-left:0px;}@media all and (max-width: 767px){.wp-block-kadence-advancedheading.kt-adv-heading7528_301971-ac, .wp-block-kadence-advancedheading.kt-adv-heading7528_301971-ac[data-kb-block=\"kb-adv-heading7528_301971-ac\"]{font-size:var(--global-kb-font-size-xl, 3rem);text-align:center!important;}}<\/style>\n<h1 class=\"kt-adv-heading7528_301971-ac wp-block-kadence-advancedheading\" data-kb-block=\"kb-adv-heading7528_301971-ac\">Actividades Externas<\/h1>\n\n\n\n<p>Ofrecemos una emocionante gama de actividades extracurriculares en constante expansi\u00f3n ofrecidas por especialistas locales.<\/p>\n\n\n\n<ul class=\"wp-block-list\">\n<li>Danceworks tiene su sede en IMS y ofrece una amplia gama de diferentes clases de danza para adaptarse a todas las edades y estilos. <a href=\"https:\/\/www.danceworks-spain.com\/\">https:\/\/www.danceworks-spain.com\/<\/a><\/li>\n\n\n\n<li>Yoga para ni\u00f1os. <a>yogitricious@gmail.com<\/a><\/li>\n\n\n\n<li><a href=\"Aikido: clases de autodefensa que ense\u00f1an a los ni\u00f1os el arte del autocontrol, una buena respiraci\u00f3n y defensa segura. info@cai-club.com\">Aikido: self defence classes teaching children the art of self control, good breathing and safe defence. info@cai-club.com<\/a><\/li>\n\n\n\n<li>Arte y Creatividad. <a>ralu.vero@gmail.com<\/a><\/li>\n\n\n\n<li>Talleres Montessori. <a>info@ims-sotogrande.com<\/a><\/li>\n\n\n\n<li>Drama y M\u00fasica en ingl\u00e9s. <a>kristinacamino@yahoo.co.uk<\/a><\/li>\n<\/ul>\n\n\n\n<p>Y muy pronto, la Escuela de M\u00fasica IMS, un club reci\u00e9n formado dise\u00f1ado para introducir a los j\u00f3venes en el maravilloso mundo de la m\u00fasica y aprender a tocar un instrumento.<\/p>\n<\/div><\/div>\n\n<\/div><\/div>","protected":false},"excerpt":{"rendered":"<p>Actividades Externas Ofrecemos una emocionante gama de actividades extracurriculares en constante expansi\u00f3n ofrecidas por especialistas locales. Y muy pronto, la Escuela de M\u00fasica IMS, un club reci\u00e9n formado dise\u00f1ado para introducir a los j\u00f3venes en el maravilloso mundo de la m\u00fasica y aprender a tocar un instrumento.<\/p>\n","protected":false},"author":3,"featured_media":0,"parent":0,"menu_order":33,"comment_status":"closed","ping_status":"closed","template":"","meta":{"_acf_changed":false,"_seopress_robots_primary_cat":"","_seopress_titles_title":"","_seopress_titles_desc":"","_seopress_robots_index":"","_kad_blocks_custom_css":"","_kad_blocks_head_custom_js":"","_kad_blocks_body_custom_js":"","_kad_blocks_footer_custom_js":"","_kad_post_transparent":"","_kad_post_title":"","_kad_post_layout":"","_kad_post_sidebar_id":"","_kad_post_content_style":"","_kad_post_vertical_padding":"","_kad_post_feature":"","_kad_post_feature_position":"","_kad_post_header":false,"_kad_post_footer":false,"footnotes":""},"class_list":["post-7528","page","type-page","status-publish","hentry"],"acf":[],"taxonomy_info":[],"featured_image_src_large":false,"author_info":{"display_name":"IMS Sotogrande Montessori","author_link":"https:\/\/oldims.nexodreams.com\/es\/author\/ims-sotograndes\/"},"comment_info":0,"_links":{"self":[{"href":"https:\/\/oldims.nexodreams.com\/es\/wp-json\/wp\/v2\/pages\/7528","targetHints":{"allow":["GET"]}}],"collection":[{"href":"https:\/\/oldims.nexodreams.com\/es\/wp-json\/wp\/v2\/pages"}],"about":[{"href":"https:\/\/oldims.nexodreams.com\/es\/wp-json\/wp\/v2\/types\/page"}],"author":[{"embeddable":true,"href":"https:\/\/oldims.nexodreams.com\/es\/wp-json\/wp\/v2\/users\/3"}],"replies":[{"embeddable":true,"href":"https:\/\/oldims.nexodreams.com\/es\/wp-json\/wp\/v2\/comments?post=7528"}],"version-history":[{"count":4,"href":"https:\/\/oldims.nexodreams.com\/es\/wp-json\/wp\/v2\/pages\/7528\/revisions"}],"predecessor-version":[{"id":8422,"href":"https:\/\/oldims.nexodreams.com\/es\/wp-json\/wp\/v2\/pages\/7528\/revisions\/8422"}],"wp:attachment":[{"href":"https:\/\/oldims.nexodreams.com\/es\/wp-json\/wp\/v2\/media?parent=7528"}],"curies":[{"name":"wp","href":"https:\/\/api.w.org\/{rel}","templated":true}]}}