{"id":7530,"date":"2020-11-17T09:20:17","date_gmt":"2020-11-17T09:20:17","guid":{"rendered":"https:\/\/oldims.nexodreams.com\/extra-hours-afternoon-activities\/"},"modified":"2024-11-05T21:55:56","modified_gmt":"2024-11-05T21:55:56","slug":"extra-hours-afternoon-activities","status":"publish","type":"page","link":"https:\/\/oldims.nexodreams.com\/es\/extra-hours-afternoon-activities\/","title":{"rendered":"Club Despu\u00e9s de la Escuela"},"content":{"rendered":"<style>.kb-row-layout-id7530_380499-b1 > .kt-row-column-wrap{align-content:start;}:where(.kb-row-layout-id7530_380499-b1 > .kt-row-column-wrap) > .wp-block-kadence-column{justify-content:start;}.kb-row-layout-id7530_380499-b1 > .kt-row-column-wrap{column-gap:var(--global-kb-gap-md, 2rem);row-gap:var(--global-kb-gap-md, 2rem);max-width:944px;margin-left:auto;margin-right:auto;padding-top:var(--global-kb-spacing-xxl, 5rem);padding-bottom:var(--global-kb-spacing-xl, 4rem);grid-template-columns:minmax(0, 1fr);}.kb-row-layout-id7530_380499-b1 > .kt-row-layout-overlay{opacity:0.30;}@media all and (max-width: 1024px){.kb-row-layout-id7530_380499-b1 > .kt-row-column-wrap{grid-template-columns:minmax(0, 1fr);}}@media all and (max-width: 767px){.kb-row-layout-id7530_380499-b1 > .kt-row-column-wrap{padding-right:var(--global-kb-spacing-xxs, 0.5rem);padding-left:var(--global-kb-spacing-xxs, 0.5rem);grid-template-columns:minmax(0, 1fr);}}<\/style><div class=\"kb-row-layout-wrap kb-row-layout-id7530_380499-b1 alignnone wp-block-kadence-rowlayout\"><div class=\"kt-row-column-wrap kt-has-1-columns kt-row-layout-equal kt-tab-layout-inherit kt-mobile-layout-row kt-row-valign-top\">\n<style>.kadence-column7530_3fcc4f-fb > .kt-inside-inner-col,.kadence-column7530_3fcc4f-fb > .kt-inside-inner-col:before{border-top-left-radius:0px;border-top-right-radius:0px;border-bottom-right-radius:0px;border-bottom-left-radius:0px;}.kadence-column7530_3fcc4f-fb > .kt-inside-inner-col{column-gap:var(--global-kb-gap-sm, 1rem);}.kadence-column7530_3fcc4f-fb > .kt-inside-inner-col{flex-direction:column;}.kadence-column7530_3fcc4f-fb > .kt-inside-inner-col > .aligncenter{width:100%;}.kadence-column7530_3fcc4f-fb > .kt-inside-inner-col:before{opacity:0.3;}.kadence-column7530_3fcc4f-fb{position:relative;}@media all and (max-width: 1024px){.kadence-column7530_3fcc4f-fb > .kt-inside-inner-col{flex-direction:column;justify-content:center;}}@media all and (max-width: 767px){.kadence-column7530_3fcc4f-fb > .kt-inside-inner-col{flex-direction:column;justify-content:center;}}<\/style>\n<div class=\"wp-block-kadence-column kadence-column7530_3fcc4f-fb\"><div class=\"kt-inside-inner-col\"><style>.wp-block-kadence-advancedheading.kt-adv-heading7530_f0c4e1-86, .wp-block-kadence-advancedheading.kt-adv-heading7530_f0c4e1-86[data-kb-block=\"kb-adv-heading7530_f0c4e1-86\"]{text-align:center;font-style:normal;}.wp-block-kadence-advancedheading.kt-adv-heading7530_f0c4e1-86 mark.kt-highlight, .wp-block-kadence-advancedheading.kt-adv-heading7530_f0c4e1-86[data-kb-block=\"kb-adv-heading7530_f0c4e1-86\"] mark.kt-highlight{font-style:normal;color:#f76a0c;-webkit-box-decoration-break:clone;box-decoration-break:clone;padding-top:0px;padding-right:0px;padding-bottom:0px;padding-left:0px;}@media all and (max-width: 767px){.wp-block-kadence-advancedheading.kt-adv-heading7530_f0c4e1-86, .wp-block-kadence-advancedheading.kt-adv-heading7530_f0c4e1-86[data-kb-block=\"kb-adv-heading7530_f0c4e1-86\"]{font-size:32px;}}<\/style>\n<h1 class=\"kt-adv-heading7530_f0c4e1-86 wp-block-kadence-advancedheading\" data-kb-block=\"kb-adv-heading7530_f0c4e1-86\">Horas Extra y Actividades de Tarde<\/h1>\n\n\n<style>.kb-image7530_e97ed9-fb .kb-image-has-overlay:after{opacity:0.3;}<\/style>\n<div class=\"wp-block-kadence-image kb-image7530_e97ed9-fb\"><figure class=\"aligncenter size-full\"><img loading=\"lazy\" decoding=\"async\" width=\"850\" height=\"567\" src=\"https:\/\/oldims.nexodreams.com\/wp-content\/uploads\/2020\/11\/Extracurricular-Activities-The-International-Montessori-School-in-Sotogrande-Ca\u0301diz-Spain.jpg\" alt=\"Extracurricular Activities- The International Montessori School in Sotogrande, Ca\u0301diz - Spain\" class=\"kb-img wp-image-2530\" srcset=\"https:\/\/oldims.nexodreams.com\/wp-content\/uploads\/2020\/11\/Extracurricular-Activities-The-International-Montessori-School-in-Sotogrande-Ca\u0301diz-Spain.jpg 850w, https:\/\/oldims.nexodreams.com\/wp-content\/uploads\/2020\/11\/Extracurricular-Activities-The-International-Montessori-School-in-Sotogrande-Ca\u0301diz-Spain-300x200.jpg 300w, https:\/\/oldims.nexodreams.com\/wp-content\/uploads\/2020\/11\/Extracurricular-Activities-The-International-Montessori-School-in-Sotogrande-Ca\u0301diz-Spain-768x512.jpg 768w\" sizes=\"auto, (max-width: 850px) 100vw, 850px\" \/><\/figure><\/div>\n\n\n<style>.wp-block-kadence-advancedheading.kt-adv-heading7530_e67960-3f, .wp-block-kadence-advancedheading.kt-adv-heading7530_e67960-3f[data-kb-block=\"kb-adv-heading7530_e67960-3f\"]{text-align:center;font-style:normal;}.wp-block-kadence-advancedheading.kt-adv-heading7530_e67960-3f mark.kt-highlight, .wp-block-kadence-advancedheading.kt-adv-heading7530_e67960-3f[data-kb-block=\"kb-adv-heading7530_e67960-3f\"] mark.kt-highlight{font-style:normal;color:#f76a0c;-webkit-box-decoration-break:clone;box-decoration-break:clone;padding-top:0px;padding-right:0px;padding-bottom:0px;padding-left:0px;}<\/style>\n<p class=\"kt-adv-heading7530_e67960-3f wp-block-kadence-advancedheading\" data-kb-block=\"kb-adv-heading7530_e67960-3f\">La escuela est\u00e1 abierta de 7:30 a 18:00, y los padres pueden contratar horas extra al final del d\u00eda despu\u00e9s de que terminen las clases. Se proporciona a los ni\u00f1os una merienda saludable y actividades de tarde.<\/p>\n<\/div><\/div>\n\n<\/div><\/div>\n\n<style>.kb-row-layout-id8232_0cabc3-c4 > .kt-row-column-wrap{align-content:start;}:where(.kb-row-layout-id8232_0cabc3-c4 > .kt-row-column-wrap) > .wp-block-kadence-column{justify-content:start;}.kb-row-layout-id8232_0cabc3-c4 > .kt-row-column-wrap{column-gap:var(--global-kb-gap-md, 2rem);row-gap:var(--global-kb-gap-md, 2rem);padding-top:var(--global-kb-spacing-xl, 4rem);padding-bottom:var(--global-kb-spacing-lg, 3rem);grid-template-columns:minmax(0, 1fr);}.kb-row-layout-id8232_0cabc3-c4 > .kt-row-layout-overlay{opacity:0.30;}@media all and (max-width: 1024px){.kb-row-layout-id8232_0cabc3-c4 > .kt-row-column-wrap{grid-template-columns:minmax(0, 1fr);}}@media all and (max-width: 767px){.kb-row-layout-id8232_0cabc3-c4 > .kt-row-column-wrap{grid-template-columns:minmax(0, 1fr);}}<\/style><div class=\"kb-row-layout-wrap kb-row-layout-id8232_0cabc3-c4 alignfull has-theme-palette1-background-color kt-row-has-bg wp-block-kadence-rowlayout\"><div class=\"kt-row-column-wrap kt-has-1-columns kt-row-layout-equal kt-tab-layout-inherit kt-mobile-layout-row kt-row-valign-top\">\n<style>.kadence-column8232_9404bb-2a > .kt-inside-inner-col,.kadence-column8232_9404bb-2a > .kt-inside-inner-col:before{border-top-left-radius:0px;border-top-right-radius:0px;border-bottom-right-radius:0px;border-bottom-left-radius:0px;}.kadence-column8232_9404bb-2a > .kt-inside-inner-col{column-gap:var(--global-kb-gap-sm, 1rem);}.kadence-column8232_9404bb-2a > .kt-inside-inner-col{flex-direction:column;}.kadence-column8232_9404bb-2a > .kt-inside-inner-col > .aligncenter{width:100%;}.kadence-column8232_9404bb-2a > .kt-inside-inner-col:before{opacity:0.3;}.kadence-column8232_9404bb-2a{position:relative;}@media all and (max-width: 1024px){.kadence-column8232_9404bb-2a > .kt-inside-inner-col{flex-direction:column;justify-content:center;}}@media all and (max-width: 767px){.kadence-column8232_9404bb-2a > .kt-inside-inner-col{flex-direction:column;justify-content:center;}}<\/style>\n<div class=\"wp-block-kadence-column kadence-column8232_9404bb-2a\"><div class=\"kt-inside-inner-col\"><style>.wp-block-kadence-advancedheading.kt-adv-heading8232_663e57-06, .wp-block-kadence-advancedheading.kt-adv-heading8232_663e57-06[data-kb-block=\"kb-adv-heading8232_663e57-06\"]{text-align:center;font-style:normal;}.wp-block-kadence-advancedheading.kt-adv-heading8232_663e57-06 mark.kt-highlight, .wp-block-kadence-advancedheading.kt-adv-heading8232_663e57-06[data-kb-block=\"kb-adv-heading8232_663e57-06\"] mark.kt-highlight{font-style:normal;color:#f76a0c;-webkit-box-decoration-break:clone;box-decoration-break:clone;padding-top:0px;padding-right:0px;padding-bottom:0px;padding-left:0px;}<\/style>\n<h2 class=\"kt-adv-heading8232_663e57-06 wp-block-kadence-advancedheading has-theme-palette-2-color has-text-color\" data-kb-block=\"kb-adv-heading8232_663e57-06\">VEN A VISITARNOS<\/h2>\n\n\n<style>.wp-block-kadence-advancedbtn.kb-btns8232_fedf40-7d{gap:var(--global-kb-gap-xs, 0.5rem );justify-content:center;align-items:center;}.kt-btns8232_fedf40-7d .kt-button{font-weight:normal;font-style:normal;}.kt-btns8232_fedf40-7d .kt-btn-wrap-0{margin-right:5px;}.wp-block-kadence-advancedbtn.kt-btns8232_fedf40-7d .kt-btn-wrap-0 .kt-button{color:#555555;border-color:#555555;}.wp-block-kadence-advancedbtn.kt-btns8232_fedf40-7d .kt-btn-wrap-0 .kt-button:hover, .wp-block-kadence-advancedbtn.kt-btns8232_fedf40-7d .kt-btn-wrap-0 .kt-button:focus{color:#ffffff;border-color:#444444;}.wp-block-kadence-advancedbtn.kt-btns8232_fedf40-7d .kt-btn-wrap-0 .kt-button::before{display:none;}.wp-block-kadence-advancedbtn.kt-btns8232_fedf40-7d .kt-btn-wrap-0 .kt-button:hover, .wp-block-kadence-advancedbtn.kt-btns8232_fedf40-7d .kt-btn-wrap-0 .kt-button:focus{background:#444444;}<\/style>\n<div class=\"wp-block-kadence-advancedbtn kb-buttons-wrap kb-btns8232_fedf40-7d\"><style>ul.menu .wp-block-kadence-advancedbtn .kb-btn8232_34be4e-47.kb-button{width:initial;}.wp-block-kadence-advancedbtn .kb-btn8232_34be4e-47.kb-button{color:var(--global-palette9, #ffffff);background:var(--global-palette2, #2B6CB0);}.wp-block-kadence-advancedbtn .kb-btn8232_34be4e-47.kb-button:hover, .wp-block-kadence-advancedbtn .kb-btn8232_34be4e-47.kb-button:focus{color:var(--global-palette9, #ffffff);background:var(--global-palette2, #2B6CB0);border-top-color:var(--global-palette9, #ffffff);border-top-style:solid;border-right-color:var(--global-palette9, #ffffff);border-right-style:solid;border-bottom-color:var(--global-palette9, #ffffff);border-bottom-style:solid;border-left-color:var(--global-palette9, #ffffff);border-left-style:solid;}@media all and (max-width: 1024px){.wp-block-kadence-advancedbtn .kb-btn8232_34be4e-47.kb-button:hover, .wp-block-kadence-advancedbtn .kb-btn8232_34be4e-47.kb-button:focus{border-top-color:var(--global-palette9, #ffffff);border-top-style:solid;border-right-color:var(--global-palette9, #ffffff);border-right-style:solid;border-bottom-color:var(--global-palette9, #ffffff);border-bottom-style:solid;border-left-color:var(--global-palette9, #ffffff);border-left-style:solid;}}@media all and (max-width: 767px){.wp-block-kadence-advancedbtn .kb-btn8232_34be4e-47.kb-button:hover, .wp-block-kadence-advancedbtn .kb-btn8232_34be4e-47.kb-button:focus{border-top-color:var(--global-palette9, #ffffff);border-top-style:solid;border-right-color:var(--global-palette9, #ffffff);border-right-style:solid;border-bottom-color:var(--global-palette9, #ffffff);border-bottom-style:solid;border-left-color:var(--global-palette9, #ffffff);border-left-style:solid;}}<\/style><a class=\"kb-button kt-button button kb-btn8232_34be4e-47 kt-btn-size-standard kt-btn-width-type-auto kb-btn-global-fill kt-btn-has-text-true kt-btn-has-svg-false  wp-block-kadence-singlebtn\" href=\"https:\/\/oldims.nexodreams.com\/es\/contactar-ims\/\"><span class=\"kt-btn-inner-text\">RESERVA TU CITA<\/span><\/a><\/div>\n<\/div><\/div>\n\n<\/div><\/div>","protected":false},"excerpt":{"rendered":"<p>Horas Extra y Actividades de Tarde La escuela est\u00e1 abierta de 7:30 a 18:00, y los padres pueden contratar horas extra al final del d\u00eda despu\u00e9s de que terminen las clases. Se proporciona a los ni\u00f1os una merienda saludable y actividades de tarde.<\/p>\n","protected":false},"author":3,"featured_media":0,"parent":0,"menu_order":43,"comment_status":"closed","ping_status":"closed","template":"","meta":{"_acf_changed":false,"_seopress_robots_primary_cat":"","_seopress_titles_title":"After School | International Montessori School ","_seopress_titles_desc":"The school is open from 7:30am until 18:00pm but parents can also arrange for their child to attend after school activities.\n","_seopress_robots_index":"","_kad_blocks_custom_css":"","_kad_blocks_head_custom_js":"","_kad_blocks_body_custom_js":"","_kad_blocks_footer_custom_js":"","_kad_post_transparent":"","_kad_post_title":"","_kad_post_layout":"","_kad_post_sidebar_id":"","_kad_post_content_style":"","_kad_post_vertical_padding":"","_kad_post_feature":"","_kad_post_feature_position":"","_kad_post_header":false,"_kad_post_footer":false,"footnotes":""},"class_list":["post-7530","page","type-page","status-publish","hentry"],"acf":[],"taxonomy_info":[],"featured_image_src_large":false,"author_info":{"display_name":"IMS Sotogrande Montessori","author_link":"https:\/\/oldims.nexodreams.com\/es\/author\/ims-sotograndes\/"},"comment_info":0,"_links":{"self":[{"href":"https:\/\/oldims.nexodreams.com\/es\/wp-json\/wp\/v2\/pages\/7530","targetHints":{"allow":["GET"]}}],"collection":[{"href":"https:\/\/oldims.nexodreams.com\/es\/wp-json\/wp\/v2\/pages"}],"about":[{"href":"https:\/\/oldims.nexodreams.com\/es\/wp-json\/wp\/v2\/types\/page"}],"author":[{"embeddable":true,"href":"https:\/\/oldims.nexodreams.com\/es\/wp-json\/wp\/v2\/users\/3"}],"replies":[{"embeddable":true,"href":"https:\/\/oldims.nexodreams.com\/es\/wp-json\/wp\/v2\/comments?post=7530"}],"version-history":[{"count":8,"href":"https:\/\/oldims.nexodreams.com\/es\/wp-json\/wp\/v2\/pages\/7530\/revisions"}],"predecessor-version":[{"id":8790,"href":"https:\/\/oldims.nexodreams.com\/es\/wp-json\/wp\/v2\/pages\/7530\/revisions\/8790"}],"wp:attachment":[{"href":"https:\/\/oldims.nexodreams.com\/es\/wp-json\/wp\/v2\/media?parent=7530"}],"curies":[{"name":"wp","href":"https:\/\/api.w.org\/{rel}","templated":true}]}}