{"id":7548,"date":"2020-12-23T10:23:36","date_gmt":"2020-12-23T10:23:36","guid":{"rendered":"https:\/\/oldims.nexodreams.com\/lunch-health-education\/"},"modified":"2024-04-29T10:24:29","modified_gmt":"2024-04-29T10:24:29","slug":"lunch-health-education","status":"publish","type":"page","link":"https:\/\/oldims.nexodreams.com\/es\/lunch-health-education\/","title":{"rendered":"Almuerzo y Educaci\u00f3n para la Salud"},"content":{"rendered":"<style>.kb-row-layout-id7548_fac0b4-2d > .kt-row-column-wrap{align-content:start;}:where(.kb-row-layout-id7548_fac0b4-2d > .kt-row-column-wrap) > .wp-block-kadence-column{justify-content:start;}.kb-row-layout-id7548_fac0b4-2d > .kt-row-column-wrap{column-gap:var(--global-kb-gap-md, 2rem);row-gap:var(--global-kb-gap-md, 2rem);padding-top:var(--global-kb-spacing-xl, 4rem);padding-right:var(--global-kb-spacing-md, 2rem);padding-bottom:var(--global-kb-spacing-sm, 1.5rem);padding-left:var(--global-kb-spacing-4xl, 8rem);grid-template-columns:minmax(0, 1fr);}.kb-row-layout-id7548_fac0b4-2d > .kt-row-layout-overlay{opacity:0.30;}@media all and (max-width: 1024px){.kb-row-layout-id7548_fac0b4-2d > .kt-row-column-wrap{grid-template-columns:minmax(0, 1fr);}}@media all and (max-width: 767px){.kb-row-layout-id7548_fac0b4-2d > .kt-row-column-wrap{padding-right:var(--global-kb-spacing-xxs, 0.5rem);padding-left:var(--global-kb-spacing-xxs, 0.5rem);grid-template-columns:minmax(0, 1fr);}}<\/style><div class=\"kb-row-layout-wrap kb-row-layout-id7548_fac0b4-2d alignnone wp-block-kadence-rowlayout\"><div class=\"kt-row-column-wrap kt-has-1-columns kt-row-layout-equal kt-tab-layout-inherit kt-mobile-layout-row kt-row-valign-top\">\n<style>.kadence-column7548_dd9915-18 > .kt-inside-inner-col,.kadence-column7548_dd9915-18 > .kt-inside-inner-col:before{border-top-left-radius:0px;border-top-right-radius:0px;border-bottom-right-radius:0px;border-bottom-left-radius:0px;}.kadence-column7548_dd9915-18 > .kt-inside-inner-col{column-gap:var(--global-kb-gap-sm, 1rem);}.kadence-column7548_dd9915-18 > .kt-inside-inner-col{flex-direction:column;}.kadence-column7548_dd9915-18 > .kt-inside-inner-col > .aligncenter{width:100%;}.kadence-column7548_dd9915-18 > .kt-inside-inner-col:before{opacity:0.3;}.kadence-column7548_dd9915-18{position:relative;}@media all and (max-width: 1024px){.kadence-column7548_dd9915-18 > .kt-inside-inner-col{flex-direction:column;justify-content:center;}}@media all and (max-width: 767px){.kadence-column7548_dd9915-18 > .kt-inside-inner-col{flex-direction:column;justify-content:center;}}<\/style>\n<div class=\"wp-block-kadence-column kadence-column7548_dd9915-18\"><div class=\"kt-inside-inner-col\"><style>.wp-block-kadence-advancedheading.kt-adv-heading7548_46eb38-1a, .wp-block-kadence-advancedheading.kt-adv-heading7548_46eb38-1a[data-kb-block=\"kb-adv-heading7548_46eb38-1a\"]{text-align:left;font-style:normal;}.wp-block-kadence-advancedheading.kt-adv-heading7548_46eb38-1a mark.kt-highlight, .wp-block-kadence-advancedheading.kt-adv-heading7548_46eb38-1a[data-kb-block=\"kb-adv-heading7548_46eb38-1a\"] mark.kt-highlight{font-style:normal;color:#f76a0c;-webkit-box-decoration-break:clone;box-decoration-break:clone;padding-top:0px;padding-right:0px;padding-bottom:0px;padding-left:0px;}@media all and (max-width: 767px){.wp-block-kadence-advancedheading.kt-adv-heading7548_46eb38-1a, .wp-block-kadence-advancedheading.kt-adv-heading7548_46eb38-1a[data-kb-block=\"kb-adv-heading7548_46eb38-1a\"]{font-size:var(--global-kb-font-size-xl, 3rem);}}<\/style>\n<h1 class=\"kt-adv-heading7548_46eb38-1a wp-block-kadence-advancedheading\" data-kb-block=\"kb-adv-heading7548_46eb38-1a\">Almuerzo y Educaci\u00f3n para la Salud<\/h1>\n<\/div><\/div>\n\n<\/div><\/div>\n\n<style>.kb-row-layout-id7548_f25f19-35 > .kt-row-column-wrap{align-content:start;}:where(.kb-row-layout-id7548_f25f19-35 > .kt-row-column-wrap) > .wp-block-kadence-column{justify-content:start;}.kb-row-layout-id7548_f25f19-35 > .kt-row-column-wrap{column-gap:var(--global-kb-gap-md, 2rem);row-gap:var(--global-kb-gap-md, 2rem);padding-top:var(--global-kb-spacing-sm, 1.5rem);padding-bottom:var(--global-kb-spacing-sm, 1.5rem);grid-template-columns:minmax(0, 1fr);}.kb-row-layout-id7548_f25f19-35 > .kt-row-layout-overlay{opacity:0.30;}@media all and (max-width: 1024px){.kb-row-layout-id7548_f25f19-35 > .kt-row-column-wrap{grid-template-columns:minmax(0, 1fr);}}@media all and (max-width: 767px){.kb-row-layout-id7548_f25f19-35 > .kt-row-column-wrap{grid-template-columns:minmax(0, 1fr);}}<\/style><div class=\"kb-row-layout-wrap kb-row-layout-id7548_f25f19-35 alignfull wp-block-kadence-rowlayout\"><div class=\"kt-row-column-wrap kt-has-1-columns kt-row-layout-equal kt-tab-layout-inherit kt-mobile-layout-row kt-row-valign-top\">\n<style>.kadence-column7548_a0e596-0e > .kt-inside-inner-col,.kadence-column7548_a0e596-0e > .kt-inside-inner-col:before{border-top-left-radius:0px;border-top-right-radius:0px;border-bottom-right-radius:0px;border-bottom-left-radius:0px;}.kadence-column7548_a0e596-0e > .kt-inside-inner-col{column-gap:var(--global-kb-gap-sm, 1rem);}.kadence-column7548_a0e596-0e > .kt-inside-inner-col{flex-direction:column;}.kadence-column7548_a0e596-0e > .kt-inside-inner-col > .aligncenter{width:100%;}.kadence-column7548_a0e596-0e > .kt-inside-inner-col:before{opacity:0.3;}.kadence-column7548_a0e596-0e{position:relative;}@media all and (max-width: 1024px){.kadence-column7548_a0e596-0e > .kt-inside-inner-col{flex-direction:column;justify-content:center;}}@media all and (max-width: 767px){.kadence-column7548_a0e596-0e > .kt-inside-inner-col{flex-direction:column;justify-content:center;}}<\/style>\n<div class=\"wp-block-kadence-column kadence-column7548_a0e596-0e\"><div class=\"kt-inside-inner-col\"><style>.kb-image7548_36012c-4f .kb-image-has-overlay:after{opacity:0.3;}<\/style>\n<figure class=\"wp-block-kadence-image kb-image7548_36012c-4f alignfull size-large kb-image-is-ratio-size\"><div class=\"kb-is-ratio-image kb-image-ratio-land169\"><img loading=\"lazy\" decoding=\"async\" width=\"1024\" height=\"526\" src=\"https:\/\/oldims.nexodreams.com\/wp-content\/uploads\/2020\/11\/Screenshot-2020-11-25-at-01.46.05-1024x526.jpg\" alt=\"International Montessori School Sotogrande\" class=\"kb-img wp-image-3349\" srcset=\"https:\/\/oldims.nexodreams.com\/wp-content\/uploads\/2020\/11\/Screenshot-2020-11-25-at-01.46.05-1024x526.jpg 1024w, https:\/\/oldims.nexodreams.com\/wp-content\/uploads\/2020\/11\/Screenshot-2020-11-25-at-01.46.05-300x154.jpg 300w, https:\/\/oldims.nexodreams.com\/wp-content\/uploads\/2020\/11\/Screenshot-2020-11-25-at-01.46.05-768x394.jpg 768w, https:\/\/oldims.nexodreams.com\/wp-content\/uploads\/2020\/11\/Screenshot-2020-11-25-at-01.46.05-1536x789.jpg 1536w, https:\/\/oldims.nexodreams.com\/wp-content\/uploads\/2020\/11\/Screenshot-2020-11-25-at-01.46.05.jpg 1605w\" sizes=\"auto, (max-width: 1024px) 100vw, 1024px\" \/><\/div><\/figure>\n<\/div><\/div>\n\n<\/div><\/div>\n\n<style>.kb-row-layout-id7548_6e7b65-47 > .kt-row-column-wrap{align-content:start;}:where(.kb-row-layout-id7548_6e7b65-47 > .kt-row-column-wrap) > .wp-block-kadence-column{justify-content:start;}.kb-row-layout-id7548_6e7b65-47 > .kt-row-column-wrap{column-gap:var(--global-kb-gap-md, 2rem);row-gap:var(--global-kb-gap-md, 2rem);padding-top:var(--global-kb-spacing-sm, 1.5rem);padding-right:var(--global-kb-spacing-md, 2rem);padding-bottom:var(--global-kb-spacing-xl, 4rem);padding-left:var(--global-kb-spacing-xxl, 5rem);grid-template-columns:minmax(0, 1fr);}.kb-row-layout-id7548_6e7b65-47 > .kt-row-layout-overlay{opacity:0.30;}@media all and (max-width: 1024px){.kb-row-layout-id7548_6e7b65-47 > .kt-row-column-wrap{grid-template-columns:minmax(0, 1fr);}}@media all and (max-width: 767px){.kb-row-layout-id7548_6e7b65-47 > .kt-row-column-wrap{padding-right:var(--global-kb-spacing-xxs, 0.5rem);padding-left:var(--global-kb-spacing-xxs, 0.5rem);grid-template-columns:minmax(0, 1fr);}}<\/style><div class=\"kb-row-layout-wrap kb-row-layout-id7548_6e7b65-47 alignnone wp-block-kadence-rowlayout\"><div class=\"kt-row-column-wrap kt-has-1-columns kt-row-layout-equal kt-tab-layout-inherit kt-mobile-layout-row kt-row-valign-top\">\n<style>.kadence-column7548_536eb9-54 > .kt-inside-inner-col,.kadence-column7548_536eb9-54 > .kt-inside-inner-col:before{border-top-left-radius:0px;border-top-right-radius:0px;border-bottom-right-radius:0px;border-bottom-left-radius:0px;}.kadence-column7548_536eb9-54 > .kt-inside-inner-col{column-gap:var(--global-kb-gap-sm, 1rem);}.kadence-column7548_536eb9-54 > .kt-inside-inner-col{flex-direction:column;}.kadence-column7548_536eb9-54 > .kt-inside-inner-col > .aligncenter{width:100%;}.kadence-column7548_536eb9-54 > .kt-inside-inner-col:before{opacity:0.3;}.kadence-column7548_536eb9-54{position:relative;}@media all and (max-width: 1024px){.kadence-column7548_536eb9-54 > .kt-inside-inner-col{flex-direction:column;justify-content:center;}}@media all and (max-width: 767px){.kadence-column7548_536eb9-54 > .kt-inside-inner-col{flex-direction:column;justify-content:center;}}<\/style>\n<div class=\"wp-block-kadence-column kadence-column7548_536eb9-54\"><div class=\"kt-inside-inner-col\">\n<p>Nos apasiona ense\u00f1ar a nuestros ni\u00f1os sobre la buena comida, c\u00f3mo cultivarla, c\u00f3mo prepararla y c\u00f3mo disfrutarla. Creemos en una dieta saludable, equilibrada y nutritiva, baja en az\u00facar, y queremos alentar a nuestros ni\u00f1os a comer de la manera m\u00e1s saludable posible en todo momento.<\/p>\n\n\n\n<p>En relaci\u00f3n con la comida que proporcionamos, hemos dise\u00f1ado actividades educativas para expandir el conocimiento de nuestros estudiantes sobre los alimentos que consumen, de d\u00f3nde provienen y su salud en general. Les ayudamos a desarrollar valores y actitudes personales que promueven el bienestar para que puedan tomar decisiones responsables. Todos nuestros men\u00fas son desarrollados por un experto en nutrici\u00f3n y consisten en tres platos para el almuerzo y bocadillos de fruta saludables durante el d\u00eda. Actualmente estamos creando un jard\u00edn en la terraza para cultivar vegetales y desarrollar esta parte de nuestro curr\u00edculo, lo cual ayudar\u00e1 a los ni\u00f1os a entender c\u00f3mo tomar decisiones saludables respecto a la comida.<\/p>\n\n\n\n<p>Un vistazo a la hora del almuerzo te mostrar\u00e1 que los ni\u00f1os participan tanto en servir como en retirar su comida, y que realmente disfrutan sentarse juntos a comer. La comida se prepara cuidadosamente y se entrega cada d\u00eda por un equipo local de chefs.<\/p>\n\n\n\n<p><strong>Un men\u00fa t\u00edpico de almuerzo:<\/strong><\/p>\n\n\n\n<p>Sopa de calabaza, pollo a la parrilla con jud\u00edas verdes, fruta fresca o yogur.<\/p>\n\n\n\n<p><strong>Un bocadillo t\u00edpico de temporada:<\/strong><\/p>\n\n\n\n<p>Fresas, clementinas, fruta de caqui.<\/p>\n<\/div><\/div>\n\n<\/div><\/div>","protected":false},"excerpt":{"rendered":"<p>Almuerzo y Educaci\u00f3n para la Salud Nos apasiona ense\u00f1ar a nuestros ni\u00f1os sobre la buena comida, c\u00f3mo cultivarla, c\u00f3mo prepararla y c\u00f3mo disfrutarla. Creemos en una dieta saludable, equilibrada y nutritiva, baja en az\u00facar, y queremos alentar a nuestros ni\u00f1os a comer de la manera m\u00e1s saludable posible en todo momento. En relaci\u00f3n con la&#8230;<\/p>\n","protected":false},"author":3,"featured_media":0,"parent":0,"menu_order":8,"comment_status":"closed","ping_status":"closed","template":"","meta":{"_acf_changed":false,"_seopress_robots_primary_cat":"","_seopress_titles_title":"","_seopress_titles_desc":"","_seopress_robots_index":"","_kad_blocks_custom_css":"","_kad_blocks_head_custom_js":"","_kad_blocks_body_custom_js":"","_kad_blocks_footer_custom_js":"","_kad_post_transparent":"","_kad_post_title":"","_kad_post_layout":"","_kad_post_sidebar_id":"","_kad_post_content_style":"","_kad_post_vertical_padding":"","_kad_post_feature":"","_kad_post_feature_position":"","_kad_post_header":false,"_kad_post_footer":false,"footnotes":""},"class_list":["post-7548","page","type-page","status-publish","hentry"],"acf":[],"taxonomy_info":[],"featured_image_src_large":false,"author_info":{"display_name":"IMS Sotogrande Montessori","author_link":"https:\/\/oldims.nexodreams.com\/es\/author\/ims-sotograndes\/"},"comment_info":0,"_links":{"self":[{"href":"https:\/\/oldims.nexodreams.com\/es\/wp-json\/wp\/v2\/pages\/7548","targetHints":{"allow":["GET"]}}],"collection":[{"href":"https:\/\/oldims.nexodreams.com\/es\/wp-json\/wp\/v2\/pages"}],"about":[{"href":"https:\/\/oldims.nexodreams.com\/es\/wp-json\/wp\/v2\/types\/page"}],"author":[{"embeddable":true,"href":"https:\/\/oldims.nexodreams.com\/es\/wp-json\/wp\/v2\/users\/3"}],"replies":[{"embeddable":true,"href":"https:\/\/oldims.nexodreams.com\/es\/wp-json\/wp\/v2\/comments?post=7548"}],"version-history":[{"count":9,"href":"https:\/\/oldims.nexodreams.com\/es\/wp-json\/wp\/v2\/pages\/7548\/revisions"}],"predecessor-version":[{"id":8572,"href":"https:\/\/oldims.nexodreams.com\/es\/wp-json\/wp\/v2\/pages\/7548\/revisions\/8572"}],"wp:attachment":[{"href":"https:\/\/oldims.nexodreams.com\/es\/wp-json\/wp\/v2\/media?parent=7548"}],"curies":[{"name":"wp","href":"https:\/\/api.w.org\/{rel}","templated":true}]}}