{"id":7561,"date":"2020-12-28T21:54:56","date_gmt":"2020-12-28T21:54:56","guid":{"rendered":"https:\/\/oldims.nexodreams.com\/nido-5-18-months\/"},"modified":"2024-11-05T22:16:37","modified_gmt":"2024-11-05T22:16:37","slug":"nido-5-18-months","status":"publish","type":"page","link":"https:\/\/oldims.nexodreams.com\/es\/nido-5-18-months\/","title":{"rendered":"Nido (5-18 meses)"},"content":{"rendered":"<style>.kb-row-layout-id7561_3ded47-12 > .kt-row-column-wrap{align-content:start;}:where(.kb-row-layout-id7561_3ded47-12 > .kt-row-column-wrap) > .wp-block-kadence-column{justify-content:start;}.kb-row-layout-id7561_3ded47-12 > .kt-row-column-wrap{column-gap:var(--global-kb-gap-md, 2rem);row-gap:var(--global-kb-gap-md, 2rem);padding-top:var(--global-kb-spacing-lg, 3rem);padding-right:var(--global-kb-spacing-lg, 3rem);padding-left:var(--global-kb-spacing-xxl, 5rem);grid-template-columns:minmax(0, 1fr);}.kb-row-layout-id7561_3ded47-12 > .kt-row-layout-overlay{opacity:0.30;}@media all and (max-width: 1024px){.kb-row-layout-id7561_3ded47-12 > .kt-row-column-wrap{grid-template-columns:minmax(0, 1fr);}}@media all and (max-width: 767px){.kb-row-layout-id7561_3ded47-12 > .kt-row-column-wrap{padding-right:var(--global-kb-spacing-xs, 1rem);padding-left:var(--global-kb-spacing-xs, 1rem);grid-template-columns:minmax(0, 1fr);}}<\/style><div class=\"kb-row-layout-wrap kb-row-layout-id7561_3ded47-12 alignfull wp-block-kadence-rowlayout\"><div class=\"kt-row-column-wrap kt-has-1-columns kt-row-layout-equal kt-tab-layout-inherit kt-mobile-layout-row kt-row-valign-top\">\n<style>.kadence-column7561_d1adb4-1c > .kt-inside-inner-col,.kadence-column7561_d1adb4-1c > .kt-inside-inner-col:before{border-top-left-radius:0px;border-top-right-radius:0px;border-bottom-right-radius:0px;border-bottom-left-radius:0px;}.kadence-column7561_d1adb4-1c > .kt-inside-inner-col{column-gap:var(--global-kb-gap-sm, 1rem);}.kadence-column7561_d1adb4-1c > .kt-inside-inner-col{flex-direction:column;}.kadence-column7561_d1adb4-1c > .kt-inside-inner-col > .aligncenter{width:100%;}.kadence-column7561_d1adb4-1c > .kt-inside-inner-col:before{opacity:0.3;}.kadence-column7561_d1adb4-1c{position:relative;}@media all and (max-width: 1024px){.kadence-column7561_d1adb4-1c > .kt-inside-inner-col{flex-direction:column;justify-content:center;}}@media all and (max-width: 767px){.kadence-column7561_d1adb4-1c > .kt-inside-inner-col{flex-direction:column;justify-content:center;}}<\/style>\n<div class=\"wp-block-kadence-column kadence-column7561_d1adb4-1c\"><div class=\"kt-inside-inner-col\"><style>.wp-block-kadence-advancedheading.kt-adv-heading7561_3aeae2-3a, .wp-block-kadence-advancedheading.kt-adv-heading7561_3aeae2-3a[data-kb-block=\"kb-adv-heading7561_3aeae2-3a\"]{text-align:center;font-style:normal;}.wp-block-kadence-advancedheading.kt-adv-heading7561_3aeae2-3a mark.kt-highlight, .wp-block-kadence-advancedheading.kt-adv-heading7561_3aeae2-3a[data-kb-block=\"kb-adv-heading7561_3aeae2-3a\"] mark.kt-highlight{font-style:normal;color:#f76a0c;-webkit-box-decoration-break:clone;box-decoration-break:clone;padding-top:0px;padding-right:0px;padding-bottom:0px;padding-left:0px;}@media all and (max-width: 767px){.wp-block-kadence-advancedheading.kt-adv-heading7561_3aeae2-3a, .wp-block-kadence-advancedheading.kt-adv-heading7561_3aeae2-3a[data-kb-block=\"kb-adv-heading7561_3aeae2-3a\"]{font-size:35px;}}<\/style>\n<h1 class=\"kt-adv-heading7561_3aeae2-3a wp-block-kadence-advancedheading\" data-kb-block=\"kb-adv-heading7561_3aeae2-3a\">Nido (5-18 meses)<\/h1>\n<\/div><\/div>\n\n<\/div><\/div>\n\n<style>.kb-row-layout-id7561_72807a-42 > .kt-row-column-wrap{align-content:start;}:where(.kb-row-layout-id7561_72807a-42 > .kt-row-column-wrap) > .wp-block-kadence-column{justify-content:start;}.kb-row-layout-id7561_72807a-42 > .kt-row-column-wrap{column-gap:var(--global-kb-gap-md, 2rem);row-gap:var(--global-kb-gap-md, 2rem);padding-top:var(--global-kb-spacing-xs, 1rem);padding-bottom:var(--global-kb-spacing-xs, 1rem);grid-template-columns:minmax(0, 1fr);}.kb-row-layout-id7561_72807a-42 > .kt-row-layout-overlay{opacity:0.30;}@media all and (max-width: 1024px){.kb-row-layout-id7561_72807a-42 > .kt-row-column-wrap{grid-template-columns:minmax(0, 1fr);}}@media all and (max-width: 767px){.kb-row-layout-id7561_72807a-42 > .kt-row-column-wrap{grid-template-columns:minmax(0, 1fr);}}<\/style><div class=\"kb-row-layout-wrap kb-row-layout-id7561_72807a-42 alignfull wp-block-kadence-rowlayout\"><div class=\"kt-row-column-wrap kt-has-1-columns kt-row-layout-equal kt-tab-layout-inherit kt-mobile-layout-row kt-row-valign-top\">\n<style>.kadence-column7561_5fa950-ed > .kt-inside-inner-col,.kadence-column7561_5fa950-ed > .kt-inside-inner-col:before{border-top-left-radius:0px;border-top-right-radius:0px;border-bottom-right-radius:0px;border-bottom-left-radius:0px;}.kadence-column7561_5fa950-ed > .kt-inside-inner-col{column-gap:var(--global-kb-gap-sm, 1rem);}.kadence-column7561_5fa950-ed > .kt-inside-inner-col{flex-direction:column;}.kadence-column7561_5fa950-ed > .kt-inside-inner-col > .aligncenter{width:100%;}.kadence-column7561_5fa950-ed > .kt-inside-inner-col:before{opacity:0.3;}.kadence-column7561_5fa950-ed{position:relative;}@media all and (max-width: 1024px){.kadence-column7561_5fa950-ed > .kt-inside-inner-col{flex-direction:column;justify-content:center;}}@media all and (max-width: 767px){.kadence-column7561_5fa950-ed > .kt-inside-inner-col{flex-direction:column;justify-content:center;}}<\/style>\n<div class=\"wp-block-kadence-column kadence-column7561_5fa950-ed\"><div class=\"kt-inside-inner-col\"><style>.kb-image7561_950e9e-1b.kb-image-is-ratio-size, .kb-image7561_950e9e-1b .kb-image-is-ratio-size{max-width:950px;width:100%;}.wp-block-kadence-column > .kt-inside-inner-col > .kb-image7561_950e9e-1b.kb-image-is-ratio-size, .wp-block-kadence-column > .kt-inside-inner-col > .kb-image7561_950e9e-1b .kb-image-is-ratio-size{align-self:unset;}.kb-image7561_950e9e-1b figure{max-width:950px;}.kb-image7561_950e9e-1b .image-is-svg, .kb-image7561_950e9e-1b .image-is-svg img{width:100%;}.kb-image7561_950e9e-1b .kb-image-has-overlay:after{opacity:0.3;}<\/style>\n<div class=\"wp-block-kadence-image kb-image7561_950e9e-1b\"><figure class=\"aligncenter kb-image-is-ratio-size\"><div class=\"kb-is-ratio-image kb-image-ratio-land21\"><img decoding=\"async\" src=\"https:\/\/oldims.nexodreams.com\/wp-content\/uploads\/2024\/02\/Untitled-design-112.png\" alt=\"IMS Nido\" class=\"kb-img\"\/><\/div><\/figure><\/div>\n<\/div><\/div>\n\n<\/div><\/div>\n\n<style>.kb-row-layout-id7561_1e8689-f8 > .kt-row-column-wrap{align-content:start;}:where(.kb-row-layout-id7561_1e8689-f8 > .kt-row-column-wrap) > .wp-block-kadence-column{justify-content:start;}.kb-row-layout-id7561_1e8689-f8 > .kt-row-column-wrap{column-gap:var(--global-kb-gap-md, 2rem);row-gap:var(--global-kb-gap-md, 2rem);padding-top:var(--global-kb-spacing-sm, 1.5rem);padding-right:var(--global-kb-spacing-xxl, 5rem);padding-bottom:var(--global-kb-spacing-sm, 1.5rem);padding-left:var(--global-kb-spacing-xxl, 5rem);grid-template-columns:minmax(0, calc(30% - ((var(--global-kb-gap-md, 2rem) * 1 )\/2)))minmax(0, calc(70% - ((var(--global-kb-gap-md, 2rem) * 1 )\/2)));}.kb-row-layout-id7561_1e8689-f8 > .kt-row-layout-overlay{opacity:0.30;}@media all and (max-width: 1024px){.kb-row-layout-id7561_1e8689-f8 > .kt-row-column-wrap{grid-template-columns:repeat(2, minmax(0, 1fr));}}@media all and (max-width: 767px){.kb-row-layout-id7561_1e8689-f8 > .kt-row-column-wrap{padding-right:var(--global-kb-spacing-xs, 1rem);padding-left:var(--global-kb-spacing-xs, 1rem);grid-template-columns:minmax(0, 1fr);}}<\/style><div class=\"kb-row-layout-wrap kb-row-layout-id7561_1e8689-f8 alignwide wp-block-kadence-rowlayout\"><div class=\"kt-row-column-wrap kt-has-2-columns kt-row-layout-equal kt-tab-layout-inherit kt-mobile-layout-row kt-row-valign-top\">\n<style>.kadence-column7561_d15021-63 > .kt-inside-inner-col,.kadence-column7561_d15021-63 > .kt-inside-inner-col:before{border-top-left-radius:0px;border-top-right-radius:0px;border-bottom-right-radius:0px;border-bottom-left-radius:0px;}.kadence-column7561_d15021-63 > .kt-inside-inner-col{column-gap:var(--global-kb-gap-sm, 1rem);}.kadence-column7561_d15021-63 > .kt-inside-inner-col{flex-direction:column;}.kadence-column7561_d15021-63 > .kt-inside-inner-col > .aligncenter{width:100%;}.kadence-column7561_d15021-63 > .kt-inside-inner-col:before{opacity:0.3;}.kadence-column7561_d15021-63{position:relative;}@media all and (max-width: 1024px){.kadence-column7561_d15021-63 > .kt-inside-inner-col{flex-direction:column;justify-content:center;}}@media all and (max-width: 767px){.kadence-column7561_d15021-63 > .kt-inside-inner-col{flex-direction:column;justify-content:center;}}<\/style>\n<div class=\"wp-block-kadence-column kadence-column7561_d15021-63\"><div class=\"kt-inside-inner-col\"><style>.wp-block-kadence-advancedheading.kt-adv-heading7561_89c95f-ee, .wp-block-kadence-advancedheading.kt-adv-heading7561_89c95f-ee[data-kb-block=\"kb-adv-heading7561_89c95f-ee\"]{font-style:normal;}.wp-block-kadence-advancedheading.kt-adv-heading7561_89c95f-ee mark.kt-highlight, .wp-block-kadence-advancedheading.kt-adv-heading7561_89c95f-ee[data-kb-block=\"kb-adv-heading7561_89c95f-ee\"] mark.kt-highlight{font-style:normal;color:#f76a0c;-webkit-box-decoration-break:clone;box-decoration-break:clone;padding-top:0px;padding-right:0px;padding-bottom:0px;padding-left:0px;}<\/style>\n<h2 class=\"kt-adv-heading7561_89c95f-ee wp-block-kadence-advancedheading\" data-kb-block=\"kb-adv-heading7561_89c95f-ee\">El Ni\u00f1o<\/h2>\n<\/div><\/div>\n\n\n<style>.kadence-column7561_0c6ed3-c8 > .kt-inside-inner-col{padding-top:var(--global-kb-spacing-xxs, 0.5rem);}.kadence-column7561_0c6ed3-c8 > .kt-inside-inner-col,.kadence-column7561_0c6ed3-c8 > .kt-inside-inner-col:before{border-top-left-radius:0px;border-top-right-radius:0px;border-bottom-right-radius:0px;border-bottom-left-radius:0px;}.kadence-column7561_0c6ed3-c8 > .kt-inside-inner-col{column-gap:var(--global-kb-gap-sm, 1rem);}.kadence-column7561_0c6ed3-c8 > .kt-inside-inner-col{flex-direction:column;}.kadence-column7561_0c6ed3-c8 > .kt-inside-inner-col > .aligncenter{width:100%;}.kadence-column7561_0c6ed3-c8 > .kt-inside-inner-col:before{opacity:0.3;}.kadence-column7561_0c6ed3-c8{position:relative;}@media all and (max-width: 1024px){.kadence-column7561_0c6ed3-c8 > .kt-inside-inner-col{flex-direction:column;justify-content:center;}}@media all and (max-width: 767px){.kadence-column7561_0c6ed3-c8 > .kt-inside-inner-col{flex-direction:column;justify-content:center;}}<\/style>\n<div class=\"wp-block-kadence-column kadence-column7561_0c6ed3-c8\"><div class=\"kt-inside-inner-col\"><style>.wp-block-kadence-advancedheading.kt-adv-heading7561_65c843-be, .wp-block-kadence-advancedheading.kt-adv-heading7561_65c843-be[data-kb-block=\"kb-adv-heading7561_65c843-be\"]{font-style:normal;}.wp-block-kadence-advancedheading.kt-adv-heading7561_65c843-be mark.kt-highlight, .wp-block-kadence-advancedheading.kt-adv-heading7561_65c843-be[data-kb-block=\"kb-adv-heading7561_65c843-be\"] mark.kt-highlight{font-style:normal;color:#f76a0c;-webkit-box-decoration-break:clone;box-decoration-break:clone;padding-top:0px;padding-right:0px;padding-bottom:0px;padding-left:0px;}<\/style>\n<p class=\"kt-adv-heading7561_65c843-be wp-block-kadence-advancedheading\" data-kb-block=\"kb-adv-heading7561_65c843-be\">El Nido Montessori es un ambiente tranquilo, acogedor y hogare\u00f1o para beb\u00e9s. \u00abNido\u00bb, que significa \u00abnido\u00bb en italiano, captura la idea de calidez y seguridad. Maria Montessori utiliz\u00f3 esta palabra para describir el aula infantil, dentro de la cual los peque\u00f1ines se sienten cuidados y amados, de modo que se sientan seguros para explorar y crecer. Para que los beb\u00e9s y ni\u00f1os peque\u00f1os aprendan el movimiento coordinado y desarrollen cuerpos fuertes, necesitan un entorno donde tengan tiempo, espacio y libertad para moverse: estar\u00e1n practicando constantemente para construir habilidades motrices gruesas, y notar\u00e1s en el aula Nido que no hay nada que inhiba su movimiento de ninguna manera.<\/p>\n\n\n<style>.wp-block-kadence-advancedheading.kt-adv-heading7561_db9d0f-ed, .wp-block-kadence-advancedheading.kt-adv-heading7561_db9d0f-ed[data-kb-block=\"kb-adv-heading7561_db9d0f-ed\"]{font-style:normal;}.wp-block-kadence-advancedheading.kt-adv-heading7561_db9d0f-ed mark.kt-highlight, .wp-block-kadence-advancedheading.kt-adv-heading7561_db9d0f-ed[data-kb-block=\"kb-adv-heading7561_db9d0f-ed\"] mark.kt-highlight{font-style:normal;color:#f76a0c;-webkit-box-decoration-break:clone;box-decoration-break:clone;padding-top:0px;padding-right:0px;padding-bottom:0px;padding-left:0px;}<\/style>\n<p class=\"kt-adv-heading7561_db9d0f-ed wp-block-kadence-advancedheading\" data-kb-block=\"kb-adv-heading7561_db9d0f-ed\">La confianza se construye todo el tiempo y cada vez que su beb\u00e9 o ni\u00f1o peque\u00f1o domina una nueva habilidad, esta confianza se fortalece. Los gu\u00edas Montessori encuentran el equilibrio adecuado para apoyar a los ni\u00f1os a dar estos nuevos pasos. Maria Montessori entendi\u00f3 que \u201cla mano es el instrumento de la inteligencia\u201d, donde los beb\u00e9s muy temprano comienzan a usar sus manos para agarrar y golpear, y recoger y poner. El aula Nido nutre la inteligencia de su hijo ofreciendo objetos cada vez m\u00e1s complejos para explorar y manipular. Dado el tiempo y espacio para esta exploraci\u00f3n, los ni\u00f1os bajo nuestro cuidado aprenden y se desarrollan de la mejor manera posible.<\/p>\n<\/div><\/div>\n\n<\/div><\/div>\n\n<style>.kb-row-layout-id7561_d2a703-01 > .kt-row-column-wrap{align-content:start;}:where(.kb-row-layout-id7561_d2a703-01 > .kt-row-column-wrap) > .wp-block-kadence-column{justify-content:start;}.kb-row-layout-id7561_d2a703-01 > .kt-row-column-wrap{column-gap:var(--global-kb-gap-md, 2rem);row-gap:var(--global-kb-gap-md, 2rem);padding-top:var(--global-kb-spacing-sm, 1.5rem);padding-right:var(--global-kb-spacing-xxl, 5rem);padding-bottom:var(--global-kb-spacing-xl, 4rem);padding-left:var(--global-kb-spacing-xxl, 5rem);grid-template-columns:minmax(0, calc(30% - ((var(--global-kb-gap-md, 2rem) * 1 )\/2)))minmax(0, calc(70% - ((var(--global-kb-gap-md, 2rem) * 1 )\/2)));}.kb-row-layout-id7561_d2a703-01 > .kt-row-layout-overlay{opacity:0.30;}@media all and (max-width: 1024px){.kb-row-layout-id7561_d2a703-01 > .kt-row-column-wrap{grid-template-columns:repeat(2, minmax(0, 1fr));}}@media all and (max-width: 767px){.kb-row-layout-id7561_d2a703-01 > .kt-row-column-wrap{padding-right:var(--global-kb-spacing-xs, 1rem);padding-left:var(--global-kb-spacing-xs, 1rem);grid-template-columns:minmax(0, 1fr);}}<\/style><div class=\"kb-row-layout-wrap kb-row-layout-id7561_d2a703-01 alignwide wp-block-kadence-rowlayout\"><div class=\"kt-row-column-wrap kt-has-2-columns kt-row-layout-equal kt-tab-layout-inherit kt-mobile-layout-row kt-row-valign-top\">\n<style>.kadence-column7561_1b004a-68 > .kt-inside-inner-col,.kadence-column7561_1b004a-68 > .kt-inside-inner-col:before{border-top-left-radius:0px;border-top-right-radius:0px;border-bottom-right-radius:0px;border-bottom-left-radius:0px;}.kadence-column7561_1b004a-68 > .kt-inside-inner-col{column-gap:var(--global-kb-gap-sm, 1rem);}.kadence-column7561_1b004a-68 > .kt-inside-inner-col{flex-direction:column;}.kadence-column7561_1b004a-68 > .kt-inside-inner-col > .aligncenter{width:100%;}.kadence-column7561_1b004a-68 > .kt-inside-inner-col:before{opacity:0.3;}.kadence-column7561_1b004a-68{position:relative;}@media all and (max-width: 1024px){.kadence-column7561_1b004a-68 > .kt-inside-inner-col{flex-direction:column;justify-content:center;}}@media all and (max-width: 767px){.kadence-column7561_1b004a-68 > .kt-inside-inner-col{flex-direction:column;justify-content:center;}}<\/style>\n<div class=\"wp-block-kadence-column kadence-column7561_1b004a-68\"><div class=\"kt-inside-inner-col\">\n<h2 class=\"wp-block-heading\">Horario<\/h2>\n<\/div><\/div>\n\n\n<style>.kadence-column7561_edb9cb-fe > .kt-inside-inner-col{padding-top:var(--global-kb-spacing-xxs, 0.5rem);}.kadence-column7561_edb9cb-fe > .kt-inside-inner-col,.kadence-column7561_edb9cb-fe > .kt-inside-inner-col:before{border-top-left-radius:0px;border-top-right-radius:0px;border-bottom-right-radius:0px;border-bottom-left-radius:0px;}.kadence-column7561_edb9cb-fe > .kt-inside-inner-col{column-gap:var(--global-kb-gap-sm, 1rem);}.kadence-column7561_edb9cb-fe > .kt-inside-inner-col{flex-direction:column;}.kadence-column7561_edb9cb-fe > .kt-inside-inner-col > .aligncenter{width:100%;}.kadence-column7561_edb9cb-fe > .kt-inside-inner-col:before{opacity:0.3;}.kadence-column7561_edb9cb-fe{position:relative;}@media all and (max-width: 1024px){.kadence-column7561_edb9cb-fe > .kt-inside-inner-col{flex-direction:column;justify-content:center;}}@media all and (max-width: 767px){.kadence-column7561_edb9cb-fe > .kt-inside-inner-col{flex-direction:column;justify-content:center;}}<\/style>\n<div class=\"wp-block-kadence-column kadence-column7561_edb9cb-fe\"><div class=\"kt-inside-inner-col\"><style>.wp-block-kadence-advancedheading.kt-adv-heading7561_e314ec-0f, .wp-block-kadence-advancedheading.kt-adv-heading7561_e314ec-0f[data-kb-block=\"kb-adv-heading7561_e314ec-0f\"]{font-style:normal;}.wp-block-kadence-advancedheading.kt-adv-heading7561_e314ec-0f mark.kt-highlight, .wp-block-kadence-advancedheading.kt-adv-heading7561_e314ec-0f[data-kb-block=\"kb-adv-heading7561_e314ec-0f\"] mark.kt-highlight{font-style:normal;color:#f76a0c;-webkit-box-decoration-break:clone;box-decoration-break:clone;padding-top:0px;padding-right:0px;padding-bottom:0px;padding-left:0px;}<\/style>\n<p class=\"kt-adv-heading7561_e314ec-0f wp-block-kadence-advancedheading\" data-kb-block=\"kb-adv-heading7561_e314ec-0f\">9:00 AM a 3:00 PM (incluye almuerzo y meriendas)<\/p>\n<\/div><\/div>\n\n<\/div><\/div>\n\n<style>.kb-row-layout-id8214_cbdb06-2f > .kt-row-column-wrap{align-content:start;}:where(.kb-row-layout-id8214_cbdb06-2f > .kt-row-column-wrap) > .wp-block-kadence-column{justify-content:start;}.kb-row-layout-id8214_cbdb06-2f > .kt-row-column-wrap{column-gap:var(--global-kb-gap-md, 2rem);row-gap:var(--global-kb-gap-md, 2rem);padding-top:var(--global-kb-spacing-xl, 4rem);padding-bottom:var(--global-kb-spacing-lg, 3rem);grid-template-columns:minmax(0, 1fr);}.kb-row-layout-id8214_cbdb06-2f > .kt-row-layout-overlay{opacity:0.30;}@media all and (max-width: 1024px){.kb-row-layout-id8214_cbdb06-2f > .kt-row-column-wrap{grid-template-columns:minmax(0, 1fr);}}@media all and (max-width: 767px){.kb-row-layout-id8214_cbdb06-2f > .kt-row-column-wrap{grid-template-columns:minmax(0, 1fr);}}<\/style><div class=\"kb-row-layout-wrap kb-row-layout-id8214_cbdb06-2f alignfull has-theme-palette1-background-color kt-row-has-bg wp-block-kadence-rowlayout\"><div class=\"kt-row-column-wrap kt-has-1-columns kt-row-layout-equal kt-tab-layout-inherit kt-mobile-layout-row kt-row-valign-top\">\n<style>.kadence-column8214_4a950f-e6 > .kt-inside-inner-col,.kadence-column8214_4a950f-e6 > .kt-inside-inner-col:before{border-top-left-radius:0px;border-top-right-radius:0px;border-bottom-right-radius:0px;border-bottom-left-radius:0px;}.kadence-column8214_4a950f-e6 > .kt-inside-inner-col{column-gap:var(--global-kb-gap-sm, 1rem);}.kadence-column8214_4a950f-e6 > .kt-inside-inner-col{flex-direction:column;}.kadence-column8214_4a950f-e6 > .kt-inside-inner-col > .aligncenter{width:100%;}.kadence-column8214_4a950f-e6 > .kt-inside-inner-col:before{opacity:0.3;}.kadence-column8214_4a950f-e6{position:relative;}@media all and (max-width: 1024px){.kadence-column8214_4a950f-e6 > .kt-inside-inner-col{flex-direction:column;justify-content:center;}}@media all and (max-width: 767px){.kadence-column8214_4a950f-e6 > .kt-inside-inner-col{flex-direction:column;justify-content:center;}}<\/style>\n<div class=\"wp-block-kadence-column kadence-column8214_4a950f-e6\"><div class=\"kt-inside-inner-col\"><style>.wp-block-kadence-advancedheading.kt-adv-heading8214_a3a68f-44, .wp-block-kadence-advancedheading.kt-adv-heading8214_a3a68f-44[data-kb-block=\"kb-adv-heading8214_a3a68f-44\"]{text-align:center;font-style:normal;}.wp-block-kadence-advancedheading.kt-adv-heading8214_a3a68f-44 mark.kt-highlight, .wp-block-kadence-advancedheading.kt-adv-heading8214_a3a68f-44[data-kb-block=\"kb-adv-heading8214_a3a68f-44\"] mark.kt-highlight{font-style:normal;color:#f76a0c;-webkit-box-decoration-break:clone;box-decoration-break:clone;padding-top:0px;padding-right:0px;padding-bottom:0px;padding-left:0px;}<\/style>\n<h2 class=\"kt-adv-heading8214_a3a68f-44 wp-block-kadence-advancedheading has-theme-palette-2-color has-text-color\" data-kb-block=\"kb-adv-heading8214_a3a68f-44\">VEN A VISITARNOS<\/h2>\n\n\n<style>.wp-block-kadence-advancedbtn.kb-btns8214_568712-6b{gap:var(--global-kb-gap-xs, 0.5rem );justify-content:center;align-items:center;}.kt-btns8214_568712-6b .kt-button{font-weight:normal;font-style:normal;}.kt-btns8214_568712-6b .kt-btn-wrap-0{margin-right:5px;}.wp-block-kadence-advancedbtn.kt-btns8214_568712-6b .kt-btn-wrap-0 .kt-button{color:#555555;border-color:#555555;}.wp-block-kadence-advancedbtn.kt-btns8214_568712-6b .kt-btn-wrap-0 .kt-button:hover, .wp-block-kadence-advancedbtn.kt-btns8214_568712-6b .kt-btn-wrap-0 .kt-button:focus{color:#ffffff;border-color:#444444;}.wp-block-kadence-advancedbtn.kt-btns8214_568712-6b .kt-btn-wrap-0 .kt-button::before{display:none;}.wp-block-kadence-advancedbtn.kt-btns8214_568712-6b .kt-btn-wrap-0 .kt-button:hover, .wp-block-kadence-advancedbtn.kt-btns8214_568712-6b .kt-btn-wrap-0 .kt-button:focus{background:#444444;}<\/style>\n<div class=\"wp-block-kadence-advancedbtn kb-buttons-wrap kb-btns8214_568712-6b\"><style>ul.menu .wp-block-kadence-advancedbtn .kb-btn8214_d6567d-59.kb-button{width:initial;}.wp-block-kadence-advancedbtn .kb-btn8214_d6567d-59.kb-button{color:var(--global-palette9, #ffffff);background:var(--global-palette2, #2B6CB0);}.wp-block-kadence-advancedbtn .kb-btn8214_d6567d-59.kb-button:hover, .wp-block-kadence-advancedbtn .kb-btn8214_d6567d-59.kb-button:focus{color:var(--global-palette9, #ffffff);background:var(--global-palette2, #2B6CB0);border-top-color:var(--global-palette9, #ffffff);border-top-style:solid;border-right-color:var(--global-palette9, #ffffff);border-right-style:solid;border-bottom-color:var(--global-palette9, #ffffff);border-bottom-style:solid;border-left-color:var(--global-palette9, #ffffff);border-left-style:solid;}@media all and (max-width: 1024px){.wp-block-kadence-advancedbtn .kb-btn8214_d6567d-59.kb-button:hover, .wp-block-kadence-advancedbtn .kb-btn8214_d6567d-59.kb-button:focus{border-top-color:var(--global-palette9, #ffffff);border-top-style:solid;border-right-color:var(--global-palette9, #ffffff);border-right-style:solid;border-bottom-color:var(--global-palette9, #ffffff);border-bottom-style:solid;border-left-color:var(--global-palette9, #ffffff);border-left-style:solid;}}@media all and (max-width: 767px){.wp-block-kadence-advancedbtn .kb-btn8214_d6567d-59.kb-button:hover, .wp-block-kadence-advancedbtn .kb-btn8214_d6567d-59.kb-button:focus{border-top-color:var(--global-palette9, #ffffff);border-top-style:solid;border-right-color:var(--global-palette9, #ffffff);border-right-style:solid;border-bottom-color:var(--global-palette9, #ffffff);border-bottom-style:solid;border-left-color:var(--global-palette9, #ffffff);border-left-style:solid;}}<\/style><a class=\"kb-button kt-button button kb-btn8214_d6567d-59 kt-btn-size-standard kt-btn-width-type-auto kb-btn-global-fill kt-btn-has-text-true kt-btn-has-svg-false  wp-block-kadence-singlebtn\" href=\"https:\/\/oldims.nexodreams.com\/es\/contactar-ims\/\"><span class=\"kt-btn-inner-text\">RESERVA TU CITA<\/span><\/a><\/div>\n<\/div><\/div>\n\n<\/div><\/div>","protected":false},"excerpt":{"rendered":"<p>Nido (5-18 meses) El Ni\u00f1o El Nido Montessori es un ambiente tranquilo, acogedor y hogare\u00f1o para beb\u00e9s. \u00abNido\u00bb, que significa \u00abnido\u00bb en italiano, captura la idea de calidez y seguridad. Maria Montessori utiliz\u00f3 esta palabra para describir el aula infantil, dentro de la cual los peque\u00f1ines se sienten cuidados y amados, de modo que se&#8230;<\/p>\n","protected":false},"author":3,"featured_media":0,"parent":0,"menu_order":67,"comment_status":"closed","ping_status":"closed","template":"","meta":{"_acf_changed":false,"_seopress_robots_primary_cat":"","_seopress_titles_title":"","_seopress_titles_desc":"","_seopress_robots_index":"","_kad_blocks_custom_css":"","_kad_blocks_head_custom_js":"","_kad_blocks_body_custom_js":"","_kad_blocks_footer_custom_js":"","_kad_post_transparent":"","_kad_post_title":"","_kad_post_layout":"narrow","_kad_post_sidebar_id":"","_kad_post_content_style":"unboxed","_kad_post_vertical_padding":"hide","_kad_post_feature":"hide","_kad_post_feature_position":"","_kad_post_header":false,"_kad_post_footer":false,"footnotes":""},"class_list":["post-7561","page","type-page","status-publish","hentry"],"acf":[],"taxonomy_info":[],"featured_image_src_large":false,"author_info":{"display_name":"IMS Sotogrande Montessori","author_link":"https:\/\/oldims.nexodreams.com\/es\/author\/ims-sotograndes\/"},"comment_info":0,"_links":{"self":[{"href":"https:\/\/oldims.nexodreams.com\/es\/wp-json\/wp\/v2\/pages\/7561","targetHints":{"allow":["GET"]}}],"collection":[{"href":"https:\/\/oldims.nexodreams.com\/es\/wp-json\/wp\/v2\/pages"}],"about":[{"href":"https:\/\/oldims.nexodreams.com\/es\/wp-json\/wp\/v2\/types\/page"}],"author":[{"embeddable":true,"href":"https:\/\/oldims.nexodreams.com\/es\/wp-json\/wp\/v2\/users\/3"}],"replies":[{"embeddable":true,"href":"https:\/\/oldims.nexodreams.com\/es\/wp-json\/wp\/v2\/comments?post=7561"}],"version-history":[{"count":10,"href":"https:\/\/oldims.nexodreams.com\/es\/wp-json\/wp\/v2\/pages\/7561\/revisions"}],"predecessor-version":[{"id":8813,"href":"https:\/\/oldims.nexodreams.com\/es\/wp-json\/wp\/v2\/pages\/7561\/revisions\/8813"}],"wp:attachment":[{"href":"https:\/\/oldims.nexodreams.com\/es\/wp-json\/wp\/v2\/media?parent=7561"}],"curies":[{"name":"wp","href":"https:\/\/api.w.org\/{rel}","templated":true}]}}