{"id":7567,"date":"2020-11-02T18:03:45","date_gmt":"2020-11-02T18:03:45","guid":{"rendered":"https:\/\/oldims.nexodreams.com\/our-story\/"},"modified":"2024-04-24T20:52:55","modified_gmt":"2024-04-24T20:52:55","slug":"nuestra-historia","status":"publish","type":"page","link":"https:\/\/oldims.nexodreams.com\/es\/nuestra-historia\/","title":{"rendered":"Nuestra Historia"},"content":{"rendered":"<style>.kb-row-layout-id7567_8a1d43-ba > .kt-row-column-wrap{align-content:start;}:where(.kb-row-layout-id7567_8a1d43-ba > .kt-row-column-wrap) > .wp-block-kadence-column{justify-content:start;}.kb-row-layout-id7567_8a1d43-ba > .kt-row-column-wrap{column-gap:var(--global-kb-gap-md, 2rem);row-gap:var(--global-kb-gap-md, 2rem);max-width:890px;margin-left:auto;margin-right:auto;padding-top:var(--global-kb-spacing-xxl, 5rem);padding-bottom:var(--global-kb-spacing-xl, 4rem);grid-template-columns:minmax(0, 1fr);}.kb-row-layout-id7567_8a1d43-ba > .kt-row-layout-overlay{opacity:0.30;}@media all and (max-width: 1024px){.kb-row-layout-id7567_8a1d43-ba > .kt-row-column-wrap{grid-template-columns:minmax(0, 1fr);}}@media all and (max-width: 767px){.kb-row-layout-id7567_8a1d43-ba > .kt-row-column-wrap{padding-right:var(--global-kb-spacing-xs, 1rem);padding-left:var(--global-kb-spacing-xs, 1rem);grid-template-columns:minmax(0, 1fr);}}<\/style><div class=\"kb-row-layout-wrap kb-row-layout-id7567_8a1d43-ba alignnone wp-block-kadence-rowlayout\"><div class=\"kt-row-column-wrap kt-has-1-columns kt-row-layout-equal kt-tab-layout-inherit kt-mobile-layout-row kt-row-valign-top\">\n<style>.kadence-column7567_bc0335-cc > .kt-inside-inner-col,.kadence-column7567_bc0335-cc > .kt-inside-inner-col:before{border-top-left-radius:0px;border-top-right-radius:0px;border-bottom-right-radius:0px;border-bottom-left-radius:0px;}.kadence-column7567_bc0335-cc > .kt-inside-inner-col{column-gap:var(--global-kb-gap-sm, 1rem);}.kadence-column7567_bc0335-cc > .kt-inside-inner-col{flex-direction:column;}.kadence-column7567_bc0335-cc > .kt-inside-inner-col > .aligncenter{width:100%;}.kadence-column7567_bc0335-cc > .kt-inside-inner-col:before{opacity:0.3;}.kadence-column7567_bc0335-cc{position:relative;}@media all and (max-width: 1024px){.kadence-column7567_bc0335-cc > .kt-inside-inner-col{flex-direction:column;justify-content:center;}}@media all and (max-width: 767px){.kadence-column7567_bc0335-cc > .kt-inside-inner-col{flex-direction:column;justify-content:center;}}<\/style>\n<div class=\"wp-block-kadence-column kadence-column7567_bc0335-cc\"><div class=\"kt-inside-inner-col\"><style>.wp-block-kadence-advancedheading.kt-adv-heading7567_694dc7-e9, .wp-block-kadence-advancedheading.kt-adv-heading7567_694dc7-e9[data-kb-block=\"kb-adv-heading7567_694dc7-e9\"]{font-style:normal;}.wp-block-kadence-advancedheading.kt-adv-heading7567_694dc7-e9 mark.kt-highlight, .wp-block-kadence-advancedheading.kt-adv-heading7567_694dc7-e9[data-kb-block=\"kb-adv-heading7567_694dc7-e9\"] mark.kt-highlight{font-style:normal;color:#f76a0c;-webkit-box-decoration-break:clone;box-decoration-break:clone;padding-top:0px;padding-right:0px;padding-bottom:0px;padding-left:0px;}@media all and (max-width: 767px){.wp-block-kadence-advancedheading.kt-adv-heading7567_694dc7-e9, .wp-block-kadence-advancedheading.kt-adv-heading7567_694dc7-e9[data-kb-block=\"kb-adv-heading7567_694dc7-e9\"]{font-size:var(--global-kb-font-size-xl, 3rem);}}<\/style>\n<h1 class=\"kt-adv-heading7567_694dc7-e9 wp-block-kadence-advancedheading\" data-kb-block=\"kb-adv-heading7567_694dc7-e9\">Nuestra Historia<\/h1>\n\n\n\n<p>\u201cHace 20 a\u00f1os estaba buscando una guarder\u00eda para mi hijo, quer\u00eda un lugar donde se respetara el ritmo de aprendizaje de los ni\u00f1os, donde se tuvieran en cuenta sus necesidades e intereses, un lugar donde el maestro olvidara su papel de \u2018vamos a ense\u00f1arte\u2019 por el de \u2018vamos a aprender\u2019,&#8230; Y como no lo encontr\u00e9, lo cre\u00e9 para \u00e9l.\u201d Olimpia Tard\u00e1, Fundadora.<\/p>\n\n\n\n<p>Acompa\u00f1ar a mis hijos en su proceso educativo, y por supuesto, al de los suyos se ha convertido en mi prop\u00f3sito en la vida. Como dijo Mar\u00eda Montessori, \u2018la educaci\u00f3n desde la infancia puede cambiar el curso de la sociedad y creo firmemente en la posibilidad de una sociedad mejor para nuestros ni\u00f1os hoy\u2019. Esta es mi historia y mi sue\u00f1o y, m\u00e1s all\u00e1 de todas mis calificaciones y experiencia, lo que realmente importa es lo que reside en el coraz\u00f3n.\u201d<\/p>\n\n\n\n<p>Lo que m\u00e1s nos importa son los valores que recorren toda la comunidad escolar:<\/p>\n\n\n\n<ul class=\"wp-block-list\">\n<li>Amor por el aprendizaje.<\/li>\n\n\n\n<li>Respeto por uno mismo y por los dem\u00e1s.<\/li>\n\n\n\n<li>Autoconocimiento y la b\u00fasqueda de nuestros talentos internos.<\/li>\n\n\n\n<li>Voluntarismo, esfuerzo y perseverancia.<\/li>\n\n\n\n<li>Encontrar nuestro prop\u00f3sito.<\/li>\n<\/ul>\n\n\n<style>.wp-block-kadence-advancedheading.kt-adv-heading7567_e04ce7-b1, .wp-block-kadence-advancedheading.kt-adv-heading7567_e04ce7-b1[data-kb-block=\"kb-adv-heading7567_e04ce7-b1\"]{font-style:normal;}.wp-block-kadence-advancedheading.kt-adv-heading7567_e04ce7-b1 mark.kt-highlight, .wp-block-kadence-advancedheading.kt-adv-heading7567_e04ce7-b1[data-kb-block=\"kb-adv-heading7567_e04ce7-b1\"] mark.kt-highlight{font-style:normal;color:#f76a0c;-webkit-box-decoration-break:clone;box-decoration-break:clone;padding-top:0px;padding-right:0px;padding-bottom:0px;padding-left:0px;}<\/style>\n<p class=\"kt-adv-heading7567_e04ce7-b1 wp-block-kadence-advancedheading\" data-kb-block=\"kb-adv-heading7567_e04ce7-b1\"><br>Durante todos estos a\u00f1os, he dirigido numerosas guarder\u00edas, tanto p\u00fablicas (E.I. Puente de Hierro en Guadiaro y E.I. Villa Carmela en Puente Mayorga) como privadas (Centros Infantiles Nanitos, La ludogranja, Centro Kids and Us) en diferentes localidades de la regi\u00f3n, y he continuado form\u00e1ndome en diversas disciplinas porque creo que la formaci\u00f3n siempre debe acompa\u00f1arnos a lo largo de nuestra vida. Soy psic\u00f3loga, logopeda, con un M\u00e1ster en Gesti\u00f3n de Escuelas Infantiles, en Administraci\u00f3n de Escuelas Montessori, Coach, Educadora de Disciplina Positiva, \u2026 pero m\u00e1s all\u00e1 de mis calificaciones y experiencia, lo que realmente importa es lo que yace detr\u00e1s de ellas, los valores que me mueven y que impregnan todo lo que hago en la escuela:<br><\/p>\n\n\n\n<ul class=\"wp-block-list\">\n<li>Amor por el aprendizaje.<\/li>\n\n\n\n<li>Voluntad, esfuerzo y perseverancia.<\/li>\n\n\n\n<li>Respeto por los dem\u00e1s y por uno mismo.<\/li>\n\n\n\n<li>Entender los fracasos como parte del proceso de aprendizaje.<\/li>\n\n\n\n<li>Autoconciencia y la b\u00fasqueda de nuestros talentos.<\/li>\n\n\n\n<li>Responsabilidad.<\/li>\n\n\n\n<li>Compromiso.<\/li>\n\n\n\n<li>Solidaridad.<\/li>\n\n\n\n<li>Autonom\u00eda.<\/li>\n\n\n\n<li>Honestidad.<\/li>\n<\/ul>\n\n\n<style>.kb-image7567_e353d0-16 .kb-image-has-overlay:after{opacity:0.3;}<\/style>\n<figure class=\"wp-block-kadence-image kb-image7567_e353d0-16 size-large\"><img alt=\"\" loading=\"lazy\" decoding=\"async\" width=\"1024\" height=\"866\" src=\"https:\/\/oldims.nexodreams.com\/wp-content\/uploads\/2020\/04\/62988699_672900039845490_1040578727945175040_o-1024x866.jpg\" alt=\"\" class=\"kb-img wp-image-223\" srcset=\"https:\/\/oldims.nexodreams.com\/wp-content\/uploads\/2020\/04\/62988699_672900039845490_1040578727945175040_o-1024x866.jpg 1024w, https:\/\/oldims.nexodreams.com\/wp-content\/uploads\/2020\/04\/62988699_672900039845490_1040578727945175040_o-600x508.jpg 600w, https:\/\/oldims.nexodreams.com\/wp-content\/uploads\/2020\/04\/62988699_672900039845490_1040578727945175040_o-300x254.jpg 300w, https:\/\/oldims.nexodreams.com\/wp-content\/uploads\/2020\/04\/62988699_672900039845490_1040578727945175040_o-768x650.jpg 768w, https:\/\/oldims.nexodreams.com\/wp-content\/uploads\/2020\/04\/62988699_672900039845490_1040578727945175040_o.jpg 1200w\" sizes=\"auto, (max-width: 1024px) 100vw, 1024px\" \/><\/figure>\n\n\n\n<p>\u201cEsta es nuestra historia, esta soy yo, estos son nuestros valores y la Escuela Internacional Montessori Sotogrande es mi sue\u00f1o y el de todas las personas que trabajan aqu\u00ed.<\/p>\n\n\n\n<p>Si hoy nuestra escuela es una realidad, es gracias a todo el personal que me ha acompa\u00f1ado a lo largo de todos estos a\u00f1os y, por supuesto, gracias a todas las familias que han confiado en nuestro trabajo como educadores y nos han elegido para acompa\u00f1arles en el proceso de educar a sus hijos. Y, por supuesto, a los padres que en los \u00faltimos a\u00f1os han participado en la fundaci\u00f3n y crecimiento de la escuela, mostrando absoluta confianza en este nuevo proyecto que empezamos hace unos a\u00f1os y que, estoy plenamente convencida, haremos crecer juntos.\u201d <strong>Olimpia Tard\u00e1.<\/strong><\/p>\n<\/div><\/div>\n\n<\/div><\/div>\n\n<style>.kb-row-layout-id8214_cbdb06-2f > .kt-row-column-wrap{align-content:start;}:where(.kb-row-layout-id8214_cbdb06-2f > .kt-row-column-wrap) > .wp-block-kadence-column{justify-content:start;}.kb-row-layout-id8214_cbdb06-2f > .kt-row-column-wrap{column-gap:var(--global-kb-gap-md, 2rem);row-gap:var(--global-kb-gap-md, 2rem);padding-top:var(--global-kb-spacing-xl, 4rem);padding-bottom:var(--global-kb-spacing-lg, 3rem);grid-template-columns:minmax(0, 1fr);}.kb-row-layout-id8214_cbdb06-2f > .kt-row-layout-overlay{opacity:0.30;}@media all and (max-width: 1024px){.kb-row-layout-id8214_cbdb06-2f > .kt-row-column-wrap{grid-template-columns:minmax(0, 1fr);}}@media all and (max-width: 767px){.kb-row-layout-id8214_cbdb06-2f > .kt-row-column-wrap{grid-template-columns:minmax(0, 1fr);}}<\/style><div class=\"kb-row-layout-wrap kb-row-layout-id8214_cbdb06-2f alignfull has-theme-palette1-background-color kt-row-has-bg wp-block-kadence-rowlayout\"><div class=\"kt-row-column-wrap kt-has-1-columns kt-row-layout-equal kt-tab-layout-inherit kt-mobile-layout-row kt-row-valign-top\">\n<style>.kadence-column8214_4a950f-e6 > .kt-inside-inner-col,.kadence-column8214_4a950f-e6 > .kt-inside-inner-col:before{border-top-left-radius:0px;border-top-right-radius:0px;border-bottom-right-radius:0px;border-bottom-left-radius:0px;}.kadence-column8214_4a950f-e6 > .kt-inside-inner-col{column-gap:var(--global-kb-gap-sm, 1rem);}.kadence-column8214_4a950f-e6 > .kt-inside-inner-col{flex-direction:column;}.kadence-column8214_4a950f-e6 > .kt-inside-inner-col > .aligncenter{width:100%;}.kadence-column8214_4a950f-e6 > .kt-inside-inner-col:before{opacity:0.3;}.kadence-column8214_4a950f-e6{position:relative;}@media all and (max-width: 1024px){.kadence-column8214_4a950f-e6 > .kt-inside-inner-col{flex-direction:column;justify-content:center;}}@media all and (max-width: 767px){.kadence-column8214_4a950f-e6 > .kt-inside-inner-col{flex-direction:column;justify-content:center;}}<\/style>\n<div class=\"wp-block-kadence-column kadence-column8214_4a950f-e6\"><div class=\"kt-inside-inner-col\"><style>.wp-block-kadence-advancedheading.kt-adv-heading8214_a3a68f-44, .wp-block-kadence-advancedheading.kt-adv-heading8214_a3a68f-44[data-kb-block=\"kb-adv-heading8214_a3a68f-44\"]{text-align:center;font-style:normal;}.wp-block-kadence-advancedheading.kt-adv-heading8214_a3a68f-44 mark.kt-highlight, .wp-block-kadence-advancedheading.kt-adv-heading8214_a3a68f-44[data-kb-block=\"kb-adv-heading8214_a3a68f-44\"] mark.kt-highlight{font-style:normal;color:#f76a0c;-webkit-box-decoration-break:clone;box-decoration-break:clone;padding-top:0px;padding-right:0px;padding-bottom:0px;padding-left:0px;}<\/style>\n<h2 class=\"kt-adv-heading8214_a3a68f-44 wp-block-kadence-advancedheading has-theme-palette-2-color has-text-color\" data-kb-block=\"kb-adv-heading8214_a3a68f-44\">VEN A VISITARNOS<\/h2>\n\n\n<style>.wp-block-kadence-advancedbtn.kb-btns8214_568712-6b{gap:var(--global-kb-gap-xs, 0.5rem );justify-content:center;align-items:center;}.kt-btns8214_568712-6b .kt-button{font-weight:normal;font-style:normal;}.kt-btns8214_568712-6b .kt-btn-wrap-0{margin-right:5px;}.wp-block-kadence-advancedbtn.kt-btns8214_568712-6b .kt-btn-wrap-0 .kt-button{color:#555555;border-color:#555555;}.wp-block-kadence-advancedbtn.kt-btns8214_568712-6b .kt-btn-wrap-0 .kt-button:hover, .wp-block-kadence-advancedbtn.kt-btns8214_568712-6b .kt-btn-wrap-0 .kt-button:focus{color:#ffffff;border-color:#444444;}.wp-block-kadence-advancedbtn.kt-btns8214_568712-6b .kt-btn-wrap-0 .kt-button::before{display:none;}.wp-block-kadence-advancedbtn.kt-btns8214_568712-6b .kt-btn-wrap-0 .kt-button:hover, .wp-block-kadence-advancedbtn.kt-btns8214_568712-6b .kt-btn-wrap-0 .kt-button:focus{background:#444444;}<\/style>\n<div class=\"wp-block-kadence-advancedbtn kb-buttons-wrap kb-btns8214_568712-6b\"><style>ul.menu .wp-block-kadence-advancedbtn .kb-btn8214_d6567d-59.kb-button{width:initial;}.wp-block-kadence-advancedbtn .kb-btn8214_d6567d-59.kb-button{color:var(--global-palette9, #ffffff);background:var(--global-palette2, #2B6CB0);}.wp-block-kadence-advancedbtn .kb-btn8214_d6567d-59.kb-button:hover, .wp-block-kadence-advancedbtn .kb-btn8214_d6567d-59.kb-button:focus{color:var(--global-palette9, #ffffff);background:var(--global-palette2, #2B6CB0);border-top-color:var(--global-palette9, #ffffff);border-top-style:solid;border-right-color:var(--global-palette9, #ffffff);border-right-style:solid;border-bottom-color:var(--global-palette9, #ffffff);border-bottom-style:solid;border-left-color:var(--global-palette9, #ffffff);border-left-style:solid;}@media all and (max-width: 1024px){.wp-block-kadence-advancedbtn .kb-btn8214_d6567d-59.kb-button:hover, .wp-block-kadence-advancedbtn .kb-btn8214_d6567d-59.kb-button:focus{border-top-color:var(--global-palette9, #ffffff);border-top-style:solid;border-right-color:var(--global-palette9, #ffffff);border-right-style:solid;border-bottom-color:var(--global-palette9, #ffffff);border-bottom-style:solid;border-left-color:var(--global-palette9, #ffffff);border-left-style:solid;}}@media all and (max-width: 767px){.wp-block-kadence-advancedbtn .kb-btn8214_d6567d-59.kb-button:hover, .wp-block-kadence-advancedbtn .kb-btn8214_d6567d-59.kb-button:focus{border-top-color:var(--global-palette9, #ffffff);border-top-style:solid;border-right-color:var(--global-palette9, #ffffff);border-right-style:solid;border-bottom-color:var(--global-palette9, #ffffff);border-bottom-style:solid;border-left-color:var(--global-palette9, #ffffff);border-left-style:solid;}}<\/style><a class=\"kb-button kt-button button kb-btn8214_d6567d-59 kt-btn-size-standard kt-btn-width-type-auto kb-btn-global-fill kt-btn-has-text-true kt-btn-has-svg-false  wp-block-kadence-singlebtn\" href=\"https:\/\/oldims.nexodreams.com\/es\/contactar-ims\/\"><span class=\"kt-btn-inner-text\">RESERVA TU CITA<\/span><\/a><\/div>\n<\/div><\/div>\n\n<\/div><\/div>","protected":false},"excerpt":{"rendered":"<p>Nuestra Historia \u201cHace 20 a\u00f1os estaba buscando una guarder\u00eda para mi hijo, quer\u00eda un lugar donde se respetara el ritmo de aprendizaje de los ni\u00f1os, donde se tuvieran en cuenta sus necesidades e intereses, un lugar donde el maestro olvidara su papel de \u2018vamos a ense\u00f1arte\u2019 por el de \u2018vamos a aprender\u2019,&#8230; Y como no&#8230;<\/p>\n","protected":false},"author":4,"featured_media":0,"parent":0,"menu_order":68,"comment_status":"closed","ping_status":"closed","template":"","meta":{"_acf_changed":false,"_seopress_robots_primary_cat":"","_seopress_titles_title":"","_seopress_titles_desc":"","_seopress_robots_index":"","_kad_blocks_custom_css":"","_kad_blocks_head_custom_js":"","_kad_blocks_body_custom_js":"","_kad_blocks_footer_custom_js":"","_kad_post_transparent":"","_kad_post_title":"","_kad_post_layout":"","_kad_post_sidebar_id":"","_kad_post_content_style":"","_kad_post_vertical_padding":"","_kad_post_feature":"","_kad_post_feature_position":"","_kad_post_header":false,"_kad_post_footer":false,"footnotes":""},"class_list":["post-7567","page","type-page","status-publish","hentry"],"acf":[],"taxonomy_info":[],"featured_image_src_large":false,"author_info":{"display_name":"Carmelo Ter\u00e1n","author_link":"https:\/\/oldims.nexodreams.com\/es\/author\/nexodreams\/"},"comment_info":0,"_links":{"self":[{"href":"https:\/\/oldims.nexodreams.com\/es\/wp-json\/wp\/v2\/pages\/7567","targetHints":{"allow":["GET"]}}],"collection":[{"href":"https:\/\/oldims.nexodreams.com\/es\/wp-json\/wp\/v2\/pages"}],"about":[{"href":"https:\/\/oldims.nexodreams.com\/es\/wp-json\/wp\/v2\/types\/page"}],"author":[{"embeddable":true,"href":"https:\/\/oldims.nexodreams.com\/es\/wp-json\/wp\/v2\/users\/4"}],"replies":[{"embeddable":true,"href":"https:\/\/oldims.nexodreams.com\/es\/wp-json\/wp\/v2\/comments?post=7567"}],"version-history":[{"count":7,"href":"https:\/\/oldims.nexodreams.com\/es\/wp-json\/wp\/v2\/pages\/7567\/revisions"}],"predecessor-version":[{"id":8328,"href":"https:\/\/oldims.nexodreams.com\/es\/wp-json\/wp\/v2\/pages\/7567\/revisions\/8328"}],"wp:attachment":[{"href":"https:\/\/oldims.nexodreams.com\/es\/wp-json\/wp\/v2\/media?parent=7567"}],"curies":[{"name":"wp","href":"https:\/\/api.w.org\/{rel}","templated":true}]}}