{"id":7578,"date":"2020-04-24T22:14:40","date_gmt":"2020-04-24T22:14:40","guid":{"rendered":"https:\/\/oldims.nexodreams.com\/vision-mission\/"},"modified":"2025-04-25T10:14:58","modified_gmt":"2025-04-25T10:14:58","slug":"vision-mission","status":"publish","type":"page","link":"https:\/\/oldims.nexodreams.com\/es\/vision-mission\/","title":{"rendered":"Vision &amp; Mission"},"content":{"rendered":"<style>.kb-row-layout-id7578_52e1a1-a4 > .kt-row-column-wrap{align-content:start;}:where(.kb-row-layout-id7578_52e1a1-a4 > .kt-row-column-wrap) > .wp-block-kadence-column{justify-content:start;}.kb-row-layout-id7578_52e1a1-a4 > .kt-row-column-wrap{column-gap:var(--global-kb-gap-md, 2rem);row-gap:var(--global-kb-gap-md, 2rem);padding-top:var(--global-kb-spacing-xxl, 5rem);padding-right:var(--global-kb-spacing-lg, 3rem);padding-bottom:var(--global-kb-spacing-xl, 4rem);padding-left:var(--global-kb-spacing-lg, 3rem);grid-template-columns:minmax(0, 1fr);}.kb-row-layout-id7578_52e1a1-a4 > .kt-row-layout-overlay{opacity:0.30;}@media all and (max-width: 1024px){.kb-row-layout-id7578_52e1a1-a4 > .kt-row-column-wrap{grid-template-columns:minmax(0, 1fr);}}@media all and (max-width: 767px){.kb-row-layout-id7578_52e1a1-a4 > .kt-row-column-wrap{padding-right:var(--global-kb-spacing-xxs, 0.5rem);padding-left:var(--global-kb-spacing-xxs, 0.5rem);grid-template-columns:minmax(0, 1fr);}}<\/style><div class=\"kb-row-layout-wrap kb-row-layout-id7578_52e1a1-a4 alignfull wp-block-kadence-rowlayout\"><div class=\"kt-row-column-wrap kt-has-1-columns kt-row-layout-equal kt-tab-layout-inherit kt-mobile-layout-row kt-row-valign-top\">\n<style>.kadence-column7578_b21248-45 > .kt-inside-inner-col,.kadence-column7578_b21248-45 > .kt-inside-inner-col:before{border-top-left-radius:0px;border-top-right-radius:0px;border-bottom-right-radius:0px;border-bottom-left-radius:0px;}.kadence-column7578_b21248-45 > .kt-inside-inner-col{column-gap:var(--global-kb-gap-sm, 1rem);}.kadence-column7578_b21248-45 > .kt-inside-inner-col{flex-direction:column;}.kadence-column7578_b21248-45 > .kt-inside-inner-col > .aligncenter{width:100%;}.kadence-column7578_b21248-45 > .kt-inside-inner-col:before{opacity:0.3;}.kadence-column7578_b21248-45{position:relative;}@media all and (max-width: 1024px){.kadence-column7578_b21248-45 > .kt-inside-inner-col{flex-direction:column;justify-content:center;}}@media all and (max-width: 767px){.kadence-column7578_b21248-45 > .kt-inside-inner-col{flex-direction:column;justify-content:center;}}<\/style>\n<div class=\"wp-block-kadence-column kadence-column7578_b21248-45 kvs-md-false kvs-sm-false\"><div class=\"kt-inside-inner-col\"><style>.wp-block-kadence-advancedheading.kt-adv-heading7578_287ad1-ca, .wp-block-kadence-advancedheading.kt-adv-heading7578_287ad1-ca[data-kb-block=\"kb-adv-heading7578_287ad1-ca\"]{text-align:center;font-style:normal;}.wp-block-kadence-advancedheading.kt-adv-heading7578_287ad1-ca mark.kt-highlight, .wp-block-kadence-advancedheading.kt-adv-heading7578_287ad1-ca[data-kb-block=\"kb-adv-heading7578_287ad1-ca\"] mark.kt-highlight{font-style:normal;color:#f76a0c;-webkit-box-decoration-break:clone;box-decoration-break:clone;padding-top:0px;padding-right:0px;padding-bottom:0px;padding-left:0px;}<\/style>\n<h1 class=\"kt-adv-heading7578_287ad1-ca wp-block-kadence-advancedheading\" data-kb-block=\"kb-adv-heading7578_287ad1-ca\">Los ni\u00f1os est\u00e1n en el coraz\u00f3n <br>de todo lo que hacemos.<\/h1>\n<\/div><\/div>\n\n\n<style>.kadence-column7578_725971-4a > .kt-inside-inner-col,.kadence-column7578_725971-4a > .kt-inside-inner-col:before{border-top-left-radius:0px;border-top-right-radius:0px;border-bottom-right-radius:0px;border-bottom-left-radius:0px;}.kadence-column7578_725971-4a > .kt-inside-inner-col{column-gap:var(--global-kb-gap-sm, 1rem);}.kadence-column7578_725971-4a > .kt-inside-inner-col{flex-direction:column;}.kadence-column7578_725971-4a > .kt-inside-inner-col > .aligncenter{width:100%;}.kadence-column7578_725971-4a > .kt-inside-inner-col:before{opacity:0.3;}.kadence-column7578_725971-4a{position:relative;}@media all and (max-width: 1024px){.kadence-column7578_725971-4a > .kt-inside-inner-col{flex-direction:column;justify-content:center;}}@media all and (max-width: 767px){.kadence-column7578_725971-4a > .kt-inside-inner-col{flex-direction:column;justify-content:center;}}<\/style>\n<div class=\"wp-block-kadence-column kadence-column7578_725971-4a kvs-lg-false\"><div class=\"kt-inside-inner-col\"><style>.wp-block-kadence-advancedheading.kt-adv-heading7578_a464f9-a6, .wp-block-kadence-advancedheading.kt-adv-heading7578_a464f9-a6[data-kb-block=\"kb-adv-heading7578_a464f9-a6\"]{text-align:center;font-size:var(--global-kb-font-size-lg, 2rem);font-style:normal;}.wp-block-kadence-advancedheading.kt-adv-heading7578_a464f9-a6 mark.kt-highlight, .wp-block-kadence-advancedheading.kt-adv-heading7578_a464f9-a6[data-kb-block=\"kb-adv-heading7578_a464f9-a6\"] mark.kt-highlight{font-style:normal;color:#f76a0c;-webkit-box-decoration-break:clone;box-decoration-break:clone;padding-top:0px;padding-right:0px;padding-bottom:0px;padding-left:0px;}<\/style>\n<h1 class=\"kt-adv-heading7578_a464f9-a6 wp-block-kadence-advancedheading\" data-kb-block=\"kb-adv-heading7578_a464f9-a6\">Los ni\u00f1os est\u00e1n en el coraz\u00f3n de todo lo que hacemos.<\/h1>\n<\/div><\/div>\n\n<\/div><\/div>\n\n<style>.kb-row-layout-id7578_129ca4-35 > .kt-row-column-wrap{align-content:start;}:where(.kb-row-layout-id7578_129ca4-35 > .kt-row-column-wrap) > .wp-block-kadence-column{justify-content:start;}.kb-row-layout-id7578_129ca4-35 > .kt-row-column-wrap{column-gap:var(--global-kb-gap-md, 2rem);row-gap:var(--global-kb-gap-md, 2rem);padding-top:var(--global-kb-spacing-xxl, 5rem);padding-right:var(--global-kb-spacing-lg, 3rem);padding-bottom:var(--global-kb-spacing-sm, 1.5rem);padding-left:var(--global-kb-spacing-lg, 3rem);grid-template-columns:minmax(0, 1fr);}.kb-row-layout-id7578_129ca4-35{background-image:linear-gradient(171deg,var(--global-palette7) 0%,var(--global-palette9) 100%);}.kb-row-layout-id7578_129ca4-35 > .kt-row-layout-overlay{opacity:0.30;}@media all and (max-width: 1024px){.kb-row-layout-id7578_129ca4-35 > .kt-row-column-wrap{grid-template-columns:minmax(0, 1fr);}}@media all and (max-width: 767px){.kb-row-layout-id7578_129ca4-35 > .kt-row-column-wrap{padding-right:var(--global-kb-spacing-xs, 1rem);padding-left:var(--global-kb-spacing-xs, 1rem);grid-template-columns:minmax(0, 1fr);}}<\/style><div class=\"kb-row-layout-wrap kb-row-layout-id7578_129ca4-35 alignfull has-theme-palette7-background-color kt-row-has-bg wp-block-kadence-rowlayout\"><div class=\"kt-row-column-wrap kt-has-1-columns kt-row-layout-equal kt-tab-layout-inherit kt-mobile-layout-row kt-row-valign-top\">\n<style>.kadence-column7578_702364-90 > .kt-inside-inner-col,.kadence-column7578_702364-90 > .kt-inside-inner-col:before{border-top-left-radius:0px;border-top-right-radius:0px;border-bottom-right-radius:0px;border-bottom-left-radius:0px;}.kadence-column7578_702364-90 > .kt-inside-inner-col{column-gap:var(--global-kb-gap-sm, 1rem);}.kadence-column7578_702364-90 > .kt-inside-inner-col{flex-direction:column;}.kadence-column7578_702364-90 > .kt-inside-inner-col > .aligncenter{width:100%;}.kadence-column7578_702364-90 > .kt-inside-inner-col:before{opacity:0.3;}.kadence-column7578_702364-90{position:relative;}@media all and (max-width: 1024px){.kadence-column7578_702364-90 > .kt-inside-inner-col{flex-direction:column;justify-content:center;}}@media all and (max-width: 767px){.kadence-column7578_702364-90 > .kt-inside-inner-col{flex-direction:column;justify-content:center;}}<\/style>\n<div class=\"wp-block-kadence-column kadence-column7578_702364-90\"><div class=\"kt-inside-inner-col\">\n<h2 class=\"wp-block-heading\">Visi\u00f3n<\/h2>\n\n\n\n<p>Creemos que desde el principio y a lo largo de la vida, la educaci\u00f3n constituye la base para transformar la sociedad. Creemos que el mundo puede mejorarse mejorando la educaci\u00f3n de los ni\u00f1os de hoy, que ser\u00e1n los adultos del ma\u00f1ana.<\/p>\n\n\n\n<p>Mejorar la sociedad a trav\u00e9s de la educaci\u00f3n es nuestro prop\u00f3sito. Trabajamos constantemente para permitir que los ni\u00f1os de hoy se conviertan en adultos competentes, de modo que puedan aportar sus talentos a la sociedad y sean capaces de hacer del mundo un lugar mejor para vivir.<\/p>\n\n\n<style>.kb-image7578_9fd0d4-c0 .kb-image-has-overlay:after{opacity:0.3;}<\/style>\n<figure class=\"wp-block-kadence-image kb-image7578_9fd0d4-c0 alignfull kb-image-is-ratio-size\"><div class=\"kb-is-ratio-image kb-image-ratio-land169\"><img decoding=\"async\" src=\"https:\/\/oldims.nexodreams.com\/wp-content\/uploads\/2021\/03\/VISION-.jpg\" alt=\"\" class=\"kb-img\"\/><\/div><\/figure>\n<\/div><\/div>\n\n<\/div><\/div>\n\n<style>.kb-row-layout-id7578_85d816-4b > .kt-row-column-wrap{align-content:start;}:where(.kb-row-layout-id7578_85d816-4b > .kt-row-column-wrap) > .wp-block-kadence-column{justify-content:start;}.kb-row-layout-id7578_85d816-4b > .kt-row-column-wrap{column-gap:var(--global-kb-gap-md, 2rem);row-gap:var(--global-kb-gap-md, 2rem);padding-top:var(--global-kb-spacing-sm, 1.5rem);padding-right:var(--global-kb-spacing-lg, 3rem);padding-bottom:var(--global-kb-spacing-sm, 1.5rem);padding-left:var(--global-kb-spacing-lg, 3rem);grid-template-columns:minmax(0, 1fr);}.kb-row-layout-id7578_85d816-4b > .kt-row-layout-overlay{opacity:0.30;}@media all and (max-width: 1024px){.kb-row-layout-id7578_85d816-4b > .kt-row-column-wrap{grid-template-columns:minmax(0, 1fr);}}@media all and (max-width: 767px){.kb-row-layout-id7578_85d816-4b > .kt-row-column-wrap{grid-template-columns:minmax(0, 1fr);}}<\/style><div class=\"kb-row-layout-wrap kb-row-layout-id7578_85d816-4b alignfull wp-block-kadence-rowlayout\"><div class=\"kt-row-column-wrap kt-has-1-columns kt-row-layout-equal kt-tab-layout-inherit kt-mobile-layout-row kt-row-valign-top\">\n<style>.kadence-column7578_874ef5-2c > .kt-inside-inner-col,.kadence-column7578_874ef5-2c > .kt-inside-inner-col:before{border-top-left-radius:0px;border-top-right-radius:0px;border-bottom-right-radius:0px;border-bottom-left-radius:0px;}.kadence-column7578_874ef5-2c > .kt-inside-inner-col{column-gap:var(--global-kb-gap-sm, 1rem);}.kadence-column7578_874ef5-2c > .kt-inside-inner-col{flex-direction:column;}.kadence-column7578_874ef5-2c > .kt-inside-inner-col > .aligncenter{width:100%;}.kadence-column7578_874ef5-2c > .kt-inside-inner-col:before{opacity:0.3;}.kadence-column7578_874ef5-2c{position:relative;}@media all and (max-width: 1024px){.kadence-column7578_874ef5-2c > .kt-inside-inner-col{flex-direction:column;justify-content:center;}}@media all and (max-width: 767px){.kadence-column7578_874ef5-2c > .kt-inside-inner-col{flex-direction:column;justify-content:center;}}<\/style>\n<div class=\"wp-block-kadence-column kadence-column7578_874ef5-2c\"><div class=\"kt-inside-inner-col\">\n<blockquote class=\"wp-block-quote is-layout-flow wp-block-quote-is-layout-flow\">\n<p>\u00b4El ni\u00f1o, con su enorme potencial f\u00edsico e intelectual, es un milagro ante nosotros. Este hecho deber\u00eda ser transmitido a todos los padres, educadores y otros interesados en los ni\u00f1os, porque la educaci\u00f3n desde el comienzo de la vida realmente podr\u00eda cambiar el presente y el futuro de la sociedad.\u00b4<\/p>\n\n\n\n<footer><cite>Maria Montessori<\/cite><\/footer>\n<\/blockquote>\n<\/div><\/div>\n\n<\/div><\/div>\n\n<style>.kb-row-layout-id7578_8225ab-af > .kt-row-column-wrap{align-content:start;}:where(.kb-row-layout-id7578_8225ab-af > .kt-row-column-wrap) > .wp-block-kadence-column{justify-content:start;}.kb-row-layout-id7578_8225ab-af > .kt-row-column-wrap{column-gap:var(--global-kb-gap-md, 2rem);row-gap:var(--global-kb-gap-md, 2rem);padding-top:var(--global-kb-spacing-xxl, 5rem);padding-right:var(--global-kb-spacing-lg, 3rem);padding-bottom:var(--global-kb-spacing-sm, 1.5rem);padding-left:var(--global-kb-spacing-lg, 3rem);grid-template-columns:minmax(0, 1fr);}.kb-row-layout-id7578_8225ab-af{background-image:linear-gradient(171deg,var(--global-palette7) 0%,var(--global-palette9) 100%);}.kb-row-layout-id7578_8225ab-af > .kt-row-layout-overlay{opacity:0.30;}@media all and (max-width: 1024px){.kb-row-layout-id7578_8225ab-af > .kt-row-column-wrap{grid-template-columns:minmax(0, 1fr);}}@media all and (max-width: 767px){.kb-row-layout-id7578_8225ab-af > .kt-row-column-wrap{padding-right:var(--global-kb-spacing-xs, 1rem);padding-left:var(--global-kb-spacing-xs, 1rem);grid-template-columns:minmax(0, 1fr);}}<\/style><div class=\"kb-row-layout-wrap kb-row-layout-id7578_8225ab-af alignfull has-theme-palette7-background-color kt-row-has-bg wp-block-kadence-rowlayout\"><div class=\"kt-row-column-wrap kt-has-1-columns kt-row-layout-equal kt-tab-layout-inherit kt-mobile-layout-row kt-row-valign-top\">\n<style>.kadence-column7578_0a9c3d-df > .kt-inside-inner-col,.kadence-column7578_0a9c3d-df > .kt-inside-inner-col:before{border-top-left-radius:0px;border-top-right-radius:0px;border-bottom-right-radius:0px;border-bottom-left-radius:0px;}.kadence-column7578_0a9c3d-df > .kt-inside-inner-col{column-gap:var(--global-kb-gap-sm, 1rem);}.kadence-column7578_0a9c3d-df > .kt-inside-inner-col{flex-direction:column;}.kadence-column7578_0a9c3d-df > .kt-inside-inner-col > .aligncenter{width:100%;}.kadence-column7578_0a9c3d-df > .kt-inside-inner-col:before{opacity:0.3;}.kadence-column7578_0a9c3d-df{position:relative;}@media all and (max-width: 1024px){.kadence-column7578_0a9c3d-df > .kt-inside-inner-col{flex-direction:column;justify-content:center;}}@media all and (max-width: 767px){.kadence-column7578_0a9c3d-df > .kt-inside-inner-col{flex-direction:column;justify-content:center;}}<\/style>\n<div class=\"wp-block-kadence-column kadence-column7578_0a9c3d-df\"><div class=\"kt-inside-inner-col\">\n<h2 class=\"wp-block-heading\">Misi\u00f3n<\/h2>\n\n\n\n<p>Transformar el aula tradicional en espacios educativos innovadores; ofrecer una educaci\u00f3n Montessori sobresaliente que sea fresca y no conformista, donde se identifiquen y potencien los talentos \u00fanicos de cada ni\u00f1o, y donde desarrollen las herramientas necesarias para permitirles vivir con confianza y prosperar en un mundo multicultural y globalizado.<\/p>\n\n\n<style>.kb-image7578_87b86c-14 .kb-image-has-overlay:after{opacity:0.3;}<\/style>\n<figure class=\"wp-block-kadence-image kb-image7578_87b86c-14 alignfull\"><img decoding=\"async\" src=\"https:\/\/oldims.nexodreams.com\/wp-content\/uploads\/2020\/12\/elementary-3.jpeg\" alt=\"\" class=\"kb-img\"\/><\/figure>\n<\/div><\/div>\n\n<\/div><\/div>\n\n<style>.kb-row-layout-id7578_517680-af > .kt-row-column-wrap{align-content:start;}:where(.kb-row-layout-id7578_517680-af > .kt-row-column-wrap) > .wp-block-kadence-column{justify-content:start;}.kb-row-layout-id7578_517680-af > .kt-row-column-wrap{column-gap:var(--global-kb-gap-md, 2rem);row-gap:var(--global-kb-gap-md, 2rem);padding-top:var(--global-kb-spacing-sm, 1.5rem);padding-right:var(--global-kb-spacing-lg, 3rem);padding-bottom:var(--global-kb-spacing-lg, 3rem);padding-left:var(--global-kb-spacing-lg, 3rem);grid-template-columns:minmax(0, 1fr);}.kb-row-layout-id7578_517680-af > .kt-row-layout-overlay{opacity:0.30;}@media all and (max-width: 1024px){.kb-row-layout-id7578_517680-af > .kt-row-column-wrap{grid-template-columns:minmax(0, 1fr);}}@media all and (max-width: 767px){.kb-row-layout-id7578_517680-af > .kt-row-column-wrap{grid-template-columns:minmax(0, 1fr);}}<\/style><div class=\"kb-row-layout-wrap kb-row-layout-id7578_517680-af alignfull wp-block-kadence-rowlayout\"><div class=\"kt-row-column-wrap kt-has-1-columns kt-row-layout-equal kt-tab-layout-inherit kt-mobile-layout-row kt-row-valign-top\">\n<style>.kadence-column7578_b6f5ef-61 > .kt-inside-inner-col,.kadence-column7578_b6f5ef-61 > .kt-inside-inner-col:before{border-top-left-radius:0px;border-top-right-radius:0px;border-bottom-right-radius:0px;border-bottom-left-radius:0px;}.kadence-column7578_b6f5ef-61 > .kt-inside-inner-col{column-gap:var(--global-kb-gap-sm, 1rem);}.kadence-column7578_b6f5ef-61 > .kt-inside-inner-col{flex-direction:column;}.kadence-column7578_b6f5ef-61 > .kt-inside-inner-col > .aligncenter{width:100%;}.kadence-column7578_b6f5ef-61 > .kt-inside-inner-col:before{opacity:0.3;}.kadence-column7578_b6f5ef-61{position:relative;}@media all and (max-width: 1024px){.kadence-column7578_b6f5ef-61 > .kt-inside-inner-col{flex-direction:column;justify-content:center;}}@media all and (max-width: 767px){.kadence-column7578_b6f5ef-61 > .kt-inside-inner-col{flex-direction:column;justify-content:center;}}<\/style>\n<div class=\"wp-block-kadence-column kadence-column7578_b6f5ef-61\"><div class=\"kt-inside-inner-col\">\n<blockquote class=\"wp-block-quote is-layout-flow wp-block-quote-is-layout-flow\">\n<p>El ni\u00f1o, guiado por un maestro interno, trabaja incansablemente y con alegr\u00eda para construir el hombre que ser\u00e1. Nosotros los maestros solo podemos ayudar.<\/p>\n<\/blockquote>\n<\/div><\/div>\n\n<\/div><\/div>\n\n<style>.kb-row-layout-id8214_cbdb06-2f > .kt-row-column-wrap{align-content:start;}:where(.kb-row-layout-id8214_cbdb06-2f > .kt-row-column-wrap) > .wp-block-kadence-column{justify-content:start;}.kb-row-layout-id8214_cbdb06-2f > .kt-row-column-wrap{column-gap:var(--global-kb-gap-md, 2rem);row-gap:var(--global-kb-gap-md, 2rem);padding-top:var(--global-kb-spacing-xl, 4rem);padding-bottom:var(--global-kb-spacing-lg, 3rem);grid-template-columns:minmax(0, 1fr);}.kb-row-layout-id8214_cbdb06-2f > .kt-row-layout-overlay{opacity:0.30;}@media all and (max-width: 1024px){.kb-row-layout-id8214_cbdb06-2f > .kt-row-column-wrap{grid-template-columns:minmax(0, 1fr);}}@media all and (max-width: 767px){.kb-row-layout-id8214_cbdb06-2f > .kt-row-column-wrap{grid-template-columns:minmax(0, 1fr);}}<\/style><div class=\"kb-row-layout-wrap kb-row-layout-id8214_cbdb06-2f alignfull has-theme-palette1-background-color kt-row-has-bg wp-block-kadence-rowlayout\"><div class=\"kt-row-column-wrap kt-has-1-columns kt-row-layout-equal kt-tab-layout-inherit kt-mobile-layout-row kt-row-valign-top\">\n<style>.kadence-column8214_4a950f-e6 > .kt-inside-inner-col,.kadence-column8214_4a950f-e6 > .kt-inside-inner-col:before{border-top-left-radius:0px;border-top-right-radius:0px;border-bottom-right-radius:0px;border-bottom-left-radius:0px;}.kadence-column8214_4a950f-e6 > .kt-inside-inner-col{column-gap:var(--global-kb-gap-sm, 1rem);}.kadence-column8214_4a950f-e6 > .kt-inside-inner-col{flex-direction:column;}.kadence-column8214_4a950f-e6 > .kt-inside-inner-col > .aligncenter{width:100%;}.kadence-column8214_4a950f-e6 > .kt-inside-inner-col:before{opacity:0.3;}.kadence-column8214_4a950f-e6{position:relative;}@media all and (max-width: 1024px){.kadence-column8214_4a950f-e6 > .kt-inside-inner-col{flex-direction:column;justify-content:center;}}@media all and (max-width: 767px){.kadence-column8214_4a950f-e6 > .kt-inside-inner-col{flex-direction:column;justify-content:center;}}<\/style>\n<div class=\"wp-block-kadence-column kadence-column8214_4a950f-e6\"><div class=\"kt-inside-inner-col\"><style>.wp-block-kadence-advancedheading.kt-adv-heading8214_a3a68f-44, .wp-block-kadence-advancedheading.kt-adv-heading8214_a3a68f-44[data-kb-block=\"kb-adv-heading8214_a3a68f-44\"]{text-align:center;font-style:normal;}.wp-block-kadence-advancedheading.kt-adv-heading8214_a3a68f-44 mark.kt-highlight, .wp-block-kadence-advancedheading.kt-adv-heading8214_a3a68f-44[data-kb-block=\"kb-adv-heading8214_a3a68f-44\"] mark.kt-highlight{font-style:normal;color:#f76a0c;-webkit-box-decoration-break:clone;box-decoration-break:clone;padding-top:0px;padding-right:0px;padding-bottom:0px;padding-left:0px;}<\/style>\n<h2 class=\"kt-adv-heading8214_a3a68f-44 wp-block-kadence-advancedheading has-theme-palette-2-color has-text-color\" data-kb-block=\"kb-adv-heading8214_a3a68f-44\">VEN A VISITARNOS<\/h2>\n\n\n<style>.wp-block-kadence-advancedbtn.kb-btns8214_568712-6b{gap:var(--global-kb-gap-xs, 0.5rem );justify-content:center;align-items:center;}.kt-btns8214_568712-6b .kt-button{font-weight:normal;font-style:normal;}.kt-btns8214_568712-6b .kt-btn-wrap-0{margin-right:5px;}.wp-block-kadence-advancedbtn.kt-btns8214_568712-6b .kt-btn-wrap-0 .kt-button{color:#555555;border-color:#555555;}.wp-block-kadence-advancedbtn.kt-btns8214_568712-6b .kt-btn-wrap-0 .kt-button:hover, .wp-block-kadence-advancedbtn.kt-btns8214_568712-6b .kt-btn-wrap-0 .kt-button:focus{color:#ffffff;border-color:#444444;}.wp-block-kadence-advancedbtn.kt-btns8214_568712-6b .kt-btn-wrap-0 .kt-button::before{display:none;}.wp-block-kadence-advancedbtn.kt-btns8214_568712-6b .kt-btn-wrap-0 .kt-button:hover, .wp-block-kadence-advancedbtn.kt-btns8214_568712-6b .kt-btn-wrap-0 .kt-button:focus{background:#444444;}<\/style>\n<div class=\"wp-block-kadence-advancedbtn kb-buttons-wrap kb-btns8214_568712-6b\"><style>ul.menu .wp-block-kadence-advancedbtn .kb-btn8214_d6567d-59.kb-button{width:initial;}.wp-block-kadence-advancedbtn .kb-btn8214_d6567d-59.kb-button{color:var(--global-palette9, #ffffff);background:var(--global-palette2, #2B6CB0);}.wp-block-kadence-advancedbtn .kb-btn8214_d6567d-59.kb-button:hover, .wp-block-kadence-advancedbtn .kb-btn8214_d6567d-59.kb-button:focus{color:var(--global-palette9, #ffffff);background:var(--global-palette2, #2B6CB0);border-top-color:var(--global-palette9, #ffffff);border-top-style:solid;border-right-color:var(--global-palette9, #ffffff);border-right-style:solid;border-bottom-color:var(--global-palette9, #ffffff);border-bottom-style:solid;border-left-color:var(--global-palette9, #ffffff);border-left-style:solid;}@media all and (max-width: 1024px){.wp-block-kadence-advancedbtn .kb-btn8214_d6567d-59.kb-button:hover, .wp-block-kadence-advancedbtn .kb-btn8214_d6567d-59.kb-button:focus{border-top-color:var(--global-palette9, #ffffff);border-top-style:solid;border-right-color:var(--global-palette9, #ffffff);border-right-style:solid;border-bottom-color:var(--global-palette9, #ffffff);border-bottom-style:solid;border-left-color:var(--global-palette9, #ffffff);border-left-style:solid;}}@media all and (max-width: 767px){.wp-block-kadence-advancedbtn .kb-btn8214_d6567d-59.kb-button:hover, .wp-block-kadence-advancedbtn .kb-btn8214_d6567d-59.kb-button:focus{border-top-color:var(--global-palette9, #ffffff);border-top-style:solid;border-right-color:var(--global-palette9, #ffffff);border-right-style:solid;border-bottom-color:var(--global-palette9, #ffffff);border-bottom-style:solid;border-left-color:var(--global-palette9, #ffffff);border-left-style:solid;}}<\/style><a class=\"kb-button kt-button button kb-btn8214_d6567d-59 kt-btn-size-standard kt-btn-width-type-auto kb-btn-global-fill kt-btn-has-text-true kt-btn-has-svg-false  wp-block-kadence-singlebtn\" href=\"https:\/\/oldims.nexodreams.com\/es\/contactar-ims\/\"><span class=\"kt-btn-inner-text\">RESERVA TU CITA<\/span><\/a><\/div>\n<\/div><\/div>\n\n<\/div><\/div>","protected":false},"excerpt":{"rendered":"<p>Los ni\u00f1os est\u00e1n en el coraz\u00f3n de todo lo que hacemos. Los ni\u00f1os est\u00e1n en el coraz\u00f3n de todo lo que hacemos. Visi\u00f3n Creemos que desde el principio y a lo largo de la vida, la educaci\u00f3n constituye la base para transformar la sociedad. Creemos que el mundo puede mejorarse mejorando la educaci\u00f3n de los&#8230;<\/p>\n","protected":false},"author":3,"featured_media":0,"parent":0,"menu_order":85,"comment_status":"closed","ping_status":"closed","template":"","meta":{"_acf_changed":false,"_seopress_robots_primary_cat":"","_seopress_titles_title":"","_seopress_titles_desc":"","_seopress_robots_index":"","_kad_blocks_custom_css":"","_kad_blocks_head_custom_js":"","_kad_blocks_body_custom_js":"","_kad_blocks_footer_custom_js":"","_kad_post_transparent":"","_kad_post_title":"","_kad_post_layout":"","_kad_post_sidebar_id":"","_kad_post_content_style":"","_kad_post_vertical_padding":"","_kad_post_feature":"","_kad_post_feature_position":"","_kad_post_header":false,"_kad_post_footer":false,"footnotes":""},"class_list":["post-7578","page","type-page","status-publish","hentry"],"acf":[],"taxonomy_info":[],"featured_image_src_large":false,"author_info":{"display_name":"IMS Sotogrande Montessori","author_link":"https:\/\/oldims.nexodreams.com\/es\/author\/ims-sotograndes\/"},"comment_info":0,"_links":{"self":[{"href":"https:\/\/oldims.nexodreams.com\/es\/wp-json\/wp\/v2\/pages\/7578","targetHints":{"allow":["GET"]}}],"collection":[{"href":"https:\/\/oldims.nexodreams.com\/es\/wp-json\/wp\/v2\/pages"}],"about":[{"href":"https:\/\/oldims.nexodreams.com\/es\/wp-json\/wp\/v2\/types\/page"}],"author":[{"embeddable":true,"href":"https:\/\/oldims.nexodreams.com\/es\/wp-json\/wp\/v2\/users\/3"}],"replies":[{"embeddable":true,"href":"https:\/\/oldims.nexodreams.com\/es\/wp-json\/wp\/v2\/comments?post=7578"}],"version-history":[{"count":12,"href":"https:\/\/oldims.nexodreams.com\/es\/wp-json\/wp\/v2\/pages\/7578\/revisions"}],"predecessor-version":[{"id":9242,"href":"https:\/\/oldims.nexodreams.com\/es\/wp-json\/wp\/v2\/pages\/7578\/revisions\/9242"}],"wp:attachment":[{"href":"https:\/\/oldims.nexodreams.com\/es\/wp-json\/wp\/v2\/media?parent=7578"}],"curies":[{"name":"wp","href":"https:\/\/api.w.org\/{rel}","templated":true}]}}