{"id":8130,"date":"2020-03-16T15:02:24","date_gmt":"2020-03-16T15:02:24","guid":{"rendered":"https:\/\/oldims.nexodreams.com\/privacy-policy\/"},"modified":"2024-04-24T22:02:13","modified_gmt":"2024-04-24T22:02:13","slug":"politica-de-privacidad","status":"publish","type":"page","link":"https:\/\/oldims.nexodreams.com\/es\/politica-de-privacidad\/","title":{"rendered":"Pol\u00edtica de Privacidad"},"content":{"rendered":"<style>.kb-row-layout-id8130_b6ec3d-9f > .kt-row-column-wrap{align-content:start;}:where(.kb-row-layout-id8130_b6ec3d-9f > .kt-row-column-wrap) > .wp-block-kadence-column{justify-content:start;}.kb-row-layout-id8130_b6ec3d-9f > .kt-row-column-wrap{column-gap:var(--global-kb-gap-md, 2rem);row-gap:var(--global-kb-gap-md, 2rem);padding-top:50px;padding-right:20px;padding-bottom:40px;padding-left:20px;grid-template-columns:minmax(0, 1fr);}.kb-row-layout-id8130_b6ec3d-9f > .kt-row-layout-overlay{opacity:0.30;}@media all and (max-width: 1024px){.kb-row-layout-id8130_b6ec3d-9f > .kt-row-column-wrap{grid-template-columns:minmax(0, 1fr);}}@media all and (max-width: 767px){.kb-row-layout-id8130_b6ec3d-9f > .kt-row-column-wrap{padding-right:0px;padding-left:0px;grid-template-columns:minmax(0, 1fr);}}<\/style><div class=\"kb-row-layout-wrap kb-row-layout-id8130_b6ec3d-9f alignnone wp-block-kadence-rowlayout\"><div class=\"kt-row-column-wrap kt-has-1-columns kt-row-layout-equal kt-tab-layout-inherit kt-mobile-layout-row kt-row-valign-top\">\n<style>.kadence-column8130_52cf8e-dd > .kt-inside-inner-col,.kadence-column8130_52cf8e-dd > .kt-inside-inner-col:before{border-top-left-radius:0px;border-top-right-radius:0px;border-bottom-right-radius:0px;border-bottom-left-radius:0px;}.kadence-column8130_52cf8e-dd > .kt-inside-inner-col{column-gap:var(--global-kb-gap-sm, 1rem);}.kadence-column8130_52cf8e-dd > .kt-inside-inner-col{flex-direction:column;}.kadence-column8130_52cf8e-dd > .kt-inside-inner-col > .aligncenter{width:100%;}.kadence-column8130_52cf8e-dd > .kt-inside-inner-col:before{opacity:0.3;}.kadence-column8130_52cf8e-dd{position:relative;}@media all and (max-width: 1024px){.kadence-column8130_52cf8e-dd > .kt-inside-inner-col{flex-direction:column;justify-content:center;}}@media all and (max-width: 767px){.kadence-column8130_52cf8e-dd > .kt-inside-inner-col{flex-direction:column;justify-content:center;}}<\/style>\n<div class=\"wp-block-kadence-column kadence-column8130_52cf8e-dd inner-column-1\"><div class=\"kt-inside-inner-col\"><style>.wp-block-kadence-advancedheading.kt-adv-heading8130_e11da9-5e, .wp-block-kadence-advancedheading.kt-adv-heading8130_e11da9-5e[data-kb-block=\"kb-adv-heading8130_e11da9-5e\"]{font-style:normal;}.wp-block-kadence-advancedheading.kt-adv-heading8130_e11da9-5e mark.kt-highlight, .wp-block-kadence-advancedheading.kt-adv-heading8130_e11da9-5e[data-kb-block=\"kb-adv-heading8130_e11da9-5e\"] mark.kt-highlight{font-style:normal;color:#f76a0c;-webkit-box-decoration-break:clone;box-decoration-break:clone;padding-top:0px;padding-right:0px;padding-bottom:0px;padding-left:0px;}@media all and (max-width: 767px){.wp-block-kadence-advancedheading.kt-adv-heading8130_e11da9-5e, .wp-block-kadence-advancedheading.kt-adv-heading8130_e11da9-5e[data-kb-block=\"kb-adv-heading8130_e11da9-5e\"]{font-size:var(--global-kb-font-size-xl, 3rem);}}<\/style>\n<h1 class=\"kt-adv-heading8130_e11da9-5e wp-block-kadence-advancedheading\" data-kb-block=\"kb-adv-heading8130_e11da9-5e\">Pol\u00edtica de Privacidad<\/h1>\n\n\n\n<p>Esta Pol\u00edtica de Privacidad establece los t\u00e9rminos en que utiliza y protege la informaci\u00f3n que es proporcionada por sus usuarios al momento de utilizar sus servicios, productos o sitio web. Esta organizaci\u00f3n est\u00e1 comprometida con la seguridad de los datos de sus usuarios. Cuando le solicitamos que proporcione informaci\u00f3n personal mediante la cual pueda ser identificado, lo hacemos con la seguridad de que solo se utilizar\u00e1 de acuerdo con los t\u00e9rminos de este documento. Sin embargo, esta Pol\u00edtica de Privacidad puede cambiar con el tiempo o actualizarse y le recomendamos y enfatizamos que revise continuamente esta p\u00e1gina para asegurarse de que est\u00e1 de acuerdo con dichos cambios.<\/p>\n\n\n\n<p><strong>Informaci\u00f3n que se recopila<\/strong><\/p>\n\n\n\n<p>Nuestra ubicaci\u00f3n f\u00edsica o sitio web puede recopilar informaci\u00f3n personal como: Nombre, informaci\u00f3n de contacto como su direcci\u00f3n de correo electr\u00f3nico e informaci\u00f3n demogr\u00e1fica. Adem\u00e1s, cuando sea necesario, se podr\u00e1 requerir informaci\u00f3n espec\u00edfica para procesar un pedido o realizar una entrega o facturaci\u00f3n.<\/p>\n\n\n\n<p>Nuestra ubicaci\u00f3n f\u00edsica o sitio web puede recopilar informaci\u00f3n personal como: Nombre, informaci\u00f3n de contacto como su direcci\u00f3n de correo electr\u00f3nico e informaci\u00f3n demogr\u00e1fica. Adem\u00e1s, cuando sea necesario, se podr\u00e1 requerir informaci\u00f3n espec\u00edfica para procesar un pedido o realizar una entrega o facturaci\u00f3n.<\/p>\n\n\n\n<p><strong>Uso de la informaci\u00f3n recopilada<\/strong><\/p>\n\n\n\n<p>Nuestro sitio utiliza la informaci\u00f3n para brindar el mejor servicio posible, particularmente para realizar un seguimiento de los usuarios, realizar un seguimiento de los pedidos, si corresponde, y mejorar nuestros productos y servicios. Es posible que peri\u00f3dicamente le enviemos correos electr\u00f3nicos a trav\u00e9s de nuestro sitio con ofertas especiales, nuevos productos y otra informaci\u00f3n promocional que consideremos que puede ser relevante para usted o que puede beneficiarle; estos correos electr\u00f3nicos se enviar\u00e1n a la direcci\u00f3n que usted proporcione y podr\u00e1n darse de baja en cualquier momento. Nuestra Organizaci\u00f3n est\u00e1 altamente comprometida con el cumplimiento de nuestro compromiso de mantener segura su informaci\u00f3n. Utilizamos los sistemas m\u00e1s avanzados y los actualizamos constantemente para garantizar que no exista ning\u00fan acceso no autorizado.<\/p>\n\n\n\n<p><strong>Control de su informaci\u00f3n personal<\/strong><\/p>\n\n\n\n<p>En cualquier momento usted puede restringir la recopilaci\u00f3n o el uso de la informaci\u00f3n personal que se proporciona a nuestro sitio web. Siempre que se te solicite completar un formulario, como un formulario de registro de usuario, puedes marcar o desmarcar la opci\u00f3n de recibir informaci\u00f3n por correo electr\u00f3nico. En caso de que hayas marcado la opci\u00f3n de recibir informaci\u00f3n o publicidad podr\u00e1s cancelarla en cualquier momento.<\/p>\n\n\n\n<p>Esta organizaci\u00f3n no vender\u00e1, transferir\u00e1 ni distribuir\u00e1 la informaci\u00f3n personal que se recopile sin su consentimiento, a menos que lo requiera un juez con una orden judicial.<\/p>\n\n\n\n<p>Nuestra Organizaci\u00f3n se reserva el derecho de cambiar los t\u00e9rminos de esta Pol\u00edtica de Privacidad en cualquier momento.<\/p>\n\n\n\n<p>En cumplimiento de lo dispuesto en el <strong>Reglamento (UE) 2016\/679 del Parlamento Europeo y del Consejo, de 27 de abril de 2016<\/strong>, sobre datos personales y su tratamiento, le informamos que los datos que nos facilita mediante la cumplimentaci\u00f3n de este formulario o registro Web y con la documentaci\u00f3n que usted aporte, pasar\u00e1 a formar parte de un <strong>Registro de Actividades de Tratamiento<\/strong>, con las siguientes caracter\u00edsticas:<\/p>\n\n\n\n<p><strong>RESPONSABLE<br><\/strong>Identidad: TRIBE FAMILY S.L. (ESCUELA INTERNACIONAL MONTESSORI DE SOTOGRANDE)<br>Direcci\u00f3n Postal: CENTRO COMERCIAL SOTOCENTRO, PLANTA 1, CP 11310, SAN ROQUE (SOTOGRANDE).<br>Tel\u00e9fono: 653 04 17 39<br>Correo electr\u00f3nico: info@ims-sotogrande.com<br>Delegado de Protecci\u00f3n de Datos: Luis Miguel Barrientos<br>Contacto DPD: info@isoandaluza.com<\/p>\n\n\n<style>.wp-block-kadence-advancedheading.kt-adv-heading8130_733add-2e, .wp-block-kadence-advancedheading.kt-adv-heading8130_733add-2e[data-kb-block=\"kb-adv-heading8130_733add-2e\"]{font-style:normal;}.wp-block-kadence-advancedheading.kt-adv-heading8130_733add-2e mark.kt-highlight, .wp-block-kadence-advancedheading.kt-adv-heading8130_733add-2e[data-kb-block=\"kb-adv-heading8130_733add-2e\"] mark.kt-highlight{font-style:normal;color:#f76a0c;-webkit-box-decoration-break:clone;box-decoration-break:clone;padding-top:0px;padding-right:0px;padding-bottom:0px;padding-left:0px;}<\/style>\n<p class=\"kt-adv-heading8130_733add-2e wp-block-kadence-advancedheading\" data-kb-block=\"kb-adv-heading8130_733add-2e\"><strong>FINALIDAD <\/strong><br><br>&#8211; Prestaci\u00f3n de Servicios: Ense\u00f1anza, educaci\u00f3n y formaci\u00f3n.<br>&#8211; Realizaci\u00f3n de Controles de Satisfacci\u00f3n.<br>&#8211; Env\u00edo de informaci\u00f3n, por canales ordinarios o electr\u00f3nicos, relacionada con productos y servicios que TRIBE FAMILY S.L. (COLEGIO INTERNACIONAL MONTESSORI DE SOTOGRANDE) productos y servicios que TRIBE FAMILY S.L. (ESCUELA INTERNACIONAL MONTESSORI DE SOTOGRANDE) presta actualmente o decide prestar en el futuro.<\/p>\n\n\n<style>.wp-block-kadence-advancedheading.kt-adv-heading8130_b6701e-a3, .wp-block-kadence-advancedheading.kt-adv-heading8130_b6701e-a3[data-kb-block=\"kb-adv-heading8130_b6701e-a3\"]{font-style:normal;}.wp-block-kadence-advancedheading.kt-adv-heading8130_b6701e-a3 mark.kt-highlight, .wp-block-kadence-advancedheading.kt-adv-heading8130_b6701e-a3[data-kb-block=\"kb-adv-heading8130_b6701e-a3\"] mark.kt-highlight{font-style:normal;color:#f76a0c;-webkit-box-decoration-break:clone;box-decoration-break:clone;padding-top:0px;padding-right:0px;padding-bottom:0px;padding-left:0px;}<\/style>\n<p class=\"kt-adv-heading8130_b6701e-a3 wp-block-kadence-advancedheading\" data-kb-block=\"kb-adv-heading8130_b6701e-a3\">Los datos personales proporcionados se conservar\u00e1n mientras se preste el servicio o no se solicite su supresi\u00f3n por el interesado. Se conservar\u00e1 durante un plazo de 3 a\u00f1os desde la \u00faltima confirmaci\u00f3n de inter\u00e9s o cese del servicio.<\/p>\n\n\n\n<p><strong>LEGITIMIDAD<br><\/strong>Consentimiento del interesado. Datos personales obtenidos y facilitados por el interesado.<\/p>\n\n\n\n<p><strong>OBJETIVO<br><\/strong>No se transfieren datos personales a terceros.<\/p>\n\n\n\n<p><strong>DERECHOS<br><\/strong>Acceder, rectificar y suprimir los datos, as\u00ed como otros derechos, como se explica en la pol\u00edtica de privacidad de nuestra organizaci\u00f3n. En determinadas circunstancias, los interesados podr\u00e1n solicitar la limitaci\u00f3n del tratamiento de sus datos, en cuyo caso \u00fanicamente los conservaremos para el ejercicio o la defensa de reclamaciones.<\/p>\n\n\n\n<p>Por motivos relacionados con su situaci\u00f3n particular, los interesados podr\u00e1n oponerse al tratamiento de sus datos. Nuestra Organizaci\u00f3n dejar\u00e1 de tratar los datos, salvo por motivos leg\u00edtimos imperiosos, o el ejercicio o la defensa de posibles reclamaciones. TRIBU FAMILIA S.L. (ESCUELA INTERNACIONAL MONTESSORI DE SOTOGRANDE) en ning\u00fan caso ser\u00e1 responsable de la licitud, veracidad y exactitud de los datos facilitados. Es bajo su exclusiva responsabilidad notificar a TRIBE FAMILY S.L. (COLEGIO INTERNACIONAL MONTESSORI DE SOTOGRANDE) de cualquier modificaci\u00f3n en los mismos. Asimismo, le informamos que puede ejercer sus derechos de acceso, rectificaci\u00f3n y supresi\u00f3n en CENTRO COMERCIAL SOTOCENTRO, PLANTA 1, CP 11310, SAN ROQUE (SOTOGRANDE).<\/p>\n\n\n\n<p>Adem\u00e1s, podr\u00e1 realizar cualquier consulta, solicitud, queja o reclamaci\u00f3n ante la Agencia Espa\u00f1ola de Protecci\u00f3n de Datos y ante el Delegado de Protecci\u00f3n de Datos asignado por TRIBE FAMILY S.L. (COLEGIO INTERNACIONAL MONTESSORI DE SOTOGRANDE), en el siguiente correo electr\u00f3nico: info@isoandaluza.com<\/p>\n\n\n<style>.wp-block-kadence-advancedheading.kt-adv-heading8130_f0f3a1-92, .wp-block-kadence-advancedheading.kt-adv-heading8130_f0f3a1-92[data-kb-block=\"kb-adv-heading8130_f0f3a1-92\"]{font-style:normal;}.wp-block-kadence-advancedheading.kt-adv-heading8130_f0f3a1-92 mark.kt-highlight, .wp-block-kadence-advancedheading.kt-adv-heading8130_f0f3a1-92[data-kb-block=\"kb-adv-heading8130_f0f3a1-92\"] mark.kt-highlight{font-style:normal;color:#f76a0c;-webkit-box-decoration-break:clone;box-decoration-break:clone;padding-top:0px;padding-right:0px;padding-bottom:0px;padding-left:0px;}<\/style>\n<p class=\"kt-adv-heading8130_f0f3a1-92 wp-block-kadence-advancedheading\" data-kb-block=\"kb-adv-heading8130_f0f3a1-92\"><br><br><\/p>\n<\/div><\/div>\n\n<\/div><\/div>","protected":false},"excerpt":{"rendered":"<p>Pol\u00edtica de Privacidad Esta Pol\u00edtica de Privacidad establece los t\u00e9rminos en que utiliza y protege la informaci\u00f3n que es proporcionada por sus usuarios al momento de utilizar sus servicios, productos o sitio web. Esta organizaci\u00f3n est\u00e1 comprometida con la seguridad de los datos de sus usuarios. Cuando le solicitamos que proporcione informaci\u00f3n personal mediante la&#8230;<\/p>\n","protected":false},"author":3,"featured_media":0,"parent":0,"menu_order":74,"comment_status":"closed","ping_status":"open","template":"","meta":{"_acf_changed":false,"_seopress_robots_primary_cat":"","_seopress_titles_title":"","_seopress_titles_desc":"","_seopress_robots_index":"","_kad_blocks_custom_css":"","_kad_blocks_head_custom_js":"","_kad_blocks_body_custom_js":"","_kad_blocks_footer_custom_js":"","_kad_post_transparent":"","_kad_post_title":"","_kad_post_layout":"narrow","_kad_post_sidebar_id":"","_kad_post_content_style":"","_kad_post_vertical_padding":"","_kad_post_feature":"","_kad_post_feature_position":"","_kad_post_header":false,"_kad_post_footer":false,"footnotes":""},"class_list":["post-8130","page","type-page","status-publish","hentry"],"acf":[],"taxonomy_info":[],"featured_image_src_large":false,"author_info":{"display_name":"IMS Sotogrande Montessori","author_link":"https:\/\/oldims.nexodreams.com\/es\/author\/ims-sotograndes\/"},"comment_info":0,"_links":{"self":[{"href":"https:\/\/oldims.nexodreams.com\/es\/wp-json\/wp\/v2\/pages\/8130","targetHints":{"allow":["GET"]}}],"collection":[{"href":"https:\/\/oldims.nexodreams.com\/es\/wp-json\/wp\/v2\/pages"}],"about":[{"href":"https:\/\/oldims.nexodreams.com\/es\/wp-json\/wp\/v2\/types\/page"}],"author":[{"embeddable":true,"href":"https:\/\/oldims.nexodreams.com\/es\/wp-json\/wp\/v2\/users\/3"}],"replies":[{"embeddable":true,"href":"https:\/\/oldims.nexodreams.com\/es\/wp-json\/wp\/v2\/comments?post=8130"}],"version-history":[{"count":6,"href":"https:\/\/oldims.nexodreams.com\/es\/wp-json\/wp\/v2\/pages\/8130\/revisions"}],"predecessor-version":[{"id":8454,"href":"https:\/\/oldims.nexodreams.com\/es\/wp-json\/wp\/v2\/pages\/8130\/revisions\/8454"}],"wp:attachment":[{"href":"https:\/\/oldims.nexodreams.com\/es\/wp-json\/wp\/v2\/media?parent=8130"}],"curies":[{"name":"wp","href":"https:\/\/api.w.org\/{rel}","templated":true}]}}