{"id":8141,"date":"2021-01-08T10:06:23","date_gmt":"2021-01-08T10:06:23","guid":{"rendered":"https:\/\/oldims.nexodreams.com\/cookie-policy\/"},"modified":"2024-04-24T22:03:27","modified_gmt":"2024-04-24T22:03:27","slug":"cookies","status":"publish","type":"page","link":"https:\/\/oldims.nexodreams.com\/es\/cookies\/","title":{"rendered":"Cookie Policy"},"content":{"rendered":"<style>.kb-row-layout-id8141_b6d36b-fc > .kt-row-column-wrap{align-content:start;}:where(.kb-row-layout-id8141_b6d36b-fc > .kt-row-column-wrap) > .wp-block-kadence-column{justify-content:start;}.kb-row-layout-id8141_b6d36b-fc > .kt-row-column-wrap{column-gap:var(--global-kb-gap-md, 2rem);row-gap:var(--global-kb-gap-md, 2rem);padding-top:var(--global-kb-spacing-lg, 3rem);padding-bottom:var(--global-kb-spacing-sm, 1.5rem);grid-template-columns:minmax(0, 1fr);}.kb-row-layout-id8141_b6d36b-fc > .kt-row-layout-overlay{opacity:0.30;}@media all and (max-width: 1024px){.kb-row-layout-id8141_b6d36b-fc > .kt-row-column-wrap{grid-template-columns:minmax(0, 1fr);}}@media all and (max-width: 767px){.kb-row-layout-id8141_b6d36b-fc > .kt-row-column-wrap{grid-template-columns:minmax(0, 1fr);}}<\/style><div class=\"kb-row-layout-wrap kb-row-layout-id8141_b6d36b-fc alignnone wp-block-kadence-rowlayout\"><div class=\"kt-row-column-wrap kt-has-1-columns kt-row-layout-equal kt-tab-layout-inherit kt-mobile-layout-row kt-row-valign-top\">\n<style>.kadence-column8141_53dd3d-65 > .kt-inside-inner-col,.kadence-column8141_53dd3d-65 > .kt-inside-inner-col:before{border-top-left-radius:0px;border-top-right-radius:0px;border-bottom-right-radius:0px;border-bottom-left-radius:0px;}.kadence-column8141_53dd3d-65 > .kt-inside-inner-col{column-gap:var(--global-kb-gap-sm, 1rem);}.kadence-column8141_53dd3d-65 > .kt-inside-inner-col{flex-direction:column;}.kadence-column8141_53dd3d-65 > .kt-inside-inner-col > .aligncenter{width:100%;}.kadence-column8141_53dd3d-65 > .kt-inside-inner-col:before{opacity:0.3;}.kadence-column8141_53dd3d-65{position:relative;}@media all and (max-width: 1024px){.kadence-column8141_53dd3d-65 > .kt-inside-inner-col{flex-direction:column;justify-content:center;}}@media all and (max-width: 767px){.kadence-column8141_53dd3d-65 > .kt-inside-inner-col{flex-direction:column;justify-content:center;}}<\/style>\n<div class=\"wp-block-kadence-column kadence-column8141_53dd3d-65\"><div class=\"kt-inside-inner-col\">\n<h2 class=\"wp-block-heading\" style=\"font-size:35px\">POL\u00cdTICA DE COOKIES<\/h2>\n\n\n\n<p>En Tribe Family estamos absolutamente comprometidos con la aplicaci\u00f3n de la nueva Ley <a href=\"https:\/\/es.wikipedia.org\/wiki\/Reglamento_General_de_Protecci%C3%B3n_de_Datos\">RGPD<\/a> (Reglamento General de la Protecci\u00f3n de Datos). Entr\u00f3 en vigor el 25 de mayo de 2016 y fue de aplicaci\u00f3n el 25 de mayo de 2018. A continuaci\u00f3n ofrecemos a nuestros usuarios toda la informaci\u00f3n sobre la \u00abPol\u00edtica de Cookies\u00bb y su uso en esta web.<\/p>\n\n\n\n<h2 class=\"wp-block-heading\" style=\"font-size:20px\">\u00bfQU\u00c9 ES UNA COOKIE?<\/h2>\n\n\n\n<p>Una <em>cookie<\/em> es un fichero de texto <strong>inofensivo<\/strong> que se almacena en su navegador cuando visita casi cualquier p\u00e1gina web. La utilidad de la <em>cookie<\/em> es que la web sea capaz de recordar su visita cuando vuelva a navegar por esa p\u00e1gina. Aunque mucha gente no lo sabe las <em>cookies<\/em> se llevan utilizando desde hace 20 a\u00f1os, cuando aparecieron los primeros navegadores para la World Wide Web.<\/p>\n\n\n\n<h2 class=\"wp-block-heading\" style=\"font-size:20px\">\u00bfQU\u00c9 NO ES UNA COOKIE?<\/h2>\n\n\n\n<p>No es un virus, ni un troyano, ni un gusano, ni spam, ni spyware, ni abre ventanas pop-up.<\/p>\n\n\n\n<h2 class=\"wp-block-heading\" style=\"font-size:20px\">\u00bfQU\u00c9 INFORMACI\u00d3N ALMACENA UNA <em>COOKIE<\/em>?<\/h2>\n\n\n\n<p>Las <em>cookies<\/em> no suelen almacenar informaci\u00f3n sensible sobre usted, como tarjetas de cr\u00e9dito o datos bancarios, fotograf\u00edas, su DNI o informaci\u00f3n personal, etc. Los datos que guardan son de car\u00e1cter t\u00e9cnico, preferencias personales, personalizaci\u00f3n de contenidos, etc.<\/p>\n\n\n\n<p>El servidor web no le asocia a usted como persona si no a su navegador web. De hecho, si usted navega habitualmente con Internet Explorer y prueba a navegar por la misma web con Firefox o Chrome ver\u00e1 que la web no se da cuenta que es usted la misma persona porque en realidad est\u00e1 asociando al navegador, no a la persona.<\/p>\n\n\n\n<h2 class=\"wp-block-heading\" style=\"font-size:20px\">QU\u00c9 TIPO DE COOKIES EXISTEN<\/h2>\n\n\n\n<figure class=\"wp-block-table\"><table><tbody><tr><th>Tipo de cookie<\/th><th>Prop\u00f3sito<\/th><\/tr><tr><td><em>Cookies esenciales<\/em><\/td><td>Estas cookies son esenciales para proporcionarle los servicios disponibles a trav\u00e9s de nuestros Sitios y para permitirle usar algunas de sus caracter\u00edsticas. Sin estas cookies, los servicios que solicit\u00f3 no se pueden proporcionar, y solo usamos estas cookies para brindarle esos servicios.<\/td><\/tr><tr><td><em>Cookies de funcionalidad<\/em><\/td><td>Estas cookies permiten a nuestros Sitios recordar las elecciones que usted hace cuando utiliza nuestros Sitios. El objetivo de estas cookies es brindarle una experiencia m\u00e1s personal y evitar tener que volver a seleccionar sus preferencias cada vez que visita nuestros Sitios.<\/td><\/tr><tr><td><em>Cookies de an\u00e1lisis y rendimiento<\/em><\/td><td>Estas cookies se utilizan para recopilar informaci\u00f3n sobre el tr\u00e1fico a nuestros sitios y c\u00f3mo los usuarios usan nuestros sitios. La informaci\u00f3n recopilada puede incluir el n\u00famero de visitantes a nuestros Sitios, los sitios web que los remitieron a nuestros Sitios, las p\u00e1ginas que visitaron en nuestros Sitios, la hora del d\u00eda en que visitaron nuestros Sitios, si visitaron nuestros Sitios anteriormente, y otros sitios similares informaci\u00f3n. Utilizamos esta informaci\u00f3n para ayudar a operar nuestros Sitios de manera m\u00e1s eficiente, para recopilar informaci\u00f3n demogr\u00e1fica amplia y para monitorear el nivel de actividad en nuestros Sitios.<\/td><\/tr><tr><td><em>Cookies de redes sociales<\/em><\/td><td>Estas cookies se usan cuando comparte informaci\u00f3n usando un bot\u00f3n para compartir en redes sociales o un bot\u00f3n \u00abMe gusta\u00bb en nuestros Sitios, o vincula su cuenta o interact\u00faa con nuestro contenido a trav\u00e9s de un sitio web de redes sociales como Facebook o Twitter. La red social registrar\u00e1 que ha hecho esto.<\/td><\/tr><tr><td><em>Cookies dirigidas y publicitarias<\/em><\/td><td>Estas cookies rastrean sus h\u00e1bitos de navegaci\u00f3n para permitirnos mostrar anuncios que probablemente sean de su inter\u00e9s. Estas cookies utilizan informaci\u00f3n sobre su historial de navegaci\u00f3n para agruparlo con otros usuarios que tienen intereses similares. En funci\u00f3n de esa informaci\u00f3n, y con nuestro permiso, los anunciantes de terceros pueden colocar cookies para que puedan mostrar anuncios que creemos que ser\u00e1n relevantes para sus intereses mientras se encuentren en sitios web de terceros. Puede desactivar ciertas cookies que recuerdan sus h\u00e1bitos de navegaci\u00f3n y publicidad objetivo visitando este sitio o, en la UE, este sitio. Si elige eliminar las cookies publicitarias o de orientaci\u00f3n, a\u00fan ver\u00e1 anuncios, pero es posible que no sean relevantes para usted. Incluso si elige eliminar las cookies de las empresas enumeradas en el enlace anterior, no todas las empresas que prestan servicios de publicidad conductual en l\u00ednea est\u00e1n incluidas en esta lista, por lo que a\u00fan puede recibir algunas cookies y anuncios personalizados de empresas que no figuran en la lista.<\/td><\/tr><\/tbody><\/table><\/figure>\n\n\n\n<h2 class=\"wp-block-heading\" style=\"font-size:20px\">COOKIES UTILIZADAS EN ESTE SITIO WEB<\/h2>\n\n\n\n<p>Siguiendo las directrices de la Agencia Espa\u00f1ola de Protecci\u00f3n de Datos procedemos a detallar el uso de <em>cookies<\/em> que hace esta web con el fin de informarle con la m\u00e1xima exactitud posible.<\/p>\n\n\n\n<p>Este sitio web utiliza las siguientes <strong>cookies propias<\/strong>:<\/p>\n\n\n\n<ul class=\"wp-block-list\">\n<li>Cookies de sesi\u00f3n, para garantizar que los usuarios que escriban comentarios en el blog sean humanos y no aplicaciones automatizadas. De esta forma se combate el <em>spam<\/em>.<\/li>\n<\/ul>\n\n\n\n<p>Este sitio web utiliza las siguientes <strong>cookies de terceros<\/strong>:<\/p>\n\n\n\n<ul class=\"wp-block-list\">\n<li>Google Analytics: Almacena <em>cookies<\/em> para poder elaborar estad\u00edsticas sobre el tr\u00e1fico y volumen de visitas de esta web. Al utilizar este sitio web est\u00e1 consintiendo el tratamiento de informaci\u00f3n acerca de usted por Google. Por tanto, el ejercicio de cualquier derecho en este sentido deber\u00e1 hacerlo comunicando directamente con Google.<\/li>\n\n\n\n<li>Redes sociales: Cada red social utiliza sus propias <em>cookies<\/em> para que usted pueda pinchar en botones del tipo <em>Me gusta<\/em> o <em>Compartir<\/em>.<\/li>\n<\/ul>\n\n\n\n<h2 class=\"wp-block-heading\" style=\"font-size:20px\">DESACTIVACI\u00d3N O ELIMINACI\u00d3N DE COOKIES<\/h2>\n\n\n\n<p>En cualquier momento podr\u00e1 ejercer su derecho de desactivaci\u00f3n o eliminaci\u00f3n de cookies de este sitio web. Estas acciones se realizan de forma diferente en funci\u00f3n del navegador que est\u00e9 usando. <a href=\"https:\/\/www.nexodreams.com\/mas-informacion-sobre-las-cookies\/#navegadores\">Aqu\u00ed le dejamos una gu\u00eda r\u00e1pida para los navegadores m\u00e1s populares<\/a>.<\/p>\n\n\n\n<h2 class=\"wp-block-heading\" style=\"font-size:20px\">\u00bfQU\u00c9 OCURRE SI DESACTIVO LAS <em>COOKIES<\/em>?<\/h2>\n\n\n\n<p>Para que entienda el alcance que puede tener desactivar las <em>cookies<\/em> le mostramos unos ejemplos:<\/p>\n\n\n\n<ul class=\"wp-block-list\">\n<li>No podr\u00e1 compartir contenidos de esa web en Facebook, Twitter o cualquier otra red social.<\/li>\n\n\n\n<li>El sitio web no podr\u00e1 adaptar los contenidos a sus preferencias personales, como suele ocurrir en las tiendas online.<\/li>\n\n\n\n<li>No podr\u00e1 acceder al \u00e1rea personal de esa web, como por ejemplo <em>Mi cuenta<\/em>, o <em>Mi perfil<\/em> o <em>Mis pedidos<\/em>.<\/li>\n\n\n\n<li>Tiendas online: Le ser\u00e1 imposible realizar compras online, tendr\u00e1n que ser telef\u00f3nicas o visitando la tienda f\u00edsica si es que dispone de ella.<\/li>\n\n\n\n<li>No ser\u00e1 posible personalizar sus preferencias geogr\u00e1ficas como franja horaria, divisa o idioma.<\/li>\n\n\n\n<li>El sitio web no podr\u00e1 realizar anal\u00edticas web sobre visitantes y tr\u00e1fico en la web, lo que dificultar\u00e1 que la web sea competitiva.<\/li>\n\n\n\n<li>No podr\u00e1 escribir en el blog, no podr\u00e1 subir fotos, publicar comentarios, valorar o puntuar contenidos. La web tampoco podr\u00e1 saber si usted es un humano o una aplicaci\u00f3n automatizada que publica <em>spam<\/em>.<\/li>\n\n\n\n<li>No se podr\u00e1 mostrar publicidad sectorizada, lo que reducir\u00e1 los ingresos publicitarios de la web.<\/li>\n\n\n\n<li>Todas las redes sociales usan <em>cookies<\/em>, si las desactiva no podr\u00e1 utilizar ninguna red social.<\/li>\n<\/ul>\n\n\n\n<h2 class=\"wp-block-heading\" style=\"font-size:20px\">\u00bfSE PUEDEN ELIMINAR LAS <em>COOKIES<\/em>?<\/h2>\n\n\n\n<p>S\u00ed. No s\u00f3lo eliminar, tambi\u00e9n bloquear, de forma general o particular para un dominio espec\u00edfico.<\/p>\n\n\n\n<p>Para eliminar las <em>cookies<\/em> de un sitio web debe ir a la configuraci\u00f3n de su navegador y all\u00ed podr\u00e1 buscar las asociadas al dominio en cuesti\u00f3n y proceder a su eliminaci\u00f3n.<\/p>\n\n\n\n<h2 class=\"wp-block-heading\" style=\"font-size:20px\">NOTAS ADICIONALES<\/h2>\n\n\n\n<ul class=\"wp-block-list\">\n<li>Ni esta web ni sus representantes legales se hacen responsables ni del contenido ni de la veracidad de las pol\u00edticas de privacidad que puedan tener los terceros mencionados en esta pol\u00edtica de <em>cookies<\/em>.<\/li>\n\n\n\n<li>Los navegadores web son las herramientas encargadas de almacenar las <em>cookies<\/em> y desde este lugar debe efectuar su derecho a eliminaci\u00f3n o desactivaci\u00f3n de las mismas. Ni esta web ni sus representantes legales pueden garantizar la correcta o incorrecta manipulaci\u00f3n de las <em>cookies<\/em> por parte de los mencionados navegadores.<\/li>\n\n\n\n<li>En algunos casos es necesario instalar <em>cookies<\/em> para que el navegador no olvide su decisi\u00f3n de no aceptaci\u00f3n de las mismas.<\/li>\n\n\n\n<li>En el caso de las <em>cookies<\/em> de Google Analytics, esta empresa almacena las <em>cookies<\/em> en servidores ubicados en Estados Unidos y se compromete a no compartirla con terceros, excepto en los casos en los que sea necesario para el funcionamiento del sistema o cuando la ley obligue a tal efecto. Seg\u00fan Google no guarda su direcci\u00f3n IP. Google Inc. es una compa\u00f1\u00eda adherida al Acuerdo de Puerto Seguro que garantiza que todos los datos transferidos ser\u00e1n tratados con un nivel de protecci\u00f3n acorde a la normativa europea. Puede consultar informaci\u00f3n detallada a este respecto <a href=\"http:\/\/safeharbor.export.gov\/companyinfo.aspx?id=16626\" target=\"_blank\" rel=\"noreferrer noopener\">en este enlace<\/a>. Si desea informaci\u00f3n sobre el uso que Google da a las cookies <a href=\"https:\/\/developers.google.com\/analytics\/devguides\/collection\/analyticsjs\/cookie-usage?hl=es&amp;csw=1\" target=\"_blank\" rel=\"noreferrer noopener\">le adjuntamos este otro enlace<\/a>.<\/li>\n\n\n\n<li>Para cualquier duda o consulta acerca de esta pol\u00edtica de <em>cookies<\/em> no dude en comunicarse con nosotros a trav\u00e9s de la secci\u00f3n de contacto.<\/li>\n<\/ul>\n\n\n\n<p>Si tiene cualquier duda o consulta no dude en ponerse en contacto con Tribe Family: info@ims-sotogrande.com<\/p>\n\n\n\n<div style=\"height:100px\" aria-hidden=\"true\" class=\"wp-block-spacer\"><\/div>\n<\/div><\/div>\n\n<\/div><\/div>","protected":false},"excerpt":{"rendered":"<p>POL\u00cdTICA DE COOKIES En Tribe Family estamos absolutamente comprometidos con la aplicaci\u00f3n de la nueva Ley RGPD (Reglamento General de la Protecci\u00f3n de Datos). Entr\u00f3 en vigor el 25 de mayo de 2016 y fue de aplicaci\u00f3n el 25 de mayo de 2018. A continuaci\u00f3n ofrecemos a nuestros usuarios toda la informaci\u00f3n sobre la \u00abPol\u00edtica&#8230;<\/p>\n","protected":false},"author":3,"featured_media":0,"parent":0,"menu_order":31,"comment_status":"closed","ping_status":"closed","template":"","meta":{"_acf_changed":false,"_seopress_robots_primary_cat":"","_seopress_titles_title":"","_seopress_titles_desc":"","_seopress_robots_index":"","_kad_blocks_custom_css":"","_kad_blocks_head_custom_js":"","_kad_blocks_body_custom_js":"","_kad_blocks_footer_custom_js":"","_kad_post_transparent":"","_kad_post_title":"","_kad_post_layout":"narrow","_kad_post_sidebar_id":"","_kad_post_content_style":"","_kad_post_vertical_padding":"","_kad_post_feature":"","_kad_post_feature_position":"","_kad_post_header":false,"_kad_post_footer":false,"footnotes":""},"class_list":["post-8141","page","type-page","status-publish","hentry"],"acf":[],"taxonomy_info":[],"featured_image_src_large":false,"author_info":{"display_name":"IMS Sotogrande Montessori","author_link":"https:\/\/oldims.nexodreams.com\/es\/author\/ims-sotograndes\/"},"comment_info":0,"_links":{"self":[{"href":"https:\/\/oldims.nexodreams.com\/es\/wp-json\/wp\/v2\/pages\/8141","targetHints":{"allow":["GET"]}}],"collection":[{"href":"https:\/\/oldims.nexodreams.com\/es\/wp-json\/wp\/v2\/pages"}],"about":[{"href":"https:\/\/oldims.nexodreams.com\/es\/wp-json\/wp\/v2\/types\/page"}],"author":[{"embeddable":true,"href":"https:\/\/oldims.nexodreams.com\/es\/wp-json\/wp\/v2\/users\/3"}],"replies":[{"embeddable":true,"href":"https:\/\/oldims.nexodreams.com\/es\/wp-json\/wp\/v2\/comments?post=8141"}],"version-history":[{"count":6,"href":"https:\/\/oldims.nexodreams.com\/es\/wp-json\/wp\/v2\/pages\/8141\/revisions"}],"predecessor-version":[{"id":8456,"href":"https:\/\/oldims.nexodreams.com\/es\/wp-json\/wp\/v2\/pages\/8141\/revisions\/8456"}],"wp:attachment":[{"href":"https:\/\/oldims.nexodreams.com\/es\/wp-json\/wp\/v2\/media?parent=8141"}],"curies":[{"name":"wp","href":"https:\/\/api.w.org\/{rel}","templated":true}]}}